{"id":5548,"date":"2025-10-27T17:00:00","date_gmt":"2025-10-27T14:00:00","guid":{"rendered":"https:\/\/gazbeton.kcs.com.tr\/?page_id=5548"},"modified":"2025-10-30T16:50:50","modified_gmt":"2025-10-30T13:50:50","slug":"gazbeton-blok-orgu-harci","status":"publish","type":"page","link":"https:\/\/gazbeton.kcs.com.tr\/en\/gazbeton-blok-orgu-harci\/","title":{"rendered":"Gazbeton Blok \u00d6rg\u00fc Harc\u0131"},"content":{"rendered":"<div class=\"fusion-fullwidth fullwidth-box fusion-builder-row-1 fusion-flex-container has-pattern-background has-mask-background nonhundred-percent-fullwidth non-hundred-percent-height-scrolling\" style=\"--awb-border-radius-top-left:0px;--awb-border-radius-top-right:0px;--awb-border-radius-bottom-right:0px;--awb-border-radius-bottom-left:0px;--awb-flex-wrap:wrap;\" ><div class=\"fusion-builder-row fusion-row fusion-flex-align-items-flex-start fusion-flex-content-wrap\" style=\"max-width:1216.8px;margin-left: calc(-4% \/ 2 );margin-right: calc(-4% \/ 2 );\"><div class=\"fusion-layout-column fusion_builder_column fusion-builder-column-0 fusion_builder_column_1_2 1_2 fusion-flex-column\" style=\"--awb-bg-size:cover;--awb-width-large:50%;--awb-margin-top-large:0px;--awb-spacing-right-large:3.84%;--awb-margin-bottom-large:20px;--awb-spacing-left-large:3.84%;--awb-width-medium:100%;--awb-order-medium:0;--awb-spacing-right-medium:1.92%;--awb-spacing-left-medium:1.92%;--awb-width-small:100%;--awb-order-small:0;--awb-spacing-right-small:1.92%;--awb-spacing-left-small:1.92%;\"><div class=\"fusion-column-wrapper fusion-column-has-shadow fusion-flex-justify-content-flex-start fusion-content-layout-column\"><div class=\"fusion-image-element\" style=\"text-align:center;--awb-aspect-ratio: 100 \/ 101;--awb-caption-title-font-family:var(--h2_typography-font-family);--awb-caption-title-font-weight:var(--h2_typography-font-weight);--awb-caption-title-font-style:var(--h2_typography-font-style);--awb-caption-title-size:var(--h2_typography-font-size);--awb-caption-title-transform:var(--h2_typography-text-transform);--awb-caption-title-line-height:var(--h2_typography-line-height);--awb-caption-title-letter-spacing:var(--h2_typography-letter-spacing);\"><span class=\"fusion-imageframe imageframe-none imageframe-1 hover-type-none has-aspect-ratio\"><img decoding=\"async\" width=\"300\" height=\"300\" src=\"https:\/\/gazbeton.kcs.com.tr\/wp-content\/uploads\/2025\/10\/orgu-harci-clean-1599792896-600x600-1.jpg\" data-orig-src=\"https:\/\/gazbeton.kcs.com.tr\/wp-content\/uploads\/2025\/10\/orgu-harci-clean-1599792896-600x600-1-300x300.jpg\" class=\"lazyload img-responsive wp-image-5591 img-with-aspect-ratio\" data-parent-fit=\"cover\" data-parent-container=\".fusion-image-element\" alt srcset=\"data:image\/svg+xml,%3Csvg%20xmlns%3D%27http%3A%2F%2Fwww.w3.org%2F2000%2Fsvg%27%20width%3D%27600%27%20height%3D%27600%27%20viewBox%3D%270%200%20600%20600%27%3E%3Crect%20width%3D%27600%27%20height%3D%27600%27%20fill-opacity%3D%220%22%2F%3E%3C%2Fsvg%3E\" data-srcset=\"https:\/\/gazbeton.kcs.com.tr\/wp-content\/uploads\/2025\/10\/orgu-harci-clean-1599792896-600x600-1-200x200.jpg 200w, https:\/\/gazbeton.kcs.com.tr\/wp-content\/uploads\/2025\/10\/orgu-harci-clean-1599792896-600x600-1-400x400.jpg 400w, https:\/\/gazbeton.kcs.com.tr\/wp-content\/uploads\/2025\/10\/orgu-harci-clean-1599792896-600x600-1.jpg 600w\" data-sizes=\"auto\" data-orig-sizes=\"(max-width: 1024px) 100vw, (max-width: 640px) 100vw, 300px\" \/><\/span><\/div><\/div><\/div><div class=\"fusion-layout-column fusion_builder_column fusion-builder-column-1 fusion_builder_column_1_2 1_2 fusion-flex-column\" style=\"--awb-bg-size:cover;--awb-width-large:50%;--awb-margin-top-large:0px;--awb-spacing-right-large:3.84%;--awb-margin-bottom-large:20px;--awb-spacing-left-large:3.84%;--awb-width-medium:100%;--awb-order-medium:0;--awb-spacing-right-medium:1.92%;--awb-spacing-left-medium:1.92%;--awb-width-small:100%;--awb-order-small:0;--awb-spacing-right-small:1.92%;--awb-spacing-left-small:1.92%;\"><div class=\"fusion-column-wrapper fusion-column-has-shadow fusion-flex-justify-content-flex-start fusion-content-layout-column\"><div class=\"fusion-title title fusion-title-1 fusion-title-text fusion-title-size-one\" style=\"--awb-text-color:#003087;--awb-sep-color:#c8a977;--awb-font-size:35px;\"><div class=\"title-sep-container title-sep-container-left fusion-no-large-visibility fusion-no-medium-visibility fusion-no-small-visibility\"><div class=\"title-sep sep-single sep-solid\" style=\"border-color:#c8a977;\"><\/div><\/div><span class=\"awb-title-spacer fusion-no-large-visibility fusion-no-medium-visibility fusion-no-small-visibility\"><\/span><h1 class=\"fusion-title-heading title-heading-left fusion-responsive-typography-calculated\" style=\"font-family:&quot;Poppins&quot;;font-style:normal;font-weight:400;margin:0;text-transform:capitalize;font-size:1em;--fontSize:35;line-height:var(--awb-typography1-line-height);\">\u00dcr\u00fcn Tipi<\/h1><span class=\"awb-title-spacer\"><\/span><div class=\"title-sep-container title-sep-container-right\"><div class=\"title-sep sep-single sep-solid\" style=\"border-color:#c8a977;\"><\/div><\/div><\/div><div class=\"fusion-text fusion-text-1\" style=\"--awb-font-size:24px;--awb-text-color:#003087;--awb-text-font-family:&quot;Poppins&quot;;--awb-text-font-style:normal;--awb-text-font-weight:400;\"><p>GAZBETON BLOK \u00d6RG\u00dc HARCI<\/p>\n<\/div><div class=\"fusion-title title fusion-title-2 fusion-title-text fusion-title-size-one\" style=\"--awb-text-color:#003087;--awb-sep-color:#c8a977;--awb-font-size:35px;\"><div class=\"title-sep-container title-sep-container-left fusion-no-large-visibility fusion-no-medium-visibility fusion-no-small-visibility\"><div class=\"title-sep sep-single sep-solid\" style=\"border-color:#c8a977;\"><\/div><\/div><span class=\"awb-title-spacer fusion-no-large-visibility fusion-no-medium-visibility fusion-no-small-visibility\"><\/span><h1 class=\"fusion-title-heading title-heading-left fusion-responsive-typography-calculated\" style=\"font-family:&quot;Poppins&quot;;font-style:normal;font-weight:400;margin:0;text-transform:capitalize;font-size:1em;--fontSize:35;line-height:var(--awb-typography1-line-height);\">\u00dcr\u00fcn Standard\u0131<\/h1><span class=\"awb-title-spacer\"><\/span><div class=\"title-sep-container title-sep-container-right\"><div class=\"title-sep sep-single sep-solid\" style=\"border-color:#c8a977;\"><\/div><\/div><\/div><div class=\"fusion-text fusion-text-2\" style=\"--awb-font-size:14px;--awb-text-color:#003087;--awb-text-font-family:&quot;Poppins&quot;;--awb-text-font-style:normal;--awb-text-font-weight:400;\"><p>TS EN 998-2<\/p>\n<\/div><div class=\"fusion-title title fusion-title-3 fusion-title-text fusion-title-size-one\" style=\"--awb-text-color:#003087;--awb-sep-color:#c8a977;--awb-font-size:35px;\"><div class=\"title-sep-container title-sep-container-left fusion-no-large-visibility fusion-no-medium-visibility fusion-no-small-visibility\"><div class=\"title-sep sep-single sep-solid\" style=\"border-color:#c8a977;\"><\/div><\/div><span class=\"awb-title-spacer fusion-no-large-visibility fusion-no-medium-visibility fusion-no-small-visibility\"><\/span><h1 class=\"fusion-title-heading title-heading-left fusion-responsive-typography-calculated\" style=\"font-family:&quot;Poppins&quot;;font-style:normal;font-weight:400;margin:0;text-transform:capitalize;font-size:1em;--fontSize:35;line-height:var(--awb-typography1-line-height);\">\u00dcr\u00fcn Tan\u0131m\u0131<\/h1><span class=\"awb-title-spacer\"><\/span><div class=\"title-sep-container title-sep-container-right\"><div class=\"title-sep sep-single sep-solid\" style=\"border-color:#c8a977;\"><\/div><\/div><\/div><div class=\"fusion-text fusion-text-3\" style=\"--awb-font-size:14px;--awb-text-color:#003087;--awb-text-font-family:&quot;Poppins&quot;;--awb-text-font-style:normal;--awb-text-font-weight:400;\"><p><strong>K\u00c7S Kipa\u015f Gazbeton \u00d6rg\u00fc Harc\u0131,<\/strong><\/p>\n<p>\u00c7imento esasl\u0131, M10 dayan\u0131m s\u0131n\u0131f\u0131nda Gazbeton bloklarla duvar \u00f6rmek i\u00e7in \u00f6zel olarak geli\u015ftirilmi\u015f \u00fcst\u00fcn performansl\u0131 bir haz\u0131r har\u00e7t\u0131r. Bloklar\u0131n birbirine sa\u011flam bir \u015fekilde yap\u0131\u015fmas\u0131n\u0131 sa\u011flar.&nbsp;<\/p>\n<\/div><\/div><\/div><div class=\"fusion-layout-column fusion_builder_column fusion-builder-column-2 fusion_builder_column_1_1 1_1 fusion-flex-column\" style=\"--awb-bg-size:cover;--awb-width-large:100%;--awb-margin-top-large:0px;--awb-spacing-right-large:1.92%;--awb-margin-bottom-large:20px;--awb-spacing-left-large:1.92%;--awb-width-medium:100%;--awb-order-medium:0;--awb-spacing-right-medium:1.92%;--awb-spacing-left-medium:1.92%;--awb-width-small:100%;--awb-order-small:0;--awb-spacing-right-small:1.92%;--awb-spacing-left-small:1.92%;\"><div class=\"fusion-column-wrapper fusion-column-has-shadow fusion-flex-justify-content-flex-start fusion-content-layout-column\"><div class=\"fusion-title title fusion-title-4 fusion-title-text fusion-title-size-one\" style=\"--awb-text-color:#003087;--awb-sep-color:#c8a977;--awb-font-size:35px;\"><div class=\"title-sep-container title-sep-container-left fusion-no-large-visibility fusion-no-medium-visibility fusion-no-small-visibility\"><div class=\"title-sep sep-single sep-solid\" style=\"border-color:#c8a977;\"><\/div><\/div><span class=\"awb-title-spacer fusion-no-large-visibility fusion-no-medium-visibility fusion-no-small-visibility\"><\/span><h1 class=\"fusion-title-heading title-heading-left fusion-responsive-typography-calculated\" style=\"font-family:&quot;Poppins&quot;;font-style:normal;font-weight:400;margin:0;text-transform:capitalize;font-size:1em;--fontSize:35;line-height:var(--awb-typography1-line-height);\">Kullan\u0131m Alan\u0131<\/h1><span class=\"awb-title-spacer\"><\/span><div class=\"title-sep-container title-sep-container-right\"><div class=\"title-sep sep-single sep-solid\" style=\"border-color:#c8a977;\"><\/div><\/div><\/div><div class=\"fusion-text fusion-text-4\" style=\"--awb-font-size:14px;--awb-text-color:#003087;--awb-text-font-family:&quot;Poppins&quot;;--awb-text-font-style:normal;--awb-text-font-weight:400;\"><p><strong>K\u00c7S Kipa\u015f Gazbeton \u00d6rg\u00fc Harc\u0131;<\/strong><\/p>\n<ul>\n<li>TS EN 998\u20132 standard\u0131na uygun olarak \u00fcretilir ve \u00fcst\u00fcn yap\u0131\u015fma performans\u0131yla sa\u011flam duvarlar olu\u015fturur ve deprem g\u00fcvenli\u011fi sa\u011flar.<\/li>\n<li>Derz kal\u0131nl\u0131klar\u0131n\u0131 minimize ederek, \u0131s\u0131 k\u00f6pr\u00fclerini engeller, \u0131s\u0131 yal\u0131t\u0131m\u0131n\u0131n g\u00fcc\u00fcn\u00fc art\u0131r\u0131r.<\/li>\n<li>Ta\u015f\u0131ma kolayl\u0131\u011f\u0131 sa\u011flayan 25 kg\u2019l\u0131k polietilen takviyeli Kraft ya da PP torbalarda sunulur, raf \u00f6mr\u00fc; rutubetsiz ortamda, en fazla 10 kat istifle, orijinal ambalaj\u0131nda 6 ayd\u0131r.<\/li>\n<\/ul>\n<\/div><\/div><\/div><div class=\"fusion-layout-column fusion_builder_column fusion-builder-column-3 fusion_builder_column_1_1 1_1 fusion-flex-column\" style=\"--awb-bg-size:cover;--awb-width-large:100%;--awb-margin-top-large:0px;--awb-spacing-right-large:1.92%;--awb-margin-bottom-large:20px;--awb-spacing-left-large:1.92%;--awb-width-medium:100%;--awb-order-medium:0;--awb-spacing-right-medium:1.92%;--awb-spacing-left-medium:1.92%;--awb-width-small:100%;--awb-order-small:0;--awb-spacing-right-small:1.92%;--awb-spacing-left-small:1.92%;\"><div class=\"fusion-column-wrapper fusion-column-has-shadow fusion-flex-justify-content-flex-start fusion-content-layout-column\"><div class=\"fusion-title title fusion-title-5 fusion-title-text fusion-title-size-one\" style=\"--awb-text-color:#003087;--awb-sep-color:#c8a977;--awb-font-size:35px;\"><div class=\"title-sep-container title-sep-container-left fusion-no-large-visibility fusion-no-medium-visibility fusion-no-small-visibility\"><div class=\"title-sep sep-single sep-solid\" style=\"border-color:#c8a977;\"><\/div><\/div><span class=\"awb-title-spacer fusion-no-large-visibility fusion-no-medium-visibility fusion-no-small-visibility\"><\/span><h1 class=\"fusion-title-heading title-heading-left fusion-responsive-typography-calculated\" style=\"font-family:&quot;Poppins&quot;;font-style:normal;font-weight:400;margin:0;text-transform:capitalize;font-size:1em;--fontSize:35;line-height:var(--awb-typography1-line-height);\">Detay Tablosu<\/h1><span class=\"awb-title-spacer\"><\/span><div class=\"title-sep-container title-sep-container-right\"><div class=\"title-sep sep-single sep-solid\" style=\"border-color:#c8a977;\"><\/div><\/div><\/div><div class=\"fusion-text fusion-text-5\" style=\"--awb-font-size:20px;--awb-text-color:#003087;--awb-text-font-family:&quot;Poppins&quot;;--awb-text-font-style:normal;--awb-text-font-weight:400;\"><p style=\"text-align: center;\"><strong>K\u00c7S K\u0130PA\u015e GAZBETON \u00d6RG\u00dc HARCI \u00dcR\u00dcNLER\u0130 TEKN\u0130K \u00d6ZELL\u0130KLER\u0130<\/strong><\/p>\n<\/div>\n<div class=\"table-1\">\n<p>&nbsp;<\/p>\n<table width=\"100%\">\n<thead>\n<tr>\n<th align=\"left\">\u00dcR\u00dcNLER<\/th>\n<th align=\"left\">D\u00fczeltilme S\u00fcresi (dk)<\/th>\n<th align=\"left\">\u0130\u015flenebilme S\u00fcresi (dk)<\/th>\n<th align=\"left\">Klor\u00fcr \u0130\u00e7eri\u011fi (%)<\/th>\n<th align=\"left\">Hava \u0130\u00e7eri\u011fi (%)<\/th>\n<th align=\"left\">Bas\u0131n\u00e7 Dayan\u0131m S\u0131n\u0131f\u0131<\/th>\n<th align=\"left\"><strong>Kuru Yo\u011funluk (Kg\/m\u00b3)<\/strong><\/th>\n<th align=\"left\"><strong>Is\u0131l \u0130letkenlik&nbsp;\u03bbh dry W\/m.K<\/strong><\/th>\n<\/tr>\n<\/thead>\n<tbody>\n<tr>\n<td align=\"left\">TASARLANMI\u015e \u0130NCE TABAKA HARCI<\/td>\n<td align=\"left\">En Az 6<\/td>\n<td align=\"left\">En Az 240<\/td>\n<td align=\"left\">En Fazla 0,1<\/td>\n<td align=\"left\">En Fazla 20<\/td>\n<td align=\"left\">M10<\/td>\n<td align=\"left\">1500\u00b1100<\/td>\n<td align=\"left\">0,49<\/td>\n<\/tr>\n<\/tbody>\n<\/table>\n<\/div>\n<div class=\"fusion-text fusion-text-6\" style=\"--awb-font-size:14px;--awb-text-color:#003087;--awb-margin-top:55px;--awb-text-font-family:&quot;Poppins&quot;;--awb-text-font-style:normal;--awb-text-font-weight:400;\"><p><strong>TEKN\u0130K \u00d6ZELL\u0130KLER\u0130<\/strong><\/p>\n<p>Renk                                             : Gri<\/p>\n<p>Uygulama S\u0131cakl\u0131\u011f\u0131                    : +5<sup>o<\/sup>C  ile +35<sup>o<\/sup>C asras\u0131 (Ortam ve zemin s\u0131cakl\u0131\u011f\u0131)<\/p>\n<p>Kar\u0131\u015f\u0131m Oran\u0131                              : 25 kg (torba) kuru har\u00e7 i\u00e7in yakla\u015f\u0131k 7 litre su<\/p>\n<p>Kap \u00d6mr\u00fc                                    : 4 saat<\/p>\n<p>T\u00fcketim Miktar\u0131                           : Uygulamaya ba\u011fl\u0131 olarak, yakla\u015f\u0131k 4 kg\/m<sup>2<\/sup> \u2018dir<\/p>\n<p>Bas\u0131n\u00e7 Dayan\u0131m\u0131                        : Min 10 N\/mm<sup>2<\/sup><\/p>\n<p>Ba\u011f Dayan\u0131m\u0131                             : Min 0.3 N\/mm<sup>2<\/sup><\/p>\n<\/div><\/div><\/div><div class=\"fusion-layout-column fusion_builder_column fusion-builder-column-4 fusion_builder_column_1_1 1_1 fusion-flex-column\" style=\"--awb-bg-size:cover;--awb-width-large:100%;--awb-margin-top-large:0px;--awb-spacing-right-large:1.92%;--awb-margin-bottom-large:20px;--awb-spacing-left-large:1.92%;--awb-width-medium:100%;--awb-order-medium:0;--awb-spacing-right-medium:1.92%;--awb-spacing-left-medium:1.92%;--awb-width-small:100%;--awb-order-small:0;--awb-spacing-right-small:1.92%;--awb-spacing-left-small:1.92%;\"><div class=\"fusion-column-wrapper fusion-column-has-shadow fusion-flex-justify-content-flex-start fusion-content-layout-column\"><div class=\"fusion-text fusion-text-7\" style=\"--awb-font-size:20px;--awb-text-color:#003087;--awb-margin-top:25px;--awb-text-font-family:&quot;Poppins&quot;;--awb-text-font-style:normal;--awb-text-font-weight:400;\"><p><strong>GAZBETON \u00d6RG\u00dc HARCI KULLANIM M\u0130KTARLARI<\/strong><\/p>\n<\/div>\n<div class=\"table-1\">\n<table width=\"100%\">\n<thead>\n<tr>\n<th align=\"left\"><strong>Duvar Kal\u0131nl\u0131\u011f\u0131 (cm)<\/strong><\/th>\n<th align=\"left\"><strong>K\u00c7S Gazbeton \u00d6rg\u00fc Harc\u0131 M10(Kg\/m\u00b2)<\/strong><\/th>\n<\/tr>\n<\/thead>\n<tbody>\n<tr>\n<td align=\"left\">9<\/td>\n<td align=\"left\">1.50<\/td>\n<\/tr>\n<tr>\n<td align=\"left\">10<\/td>\n<td align=\"left\">1.55<\/td>\n<\/tr>\n<tr>\n<td align=\"left\">12.5<\/td>\n<td align=\"left\">1.90<\/td>\n<\/tr>\n<tr>\n<td align=\"left\">13.5<\/td>\n<td align=\"left\">2.00<\/td>\n<\/tr>\n<tr>\n<td align=\"left\">15<\/td>\n<td align=\"left\">2.40<\/td>\n<\/tr>\n<tr>\n<td align=\"left\">17.5<\/td>\n<td align=\"left\">2.80<\/td>\n<\/tr>\n<tr>\n<td align=\"left\">19<\/td>\n<td align=\"left\">3.00<\/td>\n<\/tr>\n<tr>\n<td align=\"left\">20<\/td>\n<td align=\"left\">3.40<\/td>\n<\/tr>\n<tr>\n<td align=\"left\">25<\/td>\n<td align=\"left\">3.80<\/td>\n<\/tr>\n<tr>\n<td align=\"left\">30<\/td>\n<td align=\"left\">4.50<\/td>\n<\/tr>\n<\/tbody>\n<\/table>\n<\/div>\n<\/div><\/div><\/div><\/div>","protected":false},"excerpt":{"rendered":"","protected":false},"author":1,"featured_media":0,"parent":0,"menu_order":0,"comment_status":"closed","ping_status":"closed","template":"","meta":{"footnotes":""},"class_list":["post-5548","page","type-page","status-publish","hentry"],"_links":{"self":[{"href":"https:\/\/gazbeton.kcs.com.tr\/en\/wp-json\/wp\/v2\/pages\/5548","targetHints":{"allow":["GET"]}}],"collection":[{"href":"https:\/\/gazbeton.kcs.com.tr\/en\/wp-json\/wp\/v2\/pages"}],"about":[{"href":"https:\/\/gazbeton.kcs.com.tr\/en\/wp-json\/wp\/v2\/types\/page"}],"author":[{"embeddable":true,"href":"https:\/\/gazbeton.kcs.com.tr\/en\/wp-json\/wp\/v2\/users\/1"}],"replies":[{"embeddable":true,"href":"https:\/\/gazbeton.kcs.com.tr\/en\/wp-json\/wp\/v2\/comments?post=5548"}],"version-history":[{"count":3,"href":"https:\/\/gazbeton.kcs.com.tr\/en\/wp-json\/wp\/v2\/pages\/5548\/revisions"}],"predecessor-version":[{"id":5595,"href":"https:\/\/gazbeton.kcs.com.tr\/en\/wp-json\/wp\/v2\/pages\/5548\/revisions\/5595"}],"wp:attachment":[{"href":"https:\/\/gazbeton.kcs.com.tr\/en\/wp-json\/wp\/v2\/media?parent=5548"}],"curies":[{"name":"wp","href":"https:\/\/api.w.org\/{rel}","templated":true}]}}