{"id":5546,"date":"2025-10-27T16:59:15","date_gmt":"2025-10-27T13:59:15","guid":{"rendered":"https:\/\/gazbeton.kcs.com.tr\/?page_id=5546"},"modified":"2025-10-30T16:29:11","modified_gmt":"2025-10-30T13:29:11","slug":"thermaxl-isi-yalitim-levhasi","status":"publish","type":"page","link":"https:\/\/gazbeton.kcs.com.tr\/en\/thermaxl-isi-yalitim-levhasi\/","title":{"rendered":"Thermaxl Is\u0131 Yal\u0131t\u0131m Levhas\u0131"},"content":{"rendered":"<div class=\"fusion-fullwidth fullwidth-box fusion-builder-row-1 fusion-flex-container has-pattern-background has-mask-background nonhundred-percent-fullwidth non-hundred-percent-height-scrolling\" style=\"--awb-border-radius-top-left:0px;--awb-border-radius-top-right:0px;--awb-border-radius-bottom-right:0px;--awb-border-radius-bottom-left:0px;--awb-flex-wrap:wrap;\" ><div class=\"fusion-builder-row fusion-row fusion-flex-align-items-flex-start fusion-flex-content-wrap\" style=\"max-width:1216.8px;margin-left: calc(-4% \/ 2 );margin-right: calc(-4% \/ 2 );\"><div class=\"fusion-layout-column fusion_builder_column fusion-builder-column-0 fusion_builder_column_1_2 1_2 fusion-flex-column\" style=\"--awb-bg-size:cover;--awb-width-large:50%;--awb-margin-top-large:0px;--awb-spacing-right-large:3.84%;--awb-margin-bottom-large:20px;--awb-spacing-left-large:3.84%;--awb-width-medium:100%;--awb-order-medium:0;--awb-spacing-right-medium:1.92%;--awb-spacing-left-medium:1.92%;--awb-width-small:100%;--awb-order-small:0;--awb-spacing-right-small:1.92%;--awb-spacing-left-small:1.92%;\"><div class=\"fusion-column-wrapper fusion-column-has-shadow fusion-flex-justify-content-flex-start fusion-content-layout-column\"><div class=\"fusion-image-element\" style=\"text-align:center;--awb-aspect-ratio: 100 \/ 102;--awb-caption-title-font-family:var(--h2_typography-font-family);--awb-caption-title-font-weight:var(--h2_typography-font-weight);--awb-caption-title-font-style:var(--h2_typography-font-style);--awb-caption-title-size:var(--h2_typography-font-size);--awb-caption-title-transform:var(--h2_typography-text-transform);--awb-caption-title-line-height:var(--h2_typography-line-height);--awb-caption-title-letter-spacing:var(--h2_typography-letter-spacing);\"><span class=\"fusion-imageframe imageframe-none imageframe-1 hover-type-none has-aspect-ratio\"><img decoding=\"async\" width=\"300\" height=\"207\" src=\"https:\/\/gazbeton.kcs.com.tr\/wp-content\/uploads\/2025\/10\/Ye125-1200x826-1.png\" data-orig-src=\"https:\/\/gazbeton.kcs.com.tr\/wp-content\/uploads\/2025\/10\/Ye125-1200x826-1-300x207.png\" class=\"lazyload img-responsive wp-image-5587 img-with-aspect-ratio\" data-parent-fit=\"cover\" data-parent-container=\".fusion-image-element\" alt srcset=\"data:image\/svg+xml,%3Csvg%20xmlns%3D%27http%3A%2F%2Fwww.w3.org%2F2000%2Fsvg%27%20width%3D%271200%27%20height%3D%27826%27%20viewBox%3D%270%200%201200%20826%27%3E%3Crect%20width%3D%271200%27%20height%3D%27826%27%20fill-opacity%3D%220%22%2F%3E%3C%2Fsvg%3E\" data-srcset=\"https:\/\/gazbeton.kcs.com.tr\/wp-content\/uploads\/2025\/10\/Ye125-1200x826-1-200x138.png 200w, https:\/\/gazbeton.kcs.com.tr\/wp-content\/uploads\/2025\/10\/Ye125-1200x826-1-400x275.png 400w, https:\/\/gazbeton.kcs.com.tr\/wp-content\/uploads\/2025\/10\/Ye125-1200x826-1-600x413.png 600w, https:\/\/gazbeton.kcs.com.tr\/wp-content\/uploads\/2025\/10\/Ye125-1200x826-1-800x551.png 800w, https:\/\/gazbeton.kcs.com.tr\/wp-content\/uploads\/2025\/10\/Ye125-1200x826-1.png 1200w\" data-sizes=\"auto\" data-orig-sizes=\"(max-width: 1024px) 100vw, (max-width: 640px) 100vw, 600px\" \/><\/span><\/div><\/div><\/div><div class=\"fusion-layout-column fusion_builder_column fusion-builder-column-1 fusion_builder_column_1_2 1_2 fusion-flex-column\" style=\"--awb-bg-size:cover;--awb-width-large:50%;--awb-margin-top-large:0px;--awb-spacing-right-large:3.84%;--awb-margin-bottom-large:20px;--awb-spacing-left-large:3.84%;--awb-width-medium:100%;--awb-order-medium:0;--awb-spacing-right-medium:1.92%;--awb-spacing-left-medium:1.92%;--awb-width-small:100%;--awb-order-small:0;--awb-spacing-right-small:1.92%;--awb-spacing-left-small:1.92%;\"><div class=\"fusion-column-wrapper fusion-column-has-shadow fusion-flex-justify-content-flex-start fusion-content-layout-column\"><div class=\"fusion-title title fusion-title-1 fusion-title-text fusion-title-size-one\" style=\"--awb-text-color:#003087;--awb-sep-color:#c8a977;--awb-font-size:35px;\"><div class=\"title-sep-container title-sep-container-left fusion-no-large-visibility fusion-no-medium-visibility fusion-no-small-visibility\"><div class=\"title-sep sep-single sep-solid\" style=\"border-color:#c8a977;\"><\/div><\/div><span class=\"awb-title-spacer fusion-no-large-visibility fusion-no-medium-visibility fusion-no-small-visibility\"><\/span><h1 class=\"fusion-title-heading title-heading-left fusion-responsive-typography-calculated\" style=\"font-family:&quot;Poppins&quot;;font-style:normal;font-weight:400;margin:0;text-transform:capitalize;font-size:1em;--fontSize:35;line-height:var(--awb-typography1-line-height);\">\u00dcr\u00fcn Tipi<\/h1><span class=\"awb-title-spacer\"><\/span><div class=\"title-sep-container title-sep-container-right\"><div class=\"title-sep sep-single sep-solid\" style=\"border-color:#c8a977;\"><\/div><\/div><\/div><div class=\"fusion-text fusion-text-1\" style=\"--awb-font-size:24px;--awb-text-color:#003087;--awb-text-font-family:&quot;Poppins&quot;;--awb-text-font-style:normal;--awb-text-font-weight:400;\"><p>Thermaxl Is\u0131 Yal\u0131t\u0131m Levhas\u0131<\/p>\n<\/div><div class=\"fusion-title title fusion-title-2 fusion-title-text fusion-title-size-one\" style=\"--awb-text-color:#003087;--awb-sep-color:#c8a977;--awb-font-size:35px;\"><div class=\"title-sep-container title-sep-container-left fusion-no-large-visibility fusion-no-medium-visibility fusion-no-small-visibility\"><div class=\"title-sep sep-single sep-solid\" style=\"border-color:#c8a977;\"><\/div><\/div><span class=\"awb-title-spacer fusion-no-large-visibility fusion-no-medium-visibility fusion-no-small-visibility\"><\/span><h1 class=\"fusion-title-heading title-heading-left fusion-responsive-typography-calculated\" style=\"font-family:&quot;Poppins&quot;;font-style:normal;font-weight:400;margin:0;text-transform:capitalize;font-size:1em;--fontSize:35;line-height:var(--awb-typography1-line-height);\">\u00dcr\u00fcn Standard\u0131<\/h1><span class=\"awb-title-spacer\"><\/span><div class=\"title-sep-container title-sep-container-right\"><div class=\"title-sep sep-single sep-solid\" style=\"border-color:#c8a977;\"><\/div><\/div><\/div><div class=\"fusion-text fusion-text-2\" style=\"--awb-font-size:14px;--awb-text-color:#003087;--awb-text-font-family:&quot;Poppins&quot;;--awb-text-font-style:normal;--awb-text-font-weight:400;\"><p>TS 13729<\/p>\n<\/div><div class=\"fusion-title title fusion-title-3 fusion-title-text fusion-title-size-one\" style=\"--awb-text-color:#003087;--awb-sep-color:#c8a977;--awb-font-size:35px;\"><div class=\"title-sep-container title-sep-container-left fusion-no-large-visibility fusion-no-medium-visibility fusion-no-small-visibility\"><div class=\"title-sep sep-single sep-solid\" style=\"border-color:#c8a977;\"><\/div><\/div><span class=\"awb-title-spacer fusion-no-large-visibility fusion-no-medium-visibility fusion-no-small-visibility\"><\/span><h1 class=\"fusion-title-heading title-heading-left fusion-responsive-typography-calculated\" style=\"font-family:&quot;Poppins&quot;;font-style:normal;font-weight:400;margin:0;text-transform:capitalize;font-size:1em;--fontSize:35;line-height:var(--awb-typography1-line-height);\">\u00dcr\u00fcn Tan\u0131m\u0131<\/h1><span class=\"awb-title-spacer\"><\/span><div class=\"title-sep-container title-sep-container-right\"><div class=\"title-sep sep-single sep-solid\" style=\"border-color:#c8a977;\"><\/div><\/div><\/div><div class=\"fusion-text fusion-text-3\" style=\"--awb-font-size:14px;--awb-text-color:#003087;--awb-text-font-family:&quot;Poppins&quot;;--awb-text-font-style:normal;--awb-text-font-weight:400;\"><p>Therma<strong>x<\/strong>l, K\u00c7S K\u0130PA\u015e Gazbeton \u2019un en y\u00fcksek teknolojiye sahip fabrikas\u0131 olan Ayd\u0131n S\u00f6ke\u2019deki, lokasyonunda \u00fcretilmektedir.<\/p>\n<p>Therma<strong>x<\/strong>l&nbsp;Avrupa Teknik Onay Organizasyonu (EOTA) taraf\u0131ndan<b>&nbsp;<\/b>ETA 22\/0267&nbsp;&nbsp;(Avrupa Teknik Onay) belgesi ile Therma<strong>x<\/strong>l&nbsp;0,044 W\/m.K \u0131s\u0131l iletkenlik hesap de\u011feri belgelendirilmi\u015ftir.<\/p>\n<p>Therma<strong>x<\/strong>l sayesinde kolon ve kiri\u015fler rahatl\u0131kla kaplan\u0131p son derece simetrik d\u00fczg\u00fcn bir cephe olu\u015fturabilmektedir.<\/p>\n<p>Therma<strong>x<\/strong>l\u2019nin bir di\u011fer \u00f6nemli bir kullan\u0131m alan\u0131 da otopark ve benzer yap\u0131lar\u0131n tavanlar\u0131, bildi\u011fi \u00fczere al\u0131\u015fveri\u015f merkezlerinin ve binalar\u0131n alt katlar\u0131 yo\u011fun olarak otopark olarak in\u015fa ediliyor yang\u0131na dayan\u0131kl\u0131 ve uzun \u00f6m\u00fcrl\u00fc bir malzeme ile kaplanmas\u0131 elzem oldu\u011fu i\u00e7in Therma<strong>x<\/strong>l buralarda t\u00fcm beklentileri kar\u015f\u0131lamaktad\u0131r.<\/p>\n<p>Therma<strong>x<\/strong>l&nbsp;standart gazbetonlardan yakla\u015f\u0131k d\u00f6rt&nbsp;kat daha hafiftir.<\/p>\n<p>Herhangi bir kesici cisim ile \u00e7ok kolay kesilebilir ve \u015fekil verilebilir.<\/p>\n<p>Therma<strong>x<\/strong>l \u00fcr\u00fcn\u00fc A1 s\u0131n\u0131f\u0131 hi\u00e7 yanmaz \u00fcr\u00fcn grubundad\u0131r.<\/p>\n<p>Yap\u0131lardaki \u00f6mr\u00fc, yap\u0131n\u0131n ekonomik \u00f6zg\u00fcrl\u00fc\u011f\u00fcn\u00fc yitirene kadar devam ettirebilmektedir.<\/p>\n<p>Therma<strong>x<\/strong>l tamamen ekolojik bir \u00fcr\u00fcn oldu\u011fu i\u00e7in i\u00e7eri\u011finde canl\u0131lara zarar verecek hi\u00e7bir katk\u0131 maddesi bulunmamaktad\u0131r.<\/p>\n<p>Therma<strong>x<\/strong>l&nbsp;duvarlar\u0131n tamamen nefes almas\u0131n\u0131 sa\u011flarken su ge\u00e7irmeyen sa\u011fl\u0131kl\u0131 yap\u0131lar olu\u015fturur.<\/p>\n<\/div><\/div><\/div><div class=\"fusion-layout-column fusion_builder_column fusion-builder-column-2 fusion_builder_column_1_1 1_1 fusion-flex-column\" style=\"--awb-bg-size:cover;--awb-width-large:100%;--awb-margin-top-large:0px;--awb-spacing-right-large:1.92%;--awb-margin-bottom-large:20px;--awb-spacing-left-large:1.92%;--awb-width-medium:100%;--awb-order-medium:0;--awb-spacing-right-medium:1.92%;--awb-spacing-left-medium:1.92%;--awb-width-small:100%;--awb-order-small:0;--awb-spacing-right-small:1.92%;--awb-spacing-left-small:1.92%;\"><div class=\"fusion-column-wrapper fusion-column-has-shadow fusion-flex-justify-content-flex-start fusion-content-layout-column\"><div class=\"fusion-title title fusion-title-4 fusion-title-text fusion-title-size-one\" style=\"--awb-text-color:#003087;--awb-sep-color:#c8a977;--awb-font-size:35px;\"><div class=\"title-sep-container title-sep-container-left fusion-no-large-visibility fusion-no-medium-visibility fusion-no-small-visibility\"><div class=\"title-sep sep-single sep-solid\" style=\"border-color:#c8a977;\"><\/div><\/div><span class=\"awb-title-spacer fusion-no-large-visibility fusion-no-medium-visibility fusion-no-small-visibility\"><\/span><h1 class=\"fusion-title-heading title-heading-left fusion-responsive-typography-calculated\" style=\"font-family:&quot;Poppins&quot;;font-style:normal;font-weight:400;margin:0;text-transform:capitalize;font-size:1em;--fontSize:35;line-height:var(--awb-typography1-line-height);\">Kullan\u0131m Alan\u0131<\/h1><span class=\"awb-title-spacer\"><\/span><div class=\"title-sep-container title-sep-container-right\"><div class=\"title-sep sep-single sep-solid\" style=\"border-color:#c8a977;\"><\/div><\/div><\/div><div class=\"fusion-text fusion-text-4\" style=\"--awb-font-size:14px;--awb-text-color:#003087;--awb-text-font-family:&quot;Poppins&quot;;--awb-text-font-style:normal;--awb-text-font-weight:400;\"><p><strong>K\u00c7S Kipa\u015f Gazbeton Is\u0131 Yal\u0131t\u0131m Levhas\u0131;<\/strong><\/p>\n<p>Thermaxl sayesinde kolon ve kiri\u015fler rahatl\u0131kla kaplan\u0131p son derece simetrik d\u00fczg\u00fcn bir cephe olu\u015fturabilir.<\/p>\n<p>Thermaxl\u2019nin bir di\u011fer \u00f6nemli bir kullan\u0131m alan\u0131 da otopark ve benzer yap\u0131lar\u0131n tavanlar\u0131, bildi\u011fi \u00fczere al\u0131\u015fveri\u015f merkezlerinin ve binalar\u0131n alt katlar\u0131 yo\u011fun olarak otopark olarak in\u015fa ediliyor yang\u0131na dayan\u0131kl\u0131 ve uzun \u00f6m\u00fcrl\u00fc bir malzeme ile kaplanmas\u0131 elzem oldu\u011fu i\u00e7in Thermaxl buralarda t\u00fcm beklentileri kar\u015f\u0131lar.<\/p>\n<\/div><div class=\"fusion-title title fusion-title-5 fusion-title-text fusion-title-size-one\" style=\"--awb-text-color:#003087;--awb-sep-color:#c8a977;--awb-font-size:35px;\"><div class=\"title-sep-container title-sep-container-left fusion-no-large-visibility fusion-no-medium-visibility fusion-no-small-visibility\"><div class=\"title-sep sep-single sep-solid\" style=\"border-color:#c8a977;\"><\/div><\/div><span class=\"awb-title-spacer fusion-no-large-visibility fusion-no-medium-visibility fusion-no-small-visibility\"><\/span><h1 class=\"fusion-title-heading title-heading-left fusion-responsive-typography-calculated\" style=\"font-family:&quot;Poppins&quot;;font-style:normal;font-weight:400;margin:0;text-transform:capitalize;font-size:1em;--fontSize:35;line-height:var(--awb-typography1-line-height);\">Detay Tablosu<\/h1><span class=\"awb-title-spacer\"><\/span><div class=\"title-sep-container title-sep-container-right\"><div class=\"title-sep sep-single sep-solid\" style=\"border-color:#c8a977;\"><\/div><\/div><\/div><div class=\"fusion-text fusion-text-5\" style=\"--awb-font-size:20px;--awb-text-color:#003087;--awb-text-font-family:&quot;Poppins&quot;;--awb-text-font-style:normal;--awb-text-font-weight:400;\"><p style=\"text-align: center;\"><strong>K\u00c7S THERMAXL ISI YALITIM PLA\u011eI TEKN\u0130K \u00d6ZELL\u0130KLER\u0130<\/strong><\/p>\n<\/div>\n<div class=\"table-1\">\n<table width=\"100%\">\n<thead>\n<tr>\n<th style=\"text-align: center;\" align=\"left\">\u00dcR\u00dcNLER<\/th>\n<th style=\"text-align: center;\" align=\"left\">&nbsp;<\/th>\n<th style=\"text-align: center;\" align=\"left\">BOYUTLAR<\/th>\n<th style=\"text-align: center;\" align=\"left\">&nbsp;<\/th>\n<th style=\"text-align: center;\" align=\"left\">ISIL \u0130LETKENL\u0130K<\/th>\n<th style=\"text-align: center;\" align=\"left\">YO\u011eUNLUK<\/th>\n<th style=\"text-align: center;\" align=\"left\">BASIN\u00c7 DAYANIMI<\/th>\n<th style=\"text-align: center;\" align=\"left\">YANGIN SINIFI<\/th>\n<\/tr>\n<\/thead>\n<tbody>\n<tr>\n<td style=\"text-align: center;\" align=\"left\">&nbsp;<\/td>\n<td style=\"text-align: center;\" align=\"left\">Uzunluk<\/td>\n<td style=\"text-align: center;\" align=\"left\">Y\u00fckseklik<\/td>\n<td style=\"text-align: center;\" align=\"left\">Geni\u015flik<\/td>\n<td style=\"text-align: center;\" align=\"left\">\u03bbh 10 dry W\/m.K<\/td>\n<td style=\"text-align: center;\" align=\"left\">Kg\/m\u00b3<\/td>\n<td style=\"text-align: center;\" align=\"left\">kPa<\/td>\n<td style=\"text-align: center;\" align=\"left\">YANMAZ<\/td>\n<\/tr>\n<tr>\n<td style=\"text-align: center;\" align=\"left\">GAZBETON ISI YALITIM BLO\u011eU<\/td>\n<td style=\"text-align: center;\" align=\"left\">50&#8230;60<\/td>\n<td style=\"text-align: center;\" align=\"left\">25&#8230;40<\/td>\n<td style=\"text-align: center;\" align=\"left\">50&#8230;200<\/td>\n<td style=\"text-align: center;\" align=\"left\">En Fazla 0,044<\/td>\n<td style=\"text-align: center;\" align=\"left\">150\u00b150<\/td>\n<td style=\"text-align: center;\" align=\"left\">En Az 300<\/td>\n<td style=\"text-align: center;\" align=\"left\">A1<\/td>\n<\/tr>\n<\/tbody>\n<\/table>\n<\/div>\n<\/div><\/div><\/div><\/div>","protected":false},"excerpt":{"rendered":"","protected":false},"author":1,"featured_media":0,"parent":0,"menu_order":0,"comment_status":"closed","ping_status":"closed","template":"","meta":{"footnotes":""},"class_list":["post-5546","page","type-page","status-publish","hentry"],"_links":{"self":[{"href":"https:\/\/gazbeton.kcs.com.tr\/en\/wp-json\/wp\/v2\/pages\/5546","targetHints":{"allow":["GET"]}}],"collection":[{"href":"https:\/\/gazbeton.kcs.com.tr\/en\/wp-json\/wp\/v2\/pages"}],"about":[{"href":"https:\/\/gazbeton.kcs.com.tr\/en\/wp-json\/wp\/v2\/types\/page"}],"author":[{"embeddable":true,"href":"https:\/\/gazbeton.kcs.com.tr\/en\/wp-json\/wp\/v2\/users\/1"}],"replies":[{"embeddable":true,"href":"https:\/\/gazbeton.kcs.com.tr\/en\/wp-json\/wp\/v2\/comments?post=5546"}],"version-history":[{"count":2,"href":"https:\/\/gazbeton.kcs.com.tr\/en\/wp-json\/wp\/v2\/pages\/5546\/revisions"}],"predecessor-version":[{"id":5590,"href":"https:\/\/gazbeton.kcs.com.tr\/en\/wp-json\/wp\/v2\/pages\/5546\/revisions\/5590"}],"wp:attachment":[{"href":"https:\/\/gazbeton.kcs.com.tr\/en\/wp-json\/wp\/v2\/media?parent=5546"}],"curies":[{"name":"wp","href":"https:\/\/api.w.org\/{rel}","templated":true}]}}