{"id":5540,"date":"2025-10-27T16:56:27","date_gmt":"2025-10-27T13:56:27","guid":{"rendered":"https:\/\/gazbeton.kcs.com.tr\/?page_id=5540"},"modified":"2025-10-30T15:41:54","modified_gmt":"2025-10-30T12:41:54","slug":"lento","status":"publish","type":"page","link":"https:\/\/gazbeton.kcs.com.tr\/en\/lento\/","title":{"rendered":"Lento"},"content":{"rendered":"<div class=\"fusion-fullwidth fullwidth-box fusion-builder-row-1 fusion-flex-container has-pattern-background has-mask-background nonhundred-percent-fullwidth non-hundred-percent-height-scrolling\" style=\"--awb-border-radius-top-left:0px;--awb-border-radius-top-right:0px;--awb-border-radius-bottom-right:0px;--awb-border-radius-bottom-left:0px;--awb-flex-wrap:wrap;\" ><div class=\"fusion-builder-row fusion-row fusion-flex-align-items-flex-start fusion-flex-content-wrap\" style=\"max-width:1216.8px;margin-left: calc(-4% \/ 2 );margin-right: calc(-4% \/ 2 );\"><div class=\"fusion-layout-column fusion_builder_column fusion-builder-column-0 fusion_builder_column_1_2 1_2 fusion-flex-column\" style=\"--awb-bg-size:cover;--awb-width-large:50%;--awb-margin-top-large:0px;--awb-spacing-right-large:3.84%;--awb-margin-bottom-large:20px;--awb-spacing-left-large:3.84%;--awb-width-medium:100%;--awb-order-medium:0;--awb-spacing-right-medium:1.92%;--awb-spacing-left-medium:1.92%;--awb-width-small:100%;--awb-order-small:0;--awb-spacing-right-small:1.92%;--awb-spacing-left-small:1.92%;\"><div class=\"fusion-column-wrapper fusion-column-has-shadow fusion-flex-justify-content-flex-start fusion-content-layout-column\"><div class=\"fusion-image-element\" style=\"--awb-aspect-ratio: 100 \/ 103;--awb-caption-title-font-family:var(--h2_typography-font-family);--awb-caption-title-font-weight:var(--h2_typography-font-weight);--awb-caption-title-font-style:var(--h2_typography-font-style);--awb-caption-title-size:var(--h2_typography-font-size);--awb-caption-title-transform:var(--h2_typography-text-transform);--awb-caption-title-line-height:var(--h2_typography-line-height);--awb-caption-title-letter-spacing:var(--h2_typography-letter-spacing);\"><span class=\"fusion-imageframe imageframe-none imageframe-1 hover-type-none has-aspect-ratio\"><img decoding=\"async\" width=\"300\" height=\"300\" src=\"https:\/\/gazbeton.kcs.com.tr\/wp-content\/uploads\/2025\/10\/sove-lento-1597956201-600x600-1.jpg\" data-orig-src=\"https:\/\/gazbeton.kcs.com.tr\/wp-content\/uploads\/2025\/10\/sove-lento-1597956201-600x600-1-300x300.jpg\" class=\"lazyload img-responsive wp-image-5576 img-with-aspect-ratio\" data-parent-fit=\"cover\" data-parent-container=\".fusion-image-element\" alt srcset=\"data:image\/svg+xml,%3Csvg%20xmlns%3D%27http%3A%2F%2Fwww.w3.org%2F2000%2Fsvg%27%20width%3D%27600%27%20height%3D%27600%27%20viewBox%3D%270%200%20600%20600%27%3E%3Crect%20width%3D%27600%27%20height%3D%27600%27%20fill-opacity%3D%220%22%2F%3E%3C%2Fsvg%3E\" data-srcset=\"https:\/\/gazbeton.kcs.com.tr\/wp-content\/uploads\/2025\/10\/sove-lento-1597956201-600x600-1-200x200.jpg 200w, https:\/\/gazbeton.kcs.com.tr\/wp-content\/uploads\/2025\/10\/sove-lento-1597956201-600x600-1-400x400.jpg 400w, https:\/\/gazbeton.kcs.com.tr\/wp-content\/uploads\/2025\/10\/sove-lento-1597956201-600x600-1.jpg 600w\" data-sizes=\"auto\" data-orig-sizes=\"(max-width: 1024px) 100vw, (max-width: 640px) 100vw, 300px\" \/><\/span><\/div><\/div><\/div><div class=\"fusion-layout-column fusion_builder_column fusion-builder-column-1 fusion_builder_column_1_2 1_2 fusion-flex-column\" style=\"--awb-bg-size:cover;--awb-width-large:50%;--awb-margin-top-large:0px;--awb-spacing-right-large:3.84%;--awb-margin-bottom-large:20px;--awb-spacing-left-large:3.84%;--awb-width-medium:100%;--awb-order-medium:0;--awb-spacing-right-medium:1.92%;--awb-spacing-left-medium:1.92%;--awb-width-small:100%;--awb-order-small:0;--awb-spacing-right-small:1.92%;--awb-spacing-left-small:1.92%;\"><div class=\"fusion-column-wrapper fusion-column-has-shadow fusion-flex-justify-content-flex-start fusion-content-layout-column\"><div class=\"fusion-title title fusion-title-1 fusion-title-text fusion-title-size-one\" style=\"--awb-text-color:#003087;--awb-sep-color:#c8a977;--awb-font-size:35px;\"><div class=\"title-sep-container title-sep-container-left fusion-no-large-visibility fusion-no-medium-visibility fusion-no-small-visibility\"><div class=\"title-sep sep-single sep-solid\" style=\"border-color:#c8a977;\"><\/div><\/div><span class=\"awb-title-spacer fusion-no-large-visibility fusion-no-medium-visibility fusion-no-small-visibility\"><\/span><h1 class=\"fusion-title-heading title-heading-left fusion-responsive-typography-calculated\" style=\"font-family:&quot;Poppins&quot;;font-style:normal;font-weight:400;margin:0;text-transform:capitalize;font-size:1em;--fontSize:35;line-height:var(--awb-typography1-line-height);\">\u00dcr\u00fcn Tipi<\/h1><span class=\"awb-title-spacer\"><\/span><div class=\"title-sep-container title-sep-container-right\"><div class=\"title-sep sep-single sep-solid\" style=\"border-color:#c8a977;\"><\/div><\/div><\/div><div class=\"fusion-text fusion-text-1\" style=\"--awb-font-size:24px;--awb-text-color:#003087;--awb-text-font-family:&quot;Poppins&quot;;--awb-text-font-style:normal;--awb-text-font-weight:400;\"><p>LENTO<\/p>\n<\/div><div class=\"fusion-title title fusion-title-2 fusion-title-text fusion-title-size-one\" style=\"--awb-text-color:#003087;--awb-sep-color:#c8a977;--awb-font-size:35px;\"><div class=\"title-sep-container title-sep-container-left fusion-no-large-visibility fusion-no-medium-visibility fusion-no-small-visibility\"><div class=\"title-sep sep-single sep-solid\" style=\"border-color:#c8a977;\"><\/div><\/div><span class=\"awb-title-spacer fusion-no-large-visibility fusion-no-medium-visibility fusion-no-small-visibility\"><\/span><h1 class=\"fusion-title-heading title-heading-left fusion-responsive-typography-calculated\" style=\"font-family:&quot;Poppins&quot;;font-style:normal;font-weight:400;margin:0;text-transform:capitalize;font-size:1em;--fontSize:35;line-height:var(--awb-typography1-line-height);\">\u00dcr\u00fcn Standard\u0131<\/h1><span class=\"awb-title-spacer\"><\/span><div class=\"title-sep-container title-sep-container-right\"><div class=\"title-sep sep-single sep-solid\" style=\"border-color:#c8a977;\"><\/div><\/div><\/div><div class=\"fusion-text fusion-text-2\" style=\"--awb-font-size:14px;--awb-text-color:#003087;--awb-text-font-family:&quot;Poppins&quot;;--awb-text-font-style:normal;--awb-text-font-weight:400;\"><p>TS EN 845-2<\/p>\n<\/div><div class=\"fusion-title title fusion-title-3 fusion-title-text fusion-title-size-one\" style=\"--awb-text-color:#003087;--awb-sep-color:#c8a977;--awb-font-size:35px;\"><div class=\"title-sep-container title-sep-container-left fusion-no-large-visibility fusion-no-medium-visibility fusion-no-small-visibility\"><div class=\"title-sep sep-single sep-solid\" style=\"border-color:#c8a977;\"><\/div><\/div><span class=\"awb-title-spacer fusion-no-large-visibility fusion-no-medium-visibility fusion-no-small-visibility\"><\/span><h1 class=\"fusion-title-heading title-heading-left fusion-responsive-typography-calculated\" style=\"font-family:&quot;Poppins&quot;;font-style:normal;font-weight:400;margin:0;text-transform:capitalize;font-size:1em;--fontSize:35;line-height:var(--awb-typography1-line-height);\">\u00dcr\u00fcn Tan\u0131m\u0131<\/h1><span class=\"awb-title-spacer\"><\/span><div class=\"title-sep-container title-sep-container-right\"><div class=\"title-sep sep-single sep-solid\" style=\"border-color:#c8a977;\"><\/div><\/div><\/div><div class=\"fusion-text fusion-text-3\" style=\"--awb-font-size:14px;--awb-text-color:#003087;--awb-text-font-family:&quot;Poppins&quot;;--awb-text-font-style:normal;--awb-text-font-weight:400;\"><p>TS EN 845-2 Standard\u0131nda \u00fcretilen A1 S\u0131n\u0131f\u0131 hi\u00e7 yanmaz K\u00c7S Kipa\u015f Gazbeton Lento, i\u00e7 ve d\u0131\u015f duvarlardaki kap\u0131 ve pencere gibi a\u00e7\u0131kl\u0131klar\u0131 ge\u00e7ilmede kullan\u0131l\u0131r.<\/p>\n<\/div><\/div><\/div><div class=\"fusion-layout-column fusion_builder_column fusion-builder-column-2 fusion_builder_column_1_1 1_1 fusion-flex-column\" style=\"--awb-bg-size:cover;--awb-width-large:100%;--awb-margin-top-large:0px;--awb-spacing-right-large:1.92%;--awb-margin-bottom-large:20px;--awb-spacing-left-large:1.92%;--awb-width-medium:100%;--awb-order-medium:0;--awb-spacing-right-medium:1.92%;--awb-spacing-left-medium:1.92%;--awb-width-small:100%;--awb-order-small:0;--awb-spacing-right-small:1.92%;--awb-spacing-left-small:1.92%;\"><div class=\"fusion-column-wrapper fusion-column-has-shadow fusion-flex-justify-content-flex-start fusion-content-layout-column\"><div class=\"fusion-title title fusion-title-4 fusion-title-text fusion-title-size-one\" style=\"--awb-text-color:#003087;--awb-sep-color:#c8a977;--awb-font-size:35px;\"><div class=\"title-sep-container title-sep-container-left fusion-no-large-visibility fusion-no-medium-visibility fusion-no-small-visibility\"><div class=\"title-sep sep-single sep-solid\" style=\"border-color:#c8a977;\"><\/div><\/div><span class=\"awb-title-spacer fusion-no-large-visibility fusion-no-medium-visibility fusion-no-small-visibility\"><\/span><h1 class=\"fusion-title-heading title-heading-left fusion-responsive-typography-calculated\" style=\"font-family:&quot;Poppins&quot;;font-style:normal;font-weight:400;margin:0;text-transform:capitalize;font-size:1em;--fontSize:35;line-height:var(--awb-typography1-line-height);\">Kullan\u0131m Alan\u0131<\/h1><span class=\"awb-title-spacer\"><\/span><div class=\"title-sep-container title-sep-container-right\"><div class=\"title-sep sep-single sep-solid\" style=\"border-color:#c8a977;\"><\/div><\/div><\/div><div class=\"fusion-text fusion-text-4\" style=\"--awb-font-size:14px;--awb-text-color:#003087;--awb-text-font-family:&quot;Poppins&quot;;--awb-text-font-style:normal;--awb-text-font-weight:400;\"><p>\u2022&nbsp;&nbsp; &nbsp;K\u00c7S Kipa\u015f Gazbeton Lento, Gazbeton bloklar\u0131n yan\u0131 s\u0131ra, tu\u011fla, bims blok vb. \u00fcr\u00fcnler ile birlikte de rahatl\u0131kla kullan\u0131labilir.<br \/>\u2022&nbsp;&nbsp; &nbsp;K\u00c7S Kipa\u015f Gazbeton Lento, yap\u0131mc\u0131ya h\u0131z kazand\u0131r\u0131rken &nbsp;\u0131s\u0131 k\u00f6pr\u00fclerini ve yo\u011fu\u015fmalar\u0131 engeller.<br \/>\u2022&nbsp;&nbsp; &nbsp;K\u00c7S Kipa\u015f Gazbeton Lento, yal\u0131t\u0131ml\u0131 lentolar\u0131n \u00f6l\u00e7\u00fcleri her t\u00fcrl\u00fc duvar ile uyumlu olup yerine kolayca monte edilir.<br \/>\u2022&nbsp;&nbsp; &nbsp;K\u00c7S Kipa\u015f Gazbeton Lento, duvarlar\u0131n \u00f6r\u00fclmesinde zaman tasarrufu sa\u011flar.<br \/>\u2022&nbsp;&nbsp; &nbsp;K\u00c7S Kipa\u015f Gazbeton Lento, hafifli\u011fi ile deprem g\u00fcvenli\u011fi sa\u011flar.<\/p>\n<\/div><\/div><\/div><div class=\"fusion-layout-column fusion_builder_column fusion-builder-column-3 fusion_builder_column_1_1 1_1 fusion-flex-column\" style=\"--awb-bg-size:cover;--awb-width-large:100%;--awb-margin-top-large:0px;--awb-spacing-right-large:1.92%;--awb-margin-bottom-large:20px;--awb-spacing-left-large:1.92%;--awb-width-medium:100%;--awb-order-medium:0;--awb-spacing-right-medium:1.92%;--awb-spacing-left-medium:1.92%;--awb-width-small:100%;--awb-order-small:0;--awb-spacing-right-small:1.92%;--awb-spacing-left-small:1.92%;\"><div class=\"fusion-column-wrapper fusion-column-has-shadow fusion-flex-justify-content-flex-start fusion-content-layout-column\"><div class=\"fusion-title title fusion-title-5 fusion-title-text fusion-title-size-one\" style=\"--awb-text-color:#003087;--awb-sep-color:#c8a977;--awb-font-size:35px;\"><div class=\"title-sep-container title-sep-container-left fusion-no-large-visibility fusion-no-medium-visibility fusion-no-small-visibility\"><div class=\"title-sep sep-single sep-solid\" style=\"border-color:#c8a977;\"><\/div><\/div><span class=\"awb-title-spacer fusion-no-large-visibility fusion-no-medium-visibility fusion-no-small-visibility\"><\/span><h1 class=\"fusion-title-heading title-heading-left fusion-responsive-typography-calculated\" style=\"font-family:&quot;Poppins&quot;;font-style:normal;font-weight:400;margin:0;text-transform:capitalize;font-size:1em;--fontSize:35;line-height:var(--awb-typography1-line-height);\">Detay Tablosu<\/h1><span class=\"awb-title-spacer\"><\/span><div class=\"title-sep-container title-sep-container-right\"><div class=\"title-sep sep-single sep-solid\" style=\"border-color:#c8a977;\"><\/div><\/div><\/div><div class=\"fusion-text fusion-text-5\" style=\"--awb-font-size:20px;--awb-text-color:#003087;--awb-text-font-family:&quot;Poppins&quot;;--awb-text-font-style:normal;--awb-text-font-weight:400;\"><p style=\"text-align: center;\"><strong>K\u00c7S K\u0130PA\u015e GAZBETON LENTO TEKN\u0130K \u00d6ZELL\u0130KLER\u0130<\/strong><\/p>\n<\/div>\n<div class=\"table-1\">\n<table width=\"100%\">\n<thead>\n<tr>\n<th align=\"left\">&nbsp;<\/th>\n<th align=\"left\">BOYUTLAR (cm)<\/th>\n<th align=\"left\">&nbsp;<\/th>\n<th align=\"left\">&nbsp;<\/th>\n<th align=\"left\"><strong>Y\u00dcK TA\u015eIMA<\/strong><\/th>\n<th align=\"left\"><strong>YO\u011eUNLUK<\/strong><\/th>\n<th align=\"left\"><strong>SINIFI<\/strong><\/th>\n<th align=\"left\"><strong>SEH\u0130M 1\/3<\/strong><\/th>\n<th align=\"left\"><strong>YANGIN SINIFI<\/strong><\/th>\n<\/tr>\n<\/thead>\n<tbody>\n<tr>\n<td align=\"left\">&nbsp;<\/td>\n<td align=\"left\">Uzunluk<\/td>\n<td align=\"left\">Geni\u015flik<\/td>\n<td align=\"left\">Y\u00fckseklik<\/td>\n<td align=\"left\">kN\/m<\/td>\n<td align=\"left\">Kg\/m\u00b3<\/td>\n<td align=\"left\">&#8211;<\/td>\n<td align=\"left\">mm<\/td>\n<td align=\"left\">Yanmaz<\/td>\n<\/tr>\n<tr>\n<td align=\"left\">LENTO<\/td>\n<td align=\"left\">70-600<\/td>\n<td align=\"left\">9-40<\/td>\n<td align=\"left\">10-50<\/td>\n<td align=\"left\">1,5<\/td>\n<td align=\"left\">400<\/td>\n<td align=\"left\">G2\/400<\/td>\n<td align=\"left\">L\/200 mm<\/td>\n<td align=\"left\">A1<\/td>\n<\/tr>\n<tr>\n<td align=\"left\">&nbsp;<\/td>\n<td align=\"left\">70-600<\/td>\n<td align=\"left\">9-40<\/td>\n<td align=\"left\">10-50<\/td>\n<td align=\"left\">1,5<\/td>\n<td align=\"left\">500<\/td>\n<td align=\"left\">G3\/500<\/td>\n<td align=\"left\">L\/200 mm<\/td>\n<td align=\"left\">A1<\/td>\n<\/tr>\n<tr>\n<td align=\"left\">&nbsp;<\/td>\n<td align=\"left\">70-600<\/td>\n<td align=\"left\">9-40<\/td>\n<td align=\"left\">10-50<\/td>\n<td align=\"left\">3,0<\/td>\n<td align=\"left\">600<\/td>\n<td align=\"left\">G4\/600<\/td>\n<td align=\"left\">L\/200 mm<\/td>\n<td align=\"left\">A1<\/td>\n<\/tr>\n<\/tbody>\n<\/table>\n<\/div>\n<div class=\"fusion-text fusion-text-6\" style=\"--awb-font-size:20px;--awb-text-color:#003087;--awb-margin-top:80px;--awb-text-font-family:&quot;Poppins&quot;;--awb-text-font-style:normal;--awb-text-font-weight:400;\"><p style=\"text-align: center;\"><strong>K\u00c7S K\u0130PA\u015e GAZBETON LENTO \u00dcR\u00dcNLER\u0130 B\u0130ND\u0130RME ve UZUNLUK PAYLARI<\/strong><\/p>\n<\/div>\n<div class=\"table-1\">\n<table width=\"100%\">\n<thead>\n<tr>\n<th style=\"text-align: center;\" align=\"left\"><strong>Serbest A\u00e7\u0131kl\u0131k (cm)<\/strong><\/th>\n<th style=\"text-align: center;\" align=\"left\"><strong>Bindirme Pay\u0131 (cm)<\/strong><\/th>\n<th style=\"text-align: center;\" align=\"left\"><strong>Lento Uzunluk (cm)<\/strong><\/th>\n<th style=\"text-align: center;\" align=\"left\"><strong>Lento Y\u00fckseklik (cm)<\/strong><\/th>\n<th style=\"text-align: center;\" align=\"left\"><strong>Lento Kal\u0131nl\u0131klar (cm)<\/strong><\/th>\n<\/tr>\n<\/thead>\n<tbody>\n<tr>\n<td style=\"text-align: center;\" align=\"left\">70<\/td>\n<td style=\"text-align: center;\" align=\"left\">20<\/td>\n<td style=\"text-align: center;\" align=\"left\">110<\/td>\n<td style=\"text-align: center;\" align=\"left\">20-25-30<\/td>\n<td style=\"text-align: center;\" align=\"left\">9-10-12,5-13,5-15-17,5-19-20-25-30<\/td>\n<\/tr>\n<tr>\n<td style=\"text-align: center;\" align=\"left\">80<\/td>\n<td style=\"text-align: center;\" align=\"left\">20<\/td>\n<td style=\"text-align: center;\" align=\"left\">120<\/td>\n<td style=\"text-align: center;\" align=\"left\">20-25-30<\/td>\n<td style=\"text-align: center;\" align=\"left\">9-10-12,5-13,5-15-17,5-19-20-25-30<\/td>\n<\/tr>\n<tr>\n<td style=\"text-align: center;\" align=\"left\">90<\/td>\n<td style=\"text-align: center;\" align=\"left\">20<\/td>\n<td style=\"text-align: center;\" align=\"left\">130<\/td>\n<td style=\"text-align: center;\" align=\"left\">20-25-30<\/td>\n<td style=\"text-align: center;\" align=\"left\">9-10-12,5-13,5-15-17,5-19-20-25-30<\/td>\n<\/tr>\n<tr>\n<td style=\"text-align: center;\" align=\"left\">100<\/td>\n<td style=\"text-align: center;\" align=\"left\">20<\/td>\n<td style=\"text-align: center;\" align=\"left\">140<\/td>\n<td style=\"text-align: center;\" align=\"left\">20-25-30<\/td>\n<td style=\"text-align: center;\" align=\"left\">9-10-12,5-13,5-15-17,5-19-20-25-30<\/td>\n<\/tr>\n<tr>\n<td style=\"text-align: center;\" align=\"left\">110<\/td>\n<td style=\"text-align: center;\" align=\"left\">20<\/td>\n<td style=\"text-align: center;\" align=\"left\">150<\/td>\n<td style=\"text-align: center;\" align=\"left\">20-25-30<\/td>\n<td style=\"text-align: center;\" align=\"left\">13,5-15-17,5-19-20-25-30<\/td>\n<\/tr>\n<tr>\n<td style=\"text-align: center;\" align=\"left\">120<\/td>\n<td style=\"text-align: center;\" align=\"left\">20<\/td>\n<td style=\"text-align: center;\" align=\"left\">160<\/td>\n<td style=\"text-align: center;\" align=\"left\">20-25-30<\/td>\n<td style=\"text-align: center;\" align=\"left\">13,5-15-17,5-19-20-25-30<\/td>\n<\/tr>\n<tr>\n<td style=\"text-align: center;\" align=\"left\">130<\/td>\n<td style=\"text-align: center;\" align=\"left\">20<\/td>\n<td style=\"text-align: center;\" align=\"left\">170<\/td>\n<td style=\"text-align: center;\" align=\"left\">20-25-30<\/td>\n<td style=\"text-align: center;\" align=\"left\">13,5-15-17,5-19-20-25-30<\/td>\n<\/tr>\n<tr>\n<td style=\"text-align: center;\" align=\"left\">140<\/td>\n<td style=\"text-align: center;\" align=\"left\">20<\/td>\n<td style=\"text-align: center;\" align=\"left\">180<\/td>\n<td style=\"text-align: center;\" align=\"left\">20-25-30<\/td>\n<td style=\"text-align: center;\" align=\"left\">13,5-15-17,5-19-20-25-30<\/td>\n<\/tr>\n<tr>\n<td style=\"text-align: center;\" align=\"left\">150<\/td>\n<td style=\"text-align: center;\" align=\"left\">20<\/td>\n<td style=\"text-align: center;\" align=\"left\">190<\/td>\n<td style=\"text-align: center;\" align=\"left\">20-25-30<\/td>\n<td style=\"text-align: center;\" align=\"left\">13,5-15-17,5-19-20-25-30<\/td>\n<\/tr>\n<tr>\n<td style=\"text-align: center;\" align=\"left\">160<\/td>\n<td style=\"text-align: center;\" align=\"left\">20<\/td>\n<td style=\"text-align: center;\" align=\"left\">200<\/td>\n<td style=\"text-align: center;\" align=\"left\">20-25-30<\/td>\n<td style=\"text-align: center;\" align=\"left\">13,5-15-17,5-19-20-25-30<\/td>\n<\/tr>\n<tr>\n<td style=\"text-align: center;\" align=\"left\">170<\/td>\n<td style=\"text-align: center;\" align=\"left\">20<\/td>\n<td style=\"text-align: center;\" align=\"left\">210<\/td>\n<td style=\"text-align: center;\" align=\"left\">20-25-30<\/td>\n<td style=\"text-align: center;\" align=\"left\">17,5-19-20-25-30<\/td>\n<\/tr>\n<tr>\n<td style=\"text-align: center;\" align=\"left\">180<\/td>\n<td style=\"text-align: center;\" align=\"left\">20<\/td>\n<td style=\"text-align: center;\" align=\"left\">220<\/td>\n<td style=\"text-align: center;\" align=\"left\">20-25-30<\/td>\n<td style=\"text-align: center;\" align=\"left\">17,5-19-20-25-30<\/td>\n<\/tr>\n<tr>\n<td style=\"text-align: center;\" align=\"left\">190<\/td>\n<td style=\"text-align: center;\" align=\"left\">20<\/td>\n<td style=\"text-align: center;\" align=\"left\">230<\/td>\n<td style=\"text-align: center;\" align=\"left\">20-25-30<\/td>\n<td style=\"text-align: center;\" align=\"left\">17,5-19-20-25-30<\/td>\n<\/tr>\n<tr>\n<td style=\"text-align: center;\" align=\"left\">200<\/td>\n<td style=\"text-align: center;\" align=\"left\">30<\/td>\n<td style=\"text-align: center;\" align=\"left\">260<\/td>\n<td style=\"text-align: center;\" align=\"left\">20-25-30<\/td>\n<td style=\"text-align: center;\" align=\"left\">19-20-25-30<\/td>\n<\/tr>\n<tr>\n<td style=\"text-align: center;\" align=\"left\">210<\/td>\n<td style=\"text-align: center;\" align=\"left\">30<\/td>\n<td style=\"text-align: center;\" align=\"left\">270<\/td>\n<td style=\"text-align: center;\" align=\"left\">20-25-30<\/td>\n<td style=\"text-align: center;\" align=\"left\">19-20-25-30<\/td>\n<\/tr>\n<tr>\n<td style=\"text-align: center;\" align=\"left\">220<\/td>\n<td style=\"text-align: center;\" align=\"left\">30<\/td>\n<td style=\"text-align: center;\" align=\"left\">280<\/td>\n<td style=\"text-align: center;\" align=\"left\">20-25-30<\/td>\n<td style=\"text-align: center;\" align=\"left\">19-20-25-30<\/td>\n<\/tr>\n<tr>\n<td style=\"text-align: center;\" align=\"left\">230<\/td>\n<td style=\"text-align: center;\" align=\"left\">30<\/td>\n<td style=\"text-align: center;\" align=\"left\">290<\/td>\n<td style=\"text-align: center;\" align=\"left\">20-25-30<\/td>\n<td style=\"text-align: center;\" align=\"left\">19-20-25-30<\/td>\n<\/tr>\n<\/tbody>\n<\/table>\n<\/div>\n<div class=\"fusion-text fusion-text-7\" style=\"--awb-font-size:18px;--awb-text-color:#003087;--awb-margin-top:28px;--awb-text-font-family:&quot;Poppins&quot;;--awb-text-font-style:normal;--awb-text-font-weight:400;\"><p style=\"text-align: center;\">Lento boyu 300 cm \u00fczerinde olan \u00fcr\u00fcnler \u00f6zel tasarlanmas\u0131 gereken \u00fcr\u00fcnler oldu\u011fu i\u00e7in sat\u0131\u015f ekiplerimizle ileti\u015fime ge\u00e7ebilirsiniz. TBDY 2018&#8217;e g\u00f6re lentolar\u0131n duvarlara oturan b\u00f6l\u00fcmlerinin boyu 200 mm den az olamaz.<\/p>\n<\/div><\/div><\/div><\/div><\/div>","protected":false},"excerpt":{"rendered":"","protected":false},"author":1,"featured_media":0,"parent":0,"menu_order":0,"comment_status":"closed","ping_status":"closed","template":"","meta":{"footnotes":""},"class_list":["post-5540","page","type-page","status-publish","hentry"],"_links":{"self":[{"href":"https:\/\/gazbeton.kcs.com.tr\/en\/wp-json\/wp\/v2\/pages\/5540","targetHints":{"allow":["GET"]}}],"collection":[{"href":"https:\/\/gazbeton.kcs.com.tr\/en\/wp-json\/wp\/v2\/pages"}],"about":[{"href":"https:\/\/gazbeton.kcs.com.tr\/en\/wp-json\/wp\/v2\/types\/page"}],"author":[{"embeddable":true,"href":"https:\/\/gazbeton.kcs.com.tr\/en\/wp-json\/wp\/v2\/users\/1"}],"replies":[{"embeddable":true,"href":"https:\/\/gazbeton.kcs.com.tr\/en\/wp-json\/wp\/v2\/comments?post=5540"}],"version-history":[{"count":3,"href":"https:\/\/gazbeton.kcs.com.tr\/en\/wp-json\/wp\/v2\/pages\/5540\/revisions"}],"predecessor-version":[{"id":5581,"href":"https:\/\/gazbeton.kcs.com.tr\/en\/wp-json\/wp\/v2\/pages\/5540\/revisions\/5581"}],"wp:attachment":[{"href":"https:\/\/gazbeton.kcs.com.tr\/en\/wp-json\/wp\/v2\/media?parent=5540"}],"curies":[{"name":"wp","href":"https:\/\/api.w.org\/{rel}","templated":true}]}}