{"id":5538,"date":"2025-10-27T16:55:24","date_gmt":"2025-10-27T13:55:24","guid":{"rendered":"https:\/\/gazbeton.kcs.com.tr\/?page_id=5538"},"modified":"2025-10-30T15:21:43","modified_gmt":"2025-10-30T12:21:43","slug":"yatay-dusey-duvar-panelleri","status":"publish","type":"page","link":"https:\/\/gazbeton.kcs.com.tr\/en\/yatay-dusey-duvar-panelleri\/","title":{"rendered":"Yatay D\u00fc\u015fey Duvar Panelleri"},"content":{"rendered":"<div class=\"fusion-fullwidth fullwidth-box fusion-builder-row-1 fusion-flex-container has-pattern-background has-mask-background nonhundred-percent-fullwidth non-hundred-percent-height-scrolling\" style=\"--awb-border-radius-top-left:0px;--awb-border-radius-top-right:0px;--awb-border-radius-bottom-right:0px;--awb-border-radius-bottom-left:0px;--awb-flex-wrap:wrap;\" ><div class=\"fusion-builder-row fusion-row fusion-flex-align-items-flex-start fusion-flex-content-wrap\" style=\"max-width:1216.8px;margin-left: calc(-4% \/ 2 );margin-right: calc(-4% \/ 2 );\"><div class=\"fusion-layout-column fusion_builder_column fusion-builder-column-0 fusion_builder_column_1_2 1_2 fusion-flex-column\" style=\"--awb-bg-size:cover;--awb-width-large:50%;--awb-margin-top-large:0px;--awb-spacing-right-large:3.84%;--awb-margin-bottom-large:20px;--awb-spacing-left-large:3.84%;--awb-width-medium:100%;--awb-order-medium:0;--awb-spacing-right-medium:1.92%;--awb-spacing-left-medium:1.92%;--awb-width-small:100%;--awb-order-small:0;--awb-spacing-right-small:1.92%;--awb-spacing-left-small:1.92%;\"><div class=\"fusion-column-wrapper fusion-column-has-shadow fusion-flex-justify-content-flex-start fusion-content-layout-column\"><div class=\"fusion-image-element\" style=\"--awb-aspect-ratio: 100 \/ 100;--awb-caption-title-font-family:var(--h2_typography-font-family);--awb-caption-title-font-weight:var(--h2_typography-font-weight);--awb-caption-title-font-style:var(--h2_typography-font-style);--awb-caption-title-size:var(--h2_typography-font-size);--awb-caption-title-transform:var(--h2_typography-text-transform);--awb-caption-title-line-height:var(--h2_typography-line-height);--awb-caption-title-letter-spacing:var(--h2_typography-letter-spacing);\"><span class=\"fusion-imageframe imageframe-none imageframe-1 hover-type-none has-aspect-ratio\"><img decoding=\"async\" width=\"300\" height=\"189\" src=\"https:\/\/gazbeton.kcs.com.tr\/wp-content\/uploads\/2025\/10\/yatay-dusey-panel2-1595493605-1200x754-1.png\" data-orig-src=\"https:\/\/gazbeton.kcs.com.tr\/wp-content\/uploads\/2025\/10\/yatay-dusey-panel2-1595493605-1200x754-1-300x189.png\" class=\"lazyload img-responsive wp-image-5573 img-with-aspect-ratio\" data-parent-fit=\"cover\" data-parent-container=\".fusion-image-element\" alt srcset=\"data:image\/svg+xml,%3Csvg%20xmlns%3D%27http%3A%2F%2Fwww.w3.org%2F2000%2Fsvg%27%20width%3D%271200%27%20height%3D%27754%27%20viewBox%3D%270%200%201200%20754%27%3E%3Crect%20width%3D%271200%27%20height%3D%27754%27%20fill-opacity%3D%220%22%2F%3E%3C%2Fsvg%3E\" data-srcset=\"https:\/\/gazbeton.kcs.com.tr\/wp-content\/uploads\/2025\/10\/yatay-dusey-panel2-1595493605-1200x754-1-200x126.png 200w, https:\/\/gazbeton.kcs.com.tr\/wp-content\/uploads\/2025\/10\/yatay-dusey-panel2-1595493605-1200x754-1-400x251.png 400w, https:\/\/gazbeton.kcs.com.tr\/wp-content\/uploads\/2025\/10\/yatay-dusey-panel2-1595493605-1200x754-1-600x377.png 600w, https:\/\/gazbeton.kcs.com.tr\/wp-content\/uploads\/2025\/10\/yatay-dusey-panel2-1595493605-1200x754-1-800x503.png 800w, https:\/\/gazbeton.kcs.com.tr\/wp-content\/uploads\/2025\/10\/yatay-dusey-panel2-1595493605-1200x754-1.png 1200w\" data-sizes=\"auto\" data-orig-sizes=\"(max-width: 1024px) 100vw, (max-width: 640px) 100vw, 600px\" \/><\/span><\/div><\/div><\/div><div class=\"fusion-layout-column fusion_builder_column fusion-builder-column-1 fusion_builder_column_1_2 1_2 fusion-flex-column\" style=\"--awb-bg-size:cover;--awb-width-large:50%;--awb-margin-top-large:0px;--awb-spacing-right-large:3.84%;--awb-margin-bottom-large:20px;--awb-spacing-left-large:3.84%;--awb-width-medium:100%;--awb-order-medium:0;--awb-spacing-right-medium:1.92%;--awb-spacing-left-medium:1.92%;--awb-width-small:100%;--awb-order-small:0;--awb-spacing-right-small:1.92%;--awb-spacing-left-small:1.92%;\"><div class=\"fusion-column-wrapper fusion-column-has-shadow fusion-flex-justify-content-flex-start fusion-content-layout-column\"><div class=\"fusion-title title fusion-title-1 fusion-title-text fusion-title-size-one\" style=\"--awb-text-color:#003087;--awb-sep-color:#c8a977;--awb-font-size:35px;\"><div class=\"title-sep-container title-sep-container-left fusion-no-large-visibility fusion-no-medium-visibility fusion-no-small-visibility\"><div class=\"title-sep sep-single sep-solid\" style=\"border-color:#c8a977;\"><\/div><\/div><span class=\"awb-title-spacer fusion-no-large-visibility fusion-no-medium-visibility fusion-no-small-visibility\"><\/span><h1 class=\"fusion-title-heading title-heading-left fusion-responsive-typography-calculated\" style=\"font-family:&quot;Poppins&quot;;font-style:normal;font-weight:400;margin:0;text-transform:capitalize;font-size:1em;--fontSize:35;line-height:var(--awb-typography1-line-height);\">\u00dcr\u00fcn Tipi<\/h1><span class=\"awb-title-spacer\"><\/span><div class=\"title-sep-container title-sep-container-right\"><div class=\"title-sep sep-single sep-solid\" style=\"border-color:#c8a977;\"><\/div><\/div><\/div><div class=\"fusion-text fusion-text-1\" style=\"--awb-font-size:24px;--awb-text-color:#003087;--awb-text-font-family:&quot;Poppins&quot;;--awb-text-font-style:normal;--awb-text-font-weight:400;\"><p>YATAY-D\u00dc\u015eEY DUVAR PANELLER\u0130<\/p>\n<\/div><div class=\"fusion-title title fusion-title-2 fusion-title-text fusion-title-size-one\" style=\"--awb-text-color:#003087;--awb-sep-color:#c8a977;--awb-font-size:35px;\"><div class=\"title-sep-container title-sep-container-left fusion-no-large-visibility fusion-no-medium-visibility fusion-no-small-visibility\"><div class=\"title-sep sep-single sep-solid\" style=\"border-color:#c8a977;\"><\/div><\/div><span class=\"awb-title-spacer fusion-no-large-visibility fusion-no-medium-visibility fusion-no-small-visibility\"><\/span><h1 class=\"fusion-title-heading title-heading-left fusion-responsive-typography-calculated\" style=\"font-family:&quot;Poppins&quot;;font-style:normal;font-weight:400;margin:0;text-transform:capitalize;font-size:1em;--fontSize:35;line-height:var(--awb-typography1-line-height);\">\u00dcr\u00fcn Standard\u0131<\/h1><span class=\"awb-title-spacer\"><\/span><div class=\"title-sep-container title-sep-container-right\"><div class=\"title-sep sep-single sep-solid\" style=\"border-color:#c8a977;\"><\/div><\/div><\/div><div class=\"fusion-text fusion-text-2\" style=\"--awb-font-size:14px;--awb-text-font-family:&quot;Poppins&quot;;--awb-text-font-style:normal;--awb-text-font-weight:400;\"><p>TS EN 12602<\/p>\n<\/div><div class=\"fusion-title title fusion-title-3 fusion-title-text fusion-title-size-one\" style=\"--awb-text-color:#003087;--awb-sep-color:#c8a977;--awb-font-size:35px;\"><div class=\"title-sep-container title-sep-container-left fusion-no-large-visibility fusion-no-medium-visibility fusion-no-small-visibility\"><div class=\"title-sep sep-single sep-solid\" style=\"border-color:#c8a977;\"><\/div><\/div><span class=\"awb-title-spacer fusion-no-large-visibility fusion-no-medium-visibility fusion-no-small-visibility\"><\/span><h1 class=\"fusion-title-heading title-heading-left fusion-responsive-typography-calculated\" style=\"font-family:&quot;Poppins&quot;;font-style:normal;font-weight:400;margin:0;text-transform:capitalize;font-size:1em;--fontSize:35;line-height:var(--awb-typography1-line-height);\">\u00dcr\u00fcn Tan\u0131m\u0131<\/h1><span class=\"awb-title-spacer\"><\/span><div class=\"title-sep-container title-sep-container-right\"><div class=\"title-sep sep-single sep-solid\" style=\"border-color:#c8a977;\"><\/div><\/div><\/div><div class=\"fusion-text fusion-text-3\" style=\"--awb-font-size:14px;--awb-text-color:#003087;--awb-text-font-family:&quot;Poppins&quot;;--awb-text-font-style:normal;--awb-text-font-weight:400;\"><p>K\u00c7S Kipa\u015f Gazbeton Panelleri, farkl\u0131 r\u00fczgar ve deprem kuvvetlerini kar\u015f\u0131layacak bi\u00e7imde tasarlanm\u0131\u015f, donat\u0131l\u0131 olarak \u00fcretilen, kullan\u0131ma haz\u0131r b\u00fcy\u00fck ebatl\u0131 duvar elemanlar\u0131d\u0131r.<\/p>\n<p>K\u00c7S Kipa\u015f Gazbeton Panelleri, G3 s\u0131n\u0131f\u0131nda, antikorozif \u00e7ift s\u0131ra \u00e7elik has\u0131r olarak 90 kgf\/m\u00b2 r\u00fczgar y\u00fck\u00fcne g\u00f6re \u00fcretilir.<\/p>\n<p>K\u00c7S Kipa\u015f Gazbeton Duvar Panelleri, G4 s\u0131n\u0131f\u0131nda, korozyona kar\u015f\u0131 korunmu\u015f \u00e7ift s\u0131ra \u00e7elik has\u0131r olarak \u00fcretilir.<\/p>\n<\/div><\/div><\/div><div class=\"fusion-layout-column fusion_builder_column fusion-builder-column-2 fusion_builder_column_1_1 1_1 fusion-flex-column\" style=\"--awb-bg-size:cover;--awb-width-large:100%;--awb-margin-top-large:0px;--awb-spacing-right-large:1.92%;--awb-margin-bottom-large:20px;--awb-spacing-left-large:1.92%;--awb-width-medium:100%;--awb-order-medium:0;--awb-spacing-right-medium:1.92%;--awb-spacing-left-medium:1.92%;--awb-width-small:100%;--awb-order-small:0;--awb-spacing-right-small:1.92%;--awb-spacing-left-small:1.92%;\"><div class=\"fusion-column-wrapper fusion-column-has-shadow fusion-flex-justify-content-flex-start fusion-content-layout-column\"><div class=\"fusion-title title fusion-title-4 fusion-title-text fusion-title-size-one\" style=\"--awb-text-color:#003087;--awb-sep-color:#c8a977;--awb-font-size:35px;\"><div class=\"title-sep-container title-sep-container-left fusion-no-large-visibility fusion-no-medium-visibility fusion-no-small-visibility\"><div class=\"title-sep sep-single sep-solid\" style=\"border-color:#c8a977;\"><\/div><\/div><span class=\"awb-title-spacer fusion-no-large-visibility fusion-no-medium-visibility fusion-no-small-visibility\"><\/span><h1 class=\"fusion-title-heading title-heading-left fusion-responsive-typography-calculated\" style=\"font-family:&quot;Poppins&quot;;font-style:normal;font-weight:400;margin:0;text-transform:capitalize;font-size:1em;--fontSize:35;line-height:var(--awb-typography1-line-height);\">Kullan\u0131m Alan\u0131<\/h1><span class=\"awb-title-spacer\"><\/span><div class=\"title-sep-container title-sep-container-right\"><div class=\"title-sep sep-single sep-solid\" style=\"border-color:#c8a977;\"><\/div><\/div><\/div><div class=\"fusion-text fusion-text-4\" style=\"--awb-font-size:14px;--awb-text-color:#003087;--awb-text-font-family:&quot;Poppins&quot;;--awb-text-font-style:normal;--awb-text-font-weight:400;\"><p><strong>K\u00c7S Kipa\u015f Gazbeton Yatay Duvar Panelleri;<\/strong><\/p>\n<ul>\n<li>Her t\u00fcrl\u00fc betonarme, \u00e7elik, ah\u015fap ve prefabrike yap\u0131n\u0131n i\u00e7 ve d\u0131\u015f duvarlar\u0131nda kullan\u0131labilen Donat\u0131l\u0131 Duvar Yap\u0131 Elemanlar\u0131d\u0131r.<\/li>\n<li>Kolon aralar\u0131na ya da kolon i\u00e7 ve d\u0131\u015f y\u00fczeylerine monte edilerek uygulanabilir.<\/li>\n<li>Farkl\u0131 i\u015flevlerde ve se\u00e7eneklerde mimari cephe \u00e7e\u015fitlili\u011fi olu\u015fturmaya olanak sa\u011flar.<\/li>\n<li>Montaj aparatlar\u0131 ve vin\u00e7 yard\u0131m\u0131yla kolayca ve h\u0131zla montaj edilebilir.&nbsp;<\/li>\n<\/ul>\n<p>&nbsp;<strong>K\u00c7S Kipa\u015f Gazbeton D\u00fc\u015fey Duvar Panelleri;<\/strong><\/p>\n<ul>\n<li>Y\u0131\u011fma yap\u0131larda, i\u00e7 ve d\u0131\u015f duvarlarda ta\u015f\u0131y\u0131c\u0131 olarak da kullan\u0131labilir,<\/li>\n<li>Afet Y\u00f6netmeli\u011fi&#8217;nde birinci derecede deprem b\u00f6lgesi olarak tan\u0131mlanan en riskli b\u00f6lgelerde de &nbsp;iki kata kadar y\u0131\u011fma yap\u0131 yap\u0131lmas\u0131n\u0131 sa\u011flar.<\/li>\n<li>T\u00fcrkiye Bina Deprem Y\u00f6netmeli\u011fi\u2019ne uygundur,<\/li>\n<li>\u00dcr\u00fcn kalitesi ve \u00fcretim teknolojisi ile t\u00fcm d\u00fcnyada g\u00fcvenlik ve konfor sa\u011flar,<\/li>\n<li>B\u00fcnyesinde bar\u0131nd\u0131rd\u0131\u011f\u0131 milyonlarca hava g\u00f6zene\u011fi sayesinde \u0131s\u0131 transferini engeller. Yap\u0131n\u0131n k\u0131\u015f\u0131n s\u0131cak ve yaz\u0131n serin kalmas\u0131n\u0131 sa\u011flar,<\/li>\n<li>A1 s\u0131n\u0131f\u0131 hi\u00e7 yanmaz \u00fcr\u00fcn kategorisindedir. Yang\u0131n s\u00fcresince yanmaya katk\u0131da bulunmaz, ortama zehirli ve zararl\u0131 gazlar \u00e7\u0131karmaz ve damlama yapmaz,<\/li>\n<li>Lamba z\u0131vana profil yap\u0131s\u0131 ile birbirine ge\u00e7me yapar, duman ve alev ge\u00e7i\u015fine engel olur,<\/li>\n<li>Yang\u0131n dayan\u0131m s\u00fcreleri y\u00fcksektir. 15 santimetre kal\u0131nl\u0131\u011f\u0131ndaki bir yang\u0131n duvar\u0131 ile 4 saate kadar yang\u0131na dayan\u0131m sa\u011flanabilir,<\/li>\n<li>Sanayi yap\u0131lar\u0131ndaki yap\u0131sal yang\u0131n g\u00fcvenli\u011fi \u00f6nlemleri i\u00e7in uygun bir \u00e7\u00f6z\u00fcmd\u00fcr,<\/li>\n<li>Y\u00fcksek bas\u0131n\u00e7 mukavemetine sahiptir ve darbelere kar\u015f\u0131 dayan\u0131kl\u0131d\u0131r,<\/li>\n<li>kullan\u0131ma ve montaja haz\u0131r \u015fekilde sevk edilerek, &nbsp;h\u0131zl\u0131 ve kolay uygulama tekni\u011fi ile yerine yerle\u015ftirilir,<\/li>\n<li>Do\u011fal hammaddelerden \u00fcretilen \u00e7evre dostu yap\u0131 malzemesidir. \u00dcretim s\u0131ras\u0131nda ve yap\u0131daki kullan\u0131m\u0131 boyunca \u00e7evreye zarar veren at\u0131klar olu\u015fmaz,<\/li>\n<li>Yat\u0131r\u0131m ve ya\u015fam d\u00f6ng\u00fcs\u00fc maliyeti d\u00fc\u015f\u00fckt\u00fcr.&nbsp;<\/li>\n<li>Yerli hammaddeler kullan\u0131larak T\u00fcrkiye\u2019de \u00fcretilir.<\/li>\n<li>Hava \u015fartlar\u0131ndan etkilenmez, r\u00fczgar y\u00fcklerine ve bir\u00e7ok \u00e7evresel etkiye dayanacak \u015fekilde tasarlan\u0131r. Her iklim b\u00f6lgesinde uygulanabilir.<\/li>\n<li>Kurulumu basittir ve y\u00fcksek ses yal\u0131t\u0131m \u00f6zelli\u011fi ile etkin g\u00fcr\u00fclt\u00fc korumas\u0131 sa\u011flar,<\/li>\n<li>Bak\u0131m gerektirmez. Zamanla \u00e7\u00fcr\u00fcmez, paslanmaz, kesit kayb\u0131na ve korozyona u\u011framaz,<\/li>\n<li>Herhangi bir nedenle hasar g\u00f6ren bir panelin de\u011fi\u015fimi di\u011fer panellere zarar vermeden kolayl\u0131kla yap\u0131labilir,<\/li>\n<li>10, 12.5, 15 ve 30 cm kal\u0131nl\u0131klar\u0131nda maksimum 400, 500 ve 600 cm uzunluklar\u0131nda ve 60 cm geni\u015fli\u011finde \u00fcretilmektedir.<\/li>\n<\/ul>\n<\/div><\/div><\/div><div class=\"fusion-layout-column fusion_builder_column fusion-builder-column-3 fusion_builder_column_1_1 1_1 fusion-flex-column\" style=\"--awb-bg-size:cover;--awb-width-large:100%;--awb-margin-top-large:0px;--awb-spacing-right-large:1.92%;--awb-margin-bottom-large:20px;--awb-spacing-left-large:1.92%;--awb-width-medium:100%;--awb-order-medium:0;--awb-spacing-right-medium:1.92%;--awb-spacing-left-medium:1.92%;--awb-width-small:100%;--awb-order-small:0;--awb-spacing-right-small:1.92%;--awb-spacing-left-small:1.92%;\"><div class=\"fusion-column-wrapper fusion-column-has-shadow fusion-flex-justify-content-flex-start fusion-content-layout-column\"><div class=\"fusion-title title fusion-title-5 fusion-title-text fusion-title-size-one\" style=\"--awb-text-color:#003087;--awb-sep-color:#c8a977;--awb-font-size:35px;\"><div class=\"title-sep-container title-sep-container-left fusion-no-large-visibility fusion-no-medium-visibility fusion-no-small-visibility\"><div class=\"title-sep sep-single sep-solid\" style=\"border-color:#c8a977;\"><\/div><\/div><span class=\"awb-title-spacer fusion-no-large-visibility fusion-no-medium-visibility fusion-no-small-visibility\"><\/span><h1 class=\"fusion-title-heading title-heading-left fusion-responsive-typography-calculated\" style=\"font-family:&quot;Poppins&quot;;font-style:normal;font-weight:400;margin:0;text-transform:capitalize;font-size:1em;--fontSize:35;line-height:var(--awb-typography1-line-height);\">Detay Tablosu<\/h1><span class=\"awb-title-spacer\"><\/span><div class=\"title-sep-container title-sep-container-right\"><div class=\"title-sep sep-single sep-solid\" style=\"border-color:#c8a977;\"><\/div><\/div><\/div><div class=\"fusion-text fusion-text-5\" style=\"--awb-font-size:20px;--awb-text-color:#003087;--awb-text-font-family:&quot;Poppins&quot;;--awb-text-font-style:normal;--awb-text-font-weight:400;\"><p style=\"text-align: center;\">K\u00c7S K\u0130PA\u015e DONATILI YAPI ELEMANLARI TEKN\u0130K \u00d6ZELL\u0130KLER\u0130<\/p>\n<\/div>\n<div class=\"table-1\">\n<table width=\"100%\">\n<thead>\n<tr>\n<th align=\"left\">\u00dcR\u00dcNLER<\/th>\n<th align=\"left\">D\u00dc\u015eEY DUVAR<\/th>\n<th align=\"left\">YATAY DUVAR<\/th>\n<th align=\"left\">D\u00dc\u015eEY DUVAR TA\u015eIYICI<\/th>\n<th align=\"left\">YATAY DUVAR TA\u015eIYICI<\/th>\n<th align=\"left\">D\u00d6\u015eEME PANEL\u0130<\/th>\n<th align=\"left\">\u00c7ATI PANEL\u0130<\/th>\n<\/tr>\n<\/thead>\n<tbody>\n<tr>\n<td align=\"left\">YO\u011eUNLUK (Kg\/m\u00b3)<\/td>\n<td align=\"left\">500<\/td>\n<td align=\"left\">500<\/td>\n<td align=\"left\">600<\/td>\n<td align=\"left\">600<\/td>\n<td align=\"left\">500<\/td>\n<td align=\"left\">600<\/td>\n<\/tr>\n<tr>\n<td align=\"left\">BASIN\u00c7 DAYANIMI (Kgf\/cm\u00b2)<\/td>\n<td align=\"left\">35\u2264<\/td>\n<td align=\"left\">35\u2264<\/td>\n<td align=\"left\">50\u2264<\/td>\n<td align=\"left\">50\u2264<\/td>\n<td align=\"left\">35\u2264<\/td>\n<td align=\"left\">50\u2264<\/td>\n<\/tr>\n<tr>\n<td align=\"left\">\u00c7EVRESEL ETK\u0130 SINIFI<\/td>\n<td align=\"left\">XD1<\/td>\n<td align=\"left\">XD1<\/td>\n<td align=\"left\">XD1<\/td>\n<td align=\"left\">XD1<\/td>\n<td align=\"left\">XD1<\/td>\n<td align=\"left\">XD1<\/td>\n<\/tr>\n<tr>\n<td align=\"left\">BOYUTLAR UZUNLUK (cm)<\/td>\n<td align=\"left\">50-600<\/td>\n<td align=\"left\">50-600<\/td>\n<td align=\"left\">50-600<\/td>\n<td align=\"left\">50-600<\/td>\n<td align=\"left\">50-600<\/td>\n<td align=\"left\">50-600<\/td>\n<\/tr>\n<tr>\n<td align=\"left\">BOYUTLAR GEN\u0130\u015eL\u0130K (cm)<\/td>\n<td align=\"left\">20-60<\/td>\n<td align=\"left\">20-60<\/td>\n<td align=\"left\">20-60<\/td>\n<td align=\"left\">20-60<\/td>\n<td align=\"left\">20-60<\/td>\n<td align=\"left\">20-60<\/td>\n<\/tr>\n<tr>\n<td align=\"left\">BOYUTLAR KALINLIK (cm)<\/td>\n<td align=\"left\">7,5-40<\/td>\n<td align=\"left\">7,5-40<\/td>\n<td align=\"left\">7,5-40<\/td>\n<td align=\"left\">7,5-40<\/td>\n<td align=\"left\">7,5-40<\/td>\n<td align=\"left\">7,5-40<\/td>\n<\/tr>\n<tr>\n<td align=\"left\">BOYUTSAL TOLERANS SINIFI<\/td>\n<td align=\"left\">T1<\/td>\n<td align=\"left\">T1<\/td>\n<td align=\"left\">T1<\/td>\n<td align=\"left\">T1<\/td>\n<td align=\"left\">T1<\/td>\n<td align=\"left\">T1<\/td>\n<\/tr>\n<tr>\n<td align=\"left\">KALINLIK SINIFI<\/td>\n<td align=\"left\">Th1<\/td>\n<td align=\"left\">Th1<\/td>\n<td align=\"left\">Th1<\/td>\n<td align=\"left\">Th1<\/td>\n<td align=\"left\">Th1<\/td>\n<td align=\"left\">Th1<\/td>\n<\/tr>\n<tr>\n<td align=\"left\">ISIL \u0130LETKENL\u0130K W\/m.K&nbsp;&nbsp;\u03bbh 10 dry<\/td>\n<td align=\"left\">0,15<\/td>\n<td align=\"left\">0,15<\/td>\n<td align=\"left\">0,19<\/td>\n<td align=\"left\">0,19<\/td>\n<td align=\"left\">0,15<\/td>\n<td align=\"left\">0,19<\/td>\n<\/tr>\n<tr>\n<td align=\"left\">YANGINA TEPK\u0130 SINIFI<\/td>\n<td align=\"left\">A1<\/td>\n<td align=\"left\">A1<\/td>\n<td align=\"left\">A1<\/td>\n<td align=\"left\">A1<\/td>\n<td align=\"left\">A1<\/td>\n<td align=\"left\">A1<\/td>\n<\/tr>\n<tr>\n<td align=\"left\">KISA S\u00dcREL\u0130 ADERANS SINIFI<\/td>\n<td align=\"left\">B1<\/td>\n<td align=\"left\">B1<\/td>\n<td align=\"left\">B1<\/td>\n<td align=\"left\">B1<\/td>\n<td align=\"left\">B1<\/td>\n<td align=\"left\">B1<\/td>\n<\/tr>\n<tr>\n<td align=\"left\">\u00d6N GER\u0130LME SINIFI<\/td>\n<td align=\"left\">P1<\/td>\n<td align=\"left\">P1<\/td>\n<td align=\"left\">P1<\/td>\n<td align=\"left\">P1<\/td>\n<td align=\"left\">P1<\/td>\n<td align=\"left\">P1<\/td>\n<\/tr>\n<tr>\n<td align=\"left\">EMN\u0130YET KATSAYISI<\/td>\n<td align=\"left\">1,9<\/td>\n<td align=\"left\">1,9<\/td>\n<td align=\"left\">1,9<\/td>\n<td align=\"left\">1,9<\/td>\n<td align=\"left\">1,9<\/td>\n<td align=\"left\">1,9<\/td>\n<\/tr>\n<tr>\n<td align=\"left\">DONATI KAPLAMA KALINLI\u011eI (\u00b5)<\/td>\n<td align=\"left\">\u226425<\/td>\n<td align=\"left\">\u226425<\/td>\n<td align=\"left\">\u226425<\/td>\n<td align=\"left\">\u226425<\/td>\n<td align=\"left\">\u226425<\/td>\n<td align=\"left\">\u226425<\/td>\n<\/tr>\n<tr>\n<td align=\"left\">DONATI AKMA DAYANIMI (MpA)<\/td>\n<td align=\"left\">500\u2264<\/td>\n<td align=\"left\">500\u2264<\/td>\n<td align=\"left\">500\u2264<\/td>\n<td align=\"left\">500\u2264<\/td>\n<td align=\"left\">500\u2264<\/td>\n<td align=\"left\">500\u2264<\/td>\n<\/tr>\n<tr>\n<td align=\"left\">DONATI \u00c7EKME DAYANIMI (MpA)<\/td>\n<td align=\"left\">550\u2264<\/td>\n<td align=\"left\">550\u2264<\/td>\n<td align=\"left\">550\u2264<\/td>\n<td align=\"left\">550\u2264<\/td>\n<td align=\"left\">550\u2264<\/td>\n<td align=\"left\">550<\/td>\n<\/tr>\n<\/tbody>\n<\/table>\n<\/div>\n<\/div><\/div><\/div><\/div>","protected":false},"excerpt":{"rendered":"","protected":false},"author":1,"featured_media":0,"parent":0,"menu_order":0,"comment_status":"closed","ping_status":"closed","template":"","meta":{"footnotes":""},"class_list":["post-5538","page","type-page","status-publish","hentry"],"_links":{"self":[{"href":"https:\/\/gazbeton.kcs.com.tr\/en\/wp-json\/wp\/v2\/pages\/5538","targetHints":{"allow":["GET"]}}],"collection":[{"href":"https:\/\/gazbeton.kcs.com.tr\/en\/wp-json\/wp\/v2\/pages"}],"about":[{"href":"https:\/\/gazbeton.kcs.com.tr\/en\/wp-json\/wp\/v2\/types\/page"}],"author":[{"embeddable":true,"href":"https:\/\/gazbeton.kcs.com.tr\/en\/wp-json\/wp\/v2\/users\/1"}],"replies":[{"embeddable":true,"href":"https:\/\/gazbeton.kcs.com.tr\/en\/wp-json\/wp\/v2\/comments?post=5538"}],"version-history":[{"count":4,"href":"https:\/\/gazbeton.kcs.com.tr\/en\/wp-json\/wp\/v2\/pages\/5538\/revisions"}],"predecessor-version":[{"id":5575,"href":"https:\/\/gazbeton.kcs.com.tr\/en\/wp-json\/wp\/v2\/pages\/5538\/revisions\/5575"}],"wp:attachment":[{"href":"https:\/\/gazbeton.kcs.com.tr\/en\/wp-json\/wp\/v2\/media?parent=5538"}],"curies":[{"name":"wp","href":"https:\/\/api.w.org\/{rel}","templated":true}]}}