{"id":5532,"date":"2025-10-27T16:53:42","date_gmt":"2025-10-27T13:53:42","guid":{"rendered":"https:\/\/gazbeton.kcs.com.tr\/?page_id=5532"},"modified":"2025-10-30T14:21:55","modified_gmt":"2025-10-30T11:21:55","slug":"gecmeli-duvar-blogu","status":"publish","type":"page","link":"https:\/\/gazbeton.kcs.com.tr\/en\/gecmeli-duvar-blogu\/","title":{"rendered":"Ge\u00e7meli Duvar Blo\u011fu"},"content":{"rendered":"<div class=\"fusion-fullwidth fullwidth-box fusion-builder-row-1 fusion-flex-container has-pattern-background has-mask-background nonhundred-percent-fullwidth non-hundred-percent-height-scrolling\" style=\"--awb-border-radius-top-left:0px;--awb-border-radius-top-right:0px;--awb-border-radius-bottom-right:0px;--awb-border-radius-bottom-left:0px;--awb-flex-wrap:wrap;\" ><div class=\"fusion-builder-row fusion-row fusion-flex-align-items-flex-start fusion-flex-content-wrap\" style=\"max-width:1216.8px;margin-left: calc(-4% \/ 2 );margin-right: calc(-4% \/ 2 );\"><div class=\"fusion-layout-column fusion_builder_column fusion-builder-column-0 fusion_builder_column_1_2 1_2 fusion-flex-column\" style=\"--awb-bg-size:cover;--awb-width-large:50%;--awb-margin-top-large:0px;--awb-spacing-right-large:3.84%;--awb-margin-bottom-large:20px;--awb-spacing-left-large:3.84%;--awb-width-medium:100%;--awb-order-medium:0;--awb-spacing-right-medium:1.92%;--awb-spacing-left-medium:1.92%;--awb-width-small:100%;--awb-order-small:0;--awb-spacing-right-small:1.92%;--awb-spacing-left-small:1.92%;\"><div class=\"fusion-column-wrapper fusion-column-has-shadow fusion-flex-justify-content-flex-start fusion-content-layout-column\"><div class=\"fusion-image-element\" style=\"--awb-aspect-ratio: 100 \/ 113;--awb-caption-title-font-family:var(--h2_typography-font-family);--awb-caption-title-font-weight:var(--h2_typography-font-weight);--awb-caption-title-font-style:var(--h2_typography-font-style);--awb-caption-title-size:var(--h2_typography-font-size);--awb-caption-title-transform:var(--h2_typography-text-transform);--awb-caption-title-line-height:var(--h2_typography-line-height);--awb-caption-title-letter-spacing:var(--h2_typography-letter-spacing);\"><span class=\"fusion-imageframe imageframe-none imageframe-1 hover-type-none has-aspect-ratio\"><img decoding=\"async\" width=\"300\" height=\"300\" src=\"https:\/\/gazbeton.kcs.com.tr\/wp-content\/uploads\/2025\/10\/gecmeli-blok-1592458786.jpg\" data-orig-src=\"https:\/\/gazbeton.kcs.com.tr\/wp-content\/uploads\/2025\/10\/gecmeli-blok-1592458786-300x300.jpg\" class=\"lazyload img-responsive wp-image-5528 img-with-aspect-ratio\" data-parent-fit=\"cover\" data-parent-container=\".fusion-image-element\" alt srcset=\"data:image\/svg+xml,%3Csvg%20xmlns%3D%27http%3A%2F%2Fwww.w3.org%2F2000%2Fsvg%27%20width%3D%27591%27%20height%3D%27591%27%20viewBox%3D%270%200%20591%20591%27%3E%3Crect%20width%3D%27591%27%20height%3D%27591%27%20fill-opacity%3D%220%22%2F%3E%3C%2Fsvg%3E\" data-srcset=\"https:\/\/gazbeton.kcs.com.tr\/wp-content\/uploads\/2025\/10\/gecmeli-blok-1592458786-200x200.jpg 200w, https:\/\/gazbeton.kcs.com.tr\/wp-content\/uploads\/2025\/10\/gecmeli-blok-1592458786-400x400.jpg 400w, https:\/\/gazbeton.kcs.com.tr\/wp-content\/uploads\/2025\/10\/gecmeli-blok-1592458786.jpg 591w\" data-sizes=\"auto\" data-orig-sizes=\"(max-width: 1024px) 100vw, (max-width: 640px) 100vw, 300px\" \/><\/span><\/div><\/div><\/div><div class=\"fusion-layout-column fusion_builder_column fusion-builder-column-1 fusion_builder_column_1_2 1_2 fusion-flex-column\" style=\"--awb-bg-size:cover;--awb-width-large:50%;--awb-margin-top-large:0px;--awb-spacing-right-large:3.84%;--awb-margin-bottom-large:20px;--awb-spacing-left-large:3.84%;--awb-width-medium:100%;--awb-order-medium:0;--awb-spacing-right-medium:1.92%;--awb-spacing-left-medium:1.92%;--awb-width-small:100%;--awb-order-small:0;--awb-spacing-right-small:1.92%;--awb-spacing-left-small:1.92%;\"><div class=\"fusion-column-wrapper fusion-column-has-shadow fusion-flex-justify-content-flex-start fusion-content-layout-column\"><div class=\"fusion-title title fusion-title-1 fusion-title-text fusion-title-size-one\" style=\"--awb-text-color:#003087;--awb-sep-color:#c8a977;--awb-font-size:35px;\"><div class=\"title-sep-container title-sep-container-left fusion-no-large-visibility fusion-no-medium-visibility fusion-no-small-visibility\"><div class=\"title-sep sep-single sep-solid\" style=\"border-color:#c8a977;\"><\/div><\/div><span class=\"awb-title-spacer fusion-no-large-visibility fusion-no-medium-visibility fusion-no-small-visibility\"><\/span><h1 class=\"fusion-title-heading title-heading-left fusion-responsive-typography-calculated\" style=\"font-family:&quot;Poppins&quot;;font-style:normal;font-weight:400;margin:0;text-transform:capitalize;font-size:1em;--fontSize:35;line-height:var(--awb-typography1-line-height);\">\u00dcr\u00fcn Tipi<\/h1><span class=\"awb-title-spacer\"><\/span><div class=\"title-sep-container title-sep-container-right\"><div class=\"title-sep sep-single sep-solid\" style=\"border-color:#c8a977;\"><\/div><\/div><\/div><div class=\"fusion-text fusion-text-1\" style=\"--awb-font-size:24px;--awb-text-color:#003087;--awb-text-font-family:&quot;Poppins&quot;;--awb-text-font-style:normal;--awb-text-font-weight:400;\"><p>GE\u00c7MEL\u0130 DUVAR BLO\u011eU<\/p>\n<\/div><div class=\"fusion-title title fusion-title-2 fusion-title-text fusion-title-size-one\" style=\"--awb-text-color:#003087;--awb-sep-color:#c8a977;--awb-font-size:35px;\"><div class=\"title-sep-container title-sep-container-left fusion-no-large-visibility fusion-no-medium-visibility fusion-no-small-visibility\"><div class=\"title-sep sep-single sep-solid\" style=\"border-color:#c8a977;\"><\/div><\/div><span class=\"awb-title-spacer fusion-no-large-visibility fusion-no-medium-visibility fusion-no-small-visibility\"><\/span><h1 class=\"fusion-title-heading title-heading-left fusion-responsive-typography-calculated\" style=\"font-family:&quot;Poppins&quot;;font-style:normal;font-weight:400;margin:0;text-transform:capitalize;font-size:1em;--fontSize:35;line-height:var(--awb-typography1-line-height);\">\u00dcr\u00fcn Standard\u0131<\/h1><span class=\"awb-title-spacer\"><\/span><div class=\"title-sep-container title-sep-container-right\"><div class=\"title-sep sep-single sep-solid\" style=\"border-color:#c8a977;\"><\/div><\/div><\/div><div class=\"fusion-text fusion-text-2\" style=\"--awb-font-size:16px;--awb-text-color:#003087;--awb-text-font-family:&quot;Poppins&quot;;--awb-text-font-style:normal;--awb-text-font-weight:400;\"><p>TS EN 771-4<\/p>\n<\/div><div class=\"fusion-title title fusion-title-3 fusion-title-text fusion-title-size-one\" style=\"--awb-text-color:#003087;--awb-sep-color:#c8a977;--awb-font-size:35px;\"><div class=\"title-sep-container title-sep-container-left fusion-no-large-visibility fusion-no-medium-visibility fusion-no-small-visibility\"><div class=\"title-sep sep-single sep-solid\" style=\"border-color:#c8a977;\"><\/div><\/div><span class=\"awb-title-spacer fusion-no-large-visibility fusion-no-medium-visibility fusion-no-small-visibility\"><\/span><h1 class=\"fusion-title-heading title-heading-left fusion-responsive-typography-calculated\" style=\"font-family:&quot;Poppins&quot;;font-style:normal;font-weight:400;margin:0;text-transform:capitalize;font-size:1em;--fontSize:35;line-height:var(--awb-typography1-line-height);\">\u00dcr\u00fcn Tan\u0131m\u0131<\/h1><span class=\"awb-title-spacer\"><\/span><div class=\"title-sep-container title-sep-container-right\"><div class=\"title-sep sep-single sep-solid\" style=\"border-color:#c8a977;\"><\/div><\/div><\/div><div class=\"fusion-text fusion-text-3\" style=\"--awb-font-size:14px;--awb-text-color:#003087;--awb-text-font-family:&quot;Poppins&quot;;--awb-text-font-style:normal;--awb-text-font-weight:400;\"><p>TS EN 771-4 standard\u0131nda \u00fcretilen, TSE ve CE belgeli K\u00c7S Kipa\u015f Gazbeton Ge\u00e7meli Duvar Bloklar\u0131, d\u00fcz duvar bloklar\u0131 gibi yap\u0131larda i\u00e7 ve d\u0131\u015f duvarlarda, y\u0131\u011fma binalar\u0131n i\u00e7 ve d\u0131\u015f duvarlar\u0131nda kullan\u0131l\u0131r.<\/p>\n<p>Is\u0131 k\u00f6pr\u00fclerini azaltan ge\u00e7meli bloklarda d\u00fc\u015fey derzlerde tutkal uygulamas\u0131na gerek kalmaz. B\u00f6ylece; uygulama h\u0131z\u0131 artarken, tutkal t\u00fcketimi azal\u0131r.<\/p>\n<p>K\u00c7S Kipa\u015f Gazbeton olarak binalar\u0131n d\u0131\u015f cepheleri i\u00e7in \u00f6zel olarak iki adet lamba ve z\u0131vanal\u0131 \u00fcretim yapmaktay\u0131z, bu durum \u00f6rg\u00fc harc\u0131ndan kaynakl\u0131 \u0131s\u0131 ge\u00e7i\u015fini %90 oran\u0131nda engellemektedir.<\/p>\n<p>Lamba ve z\u0131vana y\u00fczeylerine \u00f6rg\u00fc harc\u0131 s\u00fcr\u00fclmedi\u011fi i\u00e7in hem tasarruf hem de uygulama kolayl\u0131\u011f\u0131 sa\u011flamaktad\u0131r.<\/p>\n<p>Lamba ve z\u0131vanalar sayesinde \u00f6rme i\u015flemlerinde kolayl\u0131k sa\u011flar.<\/p>\n<\/div><\/div><\/div><div class=\"fusion-layout-column fusion_builder_column fusion-builder-column-2 fusion_builder_column_1_1 1_1 fusion-flex-column\" style=\"--awb-bg-size:cover;--awb-width-large:100%;--awb-margin-top-large:0px;--awb-spacing-right-large:1.92%;--awb-margin-bottom-large:20px;--awb-spacing-left-large:1.92%;--awb-width-medium:100%;--awb-order-medium:0;--awb-spacing-right-medium:1.92%;--awb-spacing-left-medium:1.92%;--awb-width-small:100%;--awb-order-small:0;--awb-spacing-right-small:1.92%;--awb-spacing-left-small:1.92%;\"><div class=\"fusion-column-wrapper fusion-column-has-shadow fusion-flex-justify-content-flex-start fusion-content-layout-column\"><div class=\"fusion-title title fusion-title-4 fusion-title-text fusion-title-size-one\" style=\"--awb-text-color:#003087;--awb-sep-color:#c8a977;--awb-font-size:35px;\"><div class=\"title-sep-container title-sep-container-left fusion-no-large-visibility fusion-no-medium-visibility fusion-no-small-visibility\"><div class=\"title-sep sep-single sep-solid\" style=\"border-color:#c8a977;\"><\/div><\/div><span class=\"awb-title-spacer fusion-no-large-visibility fusion-no-medium-visibility fusion-no-small-visibility\"><\/span><h1 class=\"fusion-title-heading title-heading-left fusion-responsive-typography-calculated\" style=\"font-family:&quot;Poppins&quot;;font-style:normal;font-weight:400;margin:0;text-transform:capitalize;font-size:1em;--fontSize:35;line-height:var(--awb-typography1-line-height);\">Kullan\u0131m Alan\u0131<\/h1><span class=\"awb-title-spacer\"><\/span><div class=\"title-sep-container title-sep-container-right\"><div class=\"title-sep sep-single sep-solid\" style=\"border-color:#c8a977;\"><\/div><\/div><\/div><div class=\"fusion-text fusion-text-4\" style=\"--awb-font-size:14px;--awb-text-color:#003087;--awb-text-font-family:&quot;Poppins&quot;;--awb-text-font-style:normal;--awb-text-font-weight:400;\"><p>TS EN 771-4 standard\u0131nda \u00fcretilen, TSE ve CE belgeli K\u00c7S Kipa\u015f Gazbeton Ge\u00e7meli Duvar Bloklar\u0131, d\u00fcz duvar bloklar\u0131 gibi yap\u0131larda i\u00e7 ve d\u0131\u015f duvarlarda, y\u0131\u011fma binalar\u0131n i\u00e7 ve d\u0131\u015f duvarlar\u0131nda kullan\u0131l\u0131r. Is\u0131 k\u00f6pr\u00fclerini azaltan ge\u00e7meli bloklarda d\u00fc\u015fey derzlerde tutkal uygulamas\u0131na gerek kalmaz. B\u00f6ylece; uygulama h\u0131z\u0131 artarken, tutkal t\u00fcketimi azal\u0131r.<\/p>\n<p>K\u00c7S Kipa\u015f Gazbeton y\u00fcksek \u0131s\u0131 yal\u0131t\u0131m \u00f6zelli\u011fine sahip mineral esasl\u0131, hi\u00e7 yanmaz bir duvar malzemesi olup, yap\u0131lar\u0131n i\u00e7 ve d\u0131\u015f dolgu duvarlar\u0131n\u0131n yap\u0131m\u0131nda, y\u0131\u011fma yap\u0131larda, ta\u015f\u0131y\u0131c\u0131 d\u0131\u015f ve i\u00e7 duvar malzemesi olarak kullan\u0131l\u0131r. Yang\u0131n duvar\u0131 yap\u0131m\u0131 i\u00e7in  uygundur.<\/p>\n<p>TLMB boyutsal s\u0131n\u0131f\u0131nda \u00b1 1,0-1,5 mm hassasiyette \u00fcretilmektedir. Bu durum uygulama kolayl\u0131\u011f\u0131 ve h\u0131z\u0131n\u0131n yan\u0131 s\u0131ra s\u0131va tasarrufu sa\u011flar.<\/p>\n<p>Is\u0131 yal\u0131t\u0131m\u0131 ve yang\u0131n dayan\u0131m\u0131n\u0131n y\u00fcksekli\u011fi, \u00f6l\u00e7\u00fc sapmalar\u0131n\u0131n \u00e7ok az olmas\u0131, hafifli\u011fi, d\u00fczg\u00fcn y\u00fczeylere sahip olmas\u0131, K\u00c7S Kipa\u015f Gazbeton\u2019 un temel \u00f6zellikleridir.<\/p>\n<p>Bu nedenle;<br \/>Uygun kal\u0131nl\u0131kta kullan\u0131ld\u0131\u011f\u0131nda, duvar \u00fczerine \u0131s\u0131 yal\u0131t\u0131m\u0131 \/ mantolama yapmadan (kolon kiri\u015f d\u0131\u015f\u0131nda), \u00dclkemizin bir\u00e7ok b\u00f6lgesinde TS 825 Binalarda Is\u0131 Yal\u0131t\u0131m\u0131 Kurallar\u0131 ve Is\u0131 Yal\u0131t\u0131m Y\u00f6netmeli\u011fi\u2019ne uygun d\u0131\u015f cepheler yap\u0131labilmektedir.<\/p>\n<\/div><div class=\"fusion-title title fusion-title-5 fusion-title-text fusion-title-size-one\" style=\"--awb-text-color:#003087;--awb-sep-color:#c8a977;--awb-font-size:35px;\"><div class=\"title-sep-container title-sep-container-left fusion-no-large-visibility fusion-no-medium-visibility fusion-no-small-visibility\"><div class=\"title-sep sep-single sep-solid\" style=\"border-color:#c8a977;\"><\/div><\/div><span class=\"awb-title-spacer fusion-no-large-visibility fusion-no-medium-visibility fusion-no-small-visibility\"><\/span><h1 class=\"fusion-title-heading title-heading-left fusion-responsive-typography-calculated\" style=\"font-family:&quot;Poppins&quot;;font-style:normal;font-weight:400;margin:0;text-transform:capitalize;font-size:1em;--fontSize:35;line-height:var(--awb-typography1-line-height);\">Detay Tablosu<\/h1><span class=\"awb-title-spacer\"><\/span><div class=\"title-sep-container title-sep-container-right\"><div class=\"title-sep sep-single sep-solid\" style=\"border-color:#c8a977;\"><\/div><\/div><\/div><div class=\"fusion-text fusion-text-5\" style=\"--awb-font-size:18px;--awb-text-color:#003087;--awb-text-font-family:&quot;Poppins&quot;;--awb-text-font-style:normal;--awb-text-font-weight:400;\"><p style=\"text-align: center;\"><strong>K\u00c7S K\u0130PA\u015e GAZBETON LAMBA ZIVANALI&nbsp; BLOK \u00dcR\u00dcNLER TEKN\u0130K \u00d6ZELL\u0130KLER<\/strong><\/p>\n<\/div>\n<div class=\"table-1\">\n<table width=\"100%\">\n<thead>\n<tr>\n<th align=\"left\">\u00dcr\u00fcnler<\/th>\n<th align=\"left\"><strong>BOYUTLAR(CM)<\/strong><\/th>\n<th align=\"left\">&nbsp;<\/th>\n<th align=\"left\">&nbsp;<\/th>\n<th align=\"left\">Is\u0131l \u0130letkenlik<\/th>\n<th align=\"left\">Kuru Yo\u011funluk<\/th>\n<th align=\"left\">Bas\u0131n\u00e7 Dayan\u0131m\u0131<\/th>\n<th align=\"left\">Yang\u0131n S\u0131n\u0131f\u0131<\/th>\n<\/tr>\n<\/thead>\n<tbody>\n<tr>\n<td align=\"left\">&nbsp;<\/td>\n<td align=\"left\"><strong>Uzunluk<\/strong><\/td>\n<td align=\"left\"><strong>Y\u00fckseklik<\/strong><\/td>\n<td align=\"left\"><strong>Geni\u015flik<\/strong><\/td>\n<td align=\"left\"><strong>\u03bbh 10 dry W\/m.K<\/strong><\/td>\n<td align=\"left\"><strong>Kg\/m\u00b3<\/strong><\/td>\n<td align=\"left\"><strong>Kgf\/cm\u00b2<\/strong><\/td>\n<td align=\"left\"><strong>Yanmaz<\/strong><\/td>\n<\/tr>\n<tr>\n<td align=\"left\">G2\/350<\/td>\n<td align=\"left\">50&#8230;60<\/td>\n<td align=\"left\">20&#8230;25<\/td>\n<td align=\"left\">5&#8230;50<\/td>\n<td align=\"left\">0,090<\/td>\n<td align=\"left\">350<\/td>\n<td align=\"left\">23\u2264<\/td>\n<td align=\"left\">A1 EURO CLASS<\/td>\n<\/tr>\n<tr>\n<td align=\"left\">*G2\/400<\/td>\n<td align=\"left\">50&#8230;60<\/td>\n<td align=\"left\">20&#8230;25<\/td>\n<td align=\"left\">5&#8230;50<\/td>\n<td align=\"left\">0,083 (K.Mara\u015f UTO)<\/td>\n<td align=\"left\">400<\/td>\n<td align=\"left\">25\u2264<\/td>\n<td align=\"left\">A1 EURO CLASS<\/td>\n<\/tr>\n<tr>\n<td align=\"left\">*G2\/400<\/td>\n<td align=\"left\">50&#8230;60<\/td>\n<td align=\"left\">20&#8230;25<\/td>\n<td align=\"left\">5&#8230;50<\/td>\n<td align=\"left\">0,087 (S\u00f6ke UTO)<\/td>\n<td align=\"left\">400<\/td>\n<td align=\"left\">25\u2264<\/td>\n<td align=\"left\">A1 EURO CLASS<\/td>\n<\/tr>\n<tr>\n<td align=\"left\">G2\/500<\/td>\n<td align=\"left\">50&#8230;60<\/td>\n<td align=\"left\">20&#8230;25<\/td>\n<td align=\"left\">5&#8230;50<\/td>\n<td align=\"left\">0,15<\/td>\n<td align=\"left\">500<\/td>\n<td align=\"left\">35\u2264<\/td>\n<td align=\"left\">A1 EURO CLASS<\/td>\n<\/tr>\n<tr>\n<td align=\"left\">G2\/600<\/td>\n<td align=\"left\">50&#8230;60<\/td>\n<td align=\"left\">20&#8230;25<\/td>\n<td align=\"left\">5&#8230;50<\/td>\n<td align=\"left\">0,16<\/td>\n<td align=\"left\">600<\/td>\n<td align=\"left\">50\u2264<\/td>\n<td align=\"left\">A1 EURO CLASS<\/td>\n<\/tr>\n<\/tbody>\n<\/table>\n<\/div>\n<\/div><\/div><\/div><\/div>","protected":false},"excerpt":{"rendered":"","protected":false},"author":1,"featured_media":0,"parent":0,"menu_order":0,"comment_status":"closed","ping_status":"closed","template":"","meta":{"footnotes":""},"class_list":["post-5532","page","type-page","status-publish","hentry"],"_links":{"self":[{"href":"https:\/\/gazbeton.kcs.com.tr\/en\/wp-json\/wp\/v2\/pages\/5532","targetHints":{"allow":["GET"]}}],"collection":[{"href":"https:\/\/gazbeton.kcs.com.tr\/en\/wp-json\/wp\/v2\/pages"}],"about":[{"href":"https:\/\/gazbeton.kcs.com.tr\/en\/wp-json\/wp\/v2\/types\/page"}],"author":[{"embeddable":true,"href":"https:\/\/gazbeton.kcs.com.tr\/en\/wp-json\/wp\/v2\/users\/1"}],"replies":[{"embeddable":true,"href":"https:\/\/gazbeton.kcs.com.tr\/en\/wp-json\/wp\/v2\/comments?post=5532"}],"version-history":[{"count":7,"href":"https:\/\/gazbeton.kcs.com.tr\/en\/wp-json\/wp\/v2\/pages\/5532\/revisions"}],"predecessor-version":[{"id":5560,"href":"https:\/\/gazbeton.kcs.com.tr\/en\/wp-json\/wp\/v2\/pages\/5532\/revisions\/5560"}],"wp:attachment":[{"href":"https:\/\/gazbeton.kcs.com.tr\/en\/wp-json\/wp\/v2\/media?parent=5532"}],"curies":[{"name":"wp","href":"https:\/\/api.w.org\/{rel}","templated":true}]}}