{"id":5530,"date":"2025-10-27T16:52:36","date_gmt":"2025-10-27T13:52:36","guid":{"rendered":"https:\/\/gazbeton.kcs.com.tr\/?page_id=5530"},"modified":"2025-10-27T17:26:16","modified_gmt":"2025-10-27T14:26:16","slug":"duz-duvar-blogu","status":"publish","type":"page","link":"https:\/\/gazbeton.kcs.com.tr\/en\/duz-duvar-blogu\/","title":{"rendered":"D\u00fcz Duvar Blo\u011fu"},"content":{"rendered":"<div class=\"fusion-fullwidth fullwidth-box fusion-builder-row-1 fusion-flex-container has-pattern-background has-mask-background nonhundred-percent-fullwidth non-hundred-percent-height-scrolling\" style=\"--awb-border-radius-top-left:0px;--awb-border-radius-top-right:0px;--awb-border-radius-bottom-right:0px;--awb-border-radius-bottom-left:0px;--awb-flex-wrap:wrap;\" ><div class=\"fusion-builder-row fusion-row fusion-flex-align-items-flex-start fusion-flex-content-wrap\" style=\"max-width:1216.8px;margin-left: calc(-4% \/ 2 );margin-right: calc(-4% \/ 2 );\"><div class=\"fusion-layout-column fusion_builder_column fusion-builder-column-0 fusion_builder_column_1_2 1_2 fusion-flex-column\" style=\"--awb-bg-size:cover;--awb-width-large:50%;--awb-margin-top-large:0px;--awb-spacing-right-large:3.84%;--awb-margin-bottom-large:20px;--awb-spacing-left-large:3.84%;--awb-width-medium:100%;--awb-order-medium:0;--awb-spacing-right-medium:1.92%;--awb-spacing-left-medium:1.92%;--awb-width-small:100%;--awb-order-small:0;--awb-spacing-right-small:1.92%;--awb-spacing-left-small:1.92%;\"><div class=\"fusion-column-wrapper fusion-column-has-shadow fusion-flex-justify-content-flex-start fusion-content-layout-column\"><div class=\"fusion-image-element\" style=\"--awb-aspect-ratio: 100 \/ 102;--awb-caption-title-font-family:var(--h2_typography-font-family);--awb-caption-title-font-weight:var(--h2_typography-font-weight);--awb-caption-title-font-style:var(--h2_typography-font-style);--awb-caption-title-size:var(--h2_typography-font-size);--awb-caption-title-transform:var(--h2_typography-text-transform);--awb-caption-title-line-height:var(--h2_typography-line-height);--awb-caption-title-letter-spacing:var(--h2_typography-letter-spacing);\"><span class=\"fusion-imageframe imageframe-none imageframe-1 hover-type-none has-aspect-ratio\"><img decoding=\"async\" width=\"300\" height=\"300\" src=\"https:\/\/gazbeton.kcs.com.tr\/wp-content\/uploads\/2025\/10\/duz-block-1597949562-1.jpg\" data-orig-src=\"https:\/\/gazbeton.kcs.com.tr\/wp-content\/uploads\/2025\/10\/duz-block-1597949562-1-300x300.jpg\" class=\"lazyload img-responsive wp-image-5527 img-with-aspect-ratio\" data-parent-fit=\"cover\" data-parent-container=\".fusion-image-element\" alt srcset=\"data:image\/svg+xml,%3Csvg%20xmlns%3D%27http%3A%2F%2Fwww.w3.org%2F2000%2Fsvg%27%20width%3D%271200%27%20height%3D%271200%27%20viewBox%3D%270%200%201200%201200%27%3E%3Crect%20width%3D%271200%27%20height%3D%271200%27%20fill-opacity%3D%220%22%2F%3E%3C%2Fsvg%3E\" data-srcset=\"https:\/\/gazbeton.kcs.com.tr\/wp-content\/uploads\/2025\/10\/duz-block-1597949562-1-200x200.jpg 200w, https:\/\/gazbeton.kcs.com.tr\/wp-content\/uploads\/2025\/10\/duz-block-1597949562-1-400x400.jpg 400w, https:\/\/gazbeton.kcs.com.tr\/wp-content\/uploads\/2025\/10\/duz-block-1597949562-1-600x600.jpg 600w, https:\/\/gazbeton.kcs.com.tr\/wp-content\/uploads\/2025\/10\/duz-block-1597949562-1-800x800.jpg 800w, https:\/\/gazbeton.kcs.com.tr\/wp-content\/uploads\/2025\/10\/duz-block-1597949562-1.jpg 1200w\" data-sizes=\"auto\" data-orig-sizes=\"(max-width: 1024px) 100vw, (max-width: 640px) 100vw, 600px\" \/><\/span><\/div><\/div><\/div><div class=\"fusion-layout-column fusion_builder_column fusion-builder-column-1 fusion_builder_column_1_2 1_2 fusion-flex-column\" style=\"--awb-bg-size:cover;--awb-width-large:50%;--awb-margin-top-large:0px;--awb-spacing-right-large:3.84%;--awb-margin-bottom-large:20px;--awb-spacing-left-large:3.84%;--awb-width-medium:100%;--awb-order-medium:0;--awb-spacing-right-medium:1.92%;--awb-spacing-left-medium:1.92%;--awb-width-small:100%;--awb-order-small:0;--awb-spacing-right-small:1.92%;--awb-spacing-left-small:1.92%;\"><div class=\"fusion-column-wrapper fusion-column-has-shadow fusion-flex-justify-content-flex-start fusion-content-layout-column\"><div class=\"fusion-title title fusion-title-1 fusion-title-text fusion-title-size-one\" style=\"--awb-text-color:#003087;--awb-sep-color:#c8a977;--awb-font-size:35px;\"><div class=\"title-sep-container title-sep-container-left fusion-no-large-visibility fusion-no-medium-visibility fusion-no-small-visibility\"><div class=\"title-sep sep-single sep-solid\" style=\"border-color:#c8a977;\"><\/div><\/div><span class=\"awb-title-spacer fusion-no-large-visibility fusion-no-medium-visibility fusion-no-small-visibility\"><\/span><h1 class=\"fusion-title-heading title-heading-left fusion-responsive-typography-calculated\" style=\"font-family:&quot;Poppins&quot;;font-style:normal;font-weight:400;margin:0;text-transform:capitalize;font-size:1em;--fontSize:35;line-height:var(--awb-typography1-line-height);\">HAKKIMIZDA<\/h1><span class=\"awb-title-spacer\"><\/span><div class=\"title-sep-container title-sep-container-right\"><div class=\"title-sep sep-single sep-solid\" style=\"border-color:#c8a977;\"><\/div><\/div><\/div><div class=\"fusion-text fusion-text-1\" style=\"--awb-font-size:24px;--awb-text-color:#003087;--awb-text-font-family:&quot;Poppins&quot;;--awb-text-font-style:normal;--awb-text-font-weight:400;\"><p>D\u00dcZ DUVAR BLO\u011eU<\/p>\n<\/div><div class=\"fusion-title title fusion-title-2 fusion-title-text fusion-title-size-one\" style=\"--awb-text-color:#003087;--awb-sep-color:#c8a977;--awb-font-size:35px;\"><div class=\"title-sep-container title-sep-container-left fusion-no-large-visibility fusion-no-medium-visibility fusion-no-small-visibility\"><div class=\"title-sep sep-single sep-solid\" style=\"border-color:#c8a977;\"><\/div><\/div><span class=\"awb-title-spacer fusion-no-large-visibility fusion-no-medium-visibility fusion-no-small-visibility\"><\/span><h1 class=\"fusion-title-heading title-heading-left fusion-responsive-typography-calculated\" style=\"font-family:&quot;Poppins&quot;;font-style:normal;font-weight:400;margin:0;text-transform:capitalize;font-size:1em;--fontSize:35;line-height:var(--awb-typography1-line-height);\">\u00dcr\u00fcn Standard\u0131<\/h1><span class=\"awb-title-spacer\"><\/span><div class=\"title-sep-container title-sep-container-right\"><div class=\"title-sep sep-single sep-solid\" style=\"border-color:#c8a977;\"><\/div><\/div><\/div><div class=\"fusion-text fusion-text-2\" style=\"--awb-font-size:14px;--awb-text-color:#003087;--awb-text-font-family:&quot;Poppins&quot;;--awb-text-font-style:normal;--awb-text-font-weight:400;\"><p>TS EN 771-4+A1<\/p>\n<\/div><div class=\"fusion-title title fusion-title-3 fusion-title-text fusion-title-size-one\" style=\"--awb-text-color:#003087;--awb-sep-color:#c8a977;--awb-font-size:35px;\"><div class=\"title-sep-container title-sep-container-left fusion-no-large-visibility fusion-no-medium-visibility fusion-no-small-visibility\"><div class=\"title-sep sep-single sep-solid\" style=\"border-color:#c8a977;\"><\/div><\/div><span class=\"awb-title-spacer fusion-no-large-visibility fusion-no-medium-visibility fusion-no-small-visibility\"><\/span><h1 class=\"fusion-title-heading title-heading-left fusion-responsive-typography-calculated\" style=\"font-family:&quot;Poppins&quot;;font-style:normal;font-weight:400;margin:0;text-transform:capitalize;font-size:1em;--fontSize:35;line-height:var(--awb-typography1-line-height);\">\u00dcr\u00fcn Tan\u0131m\u0131<\/h1><span class=\"awb-title-spacer\"><\/span><div class=\"title-sep-container title-sep-container-right\"><div class=\"title-sep sep-single sep-solid\" style=\"border-color:#c8a977;\"><\/div><\/div><\/div><div class=\"fusion-text fusion-text-3\" style=\"--awb-font-size:14px;--awb-text-color:#003087;--awb-text-font-family:&quot;Poppins&quot;;--awb-text-font-style:normal;--awb-text-font-weight:400;\"><p>K\u00c7S Kipa\u015f Gazbeton Blok \u00dcr\u00fcnleri; TS EN 771-4 standard\u0131nda TSE&nbsp; belgeli ve CE i\u015faretlemesi y\u00f6netmeliklerine uygun \u015fartlarda&nbsp;\u00fcretilerek; y\u0131\u011fma binalarda dahil olmak \u00fczere her t\u00fcrl\u00fc yap\u0131, i\u00e7 ve d\u0131\u015f duvarlar\u0131nda kullan\u0131lan kendinden yal\u0131t\u0131ml\u0131 yap\u0131 malzemeleridir.<\/p>\n<p>Y\u00fcksek \u0131s\u0131 yal\u0131t\u0131m\u0131, A1 S\u0131n\u0131f\u0131 hi\u00e7 yanmaz olmas\u0131, d\u00fczg\u00fcn ve y\u00fcksek hassasiyete sahip boyutlar\u0131, hafifli\u011fi ile yap\u0131larda enerji tasarrufu sa\u011flarken konfor ve g\u00fcvenli\u011fi bir arada sunar.&nbsp;<\/p>\n<\/div><\/div><\/div><div class=\"fusion-layout-column fusion_builder_column fusion-builder-column-2 fusion_builder_column_1_1 1_1 fusion-flex-column\" style=\"--awb-bg-size:cover;--awb-width-large:100%;--awb-margin-top-large:0px;--awb-spacing-right-large:1.92%;--awb-margin-bottom-large:20px;--awb-spacing-left-large:1.92%;--awb-width-medium:100%;--awb-order-medium:0;--awb-spacing-right-medium:1.92%;--awb-spacing-left-medium:1.92%;--awb-width-small:100%;--awb-order-small:0;--awb-spacing-right-small:1.92%;--awb-spacing-left-small:1.92%;\"><div class=\"fusion-column-wrapper fusion-column-has-shadow fusion-flex-justify-content-flex-start fusion-content-layout-column\"><div class=\"fusion-title title fusion-title-4 fusion-title-text fusion-title-size-one\" style=\"--awb-text-color:#003087;--awb-sep-color:#c8a977;--awb-font-size:35px;\"><div class=\"title-sep-container title-sep-container-left fusion-no-large-visibility fusion-no-medium-visibility fusion-no-small-visibility\"><div class=\"title-sep sep-single sep-solid\" style=\"border-color:#c8a977;\"><\/div><\/div><span class=\"awb-title-spacer fusion-no-large-visibility fusion-no-medium-visibility fusion-no-small-visibility\"><\/span><h1 class=\"fusion-title-heading title-heading-left fusion-responsive-typography-calculated\" style=\"font-family:&quot;Poppins&quot;;font-style:normal;font-weight:400;margin:0;text-transform:capitalize;font-size:1em;--fontSize:35;line-height:var(--awb-typography1-line-height);\">Kullan\u0131m Alan\u0131<\/h1><span class=\"awb-title-spacer\"><\/span><div class=\"title-sep-container title-sep-container-right\"><div class=\"title-sep sep-single sep-solid\" style=\"border-color:#c8a977;\"><\/div><\/div><\/div><div class=\"fusion-text fusion-text-4\" style=\"--awb-font-size:14px;--awb-text-color:#003087;--awb-text-font-family:&quot;Poppins&quot;;--awb-text-font-style:normal;--awb-text-font-weight:400;\"><p>&nbsp;K\u00c7S Kipa\u015f Gazbeton, G2\/400 S\u0131n\u0131f\u0131nda 0,083&nbsp;W\/m.K Is\u0131l \u0130letkenlik De\u011feri ile s\u0131n\u0131f\u0131nda ilk ve tektir.<\/p>\n<p>\u2022&nbsp;&nbsp; &nbsp;K\u00c7S Kipa\u015f Gazbeton, her t\u00fcrl\u00fc yap\u0131 sisteminde i\u00e7 ve d\u0131\u015f duvarlar\u0131nda kullan\u0131labilir,<br \/>\u2022&nbsp;&nbsp; &nbsp;K\u00c7S Kipa\u015f Gazbeton, \u00fcr\u00fcnlerine \u00fclkemizin her yerinden h\u0131zla ula\u015f\u0131labilir,<br \/>\u2022&nbsp;&nbsp; &nbsp;K\u00c7S Kipa\u015f Gazbeton, g\u00f6zenekli yap\u0131s\u0131 sayesinde duvarlar\u0131n nefes almas\u0131n\u0131 sa\u011flar,<br \/>\u2022&nbsp;&nbsp; &nbsp;K\u00c7S Kipa\u015f Gazbeton, g\u00f6zenekli ve hafif yap\u0131s\u0131 sayesinde \u0131s\u0131 yal\u0131t\u0131m\u0131 sa\u011flar,<br \/>\u2022&nbsp;&nbsp; &nbsp;K\u00c7S Kipa\u015f Gazbeton, bile\u015fenleri sayesinde duvarlarda mantar, k\u00fcf ve bakteri olu\u015fumunu engeller,<br \/>\u2022&nbsp;&nbsp; &nbsp;K\u00c7S Kipa\u015f Gazbeton, hafifli\u011fi sayesinde yap\u0131n\u0131n ta\u015f\u0131y\u0131c\u0131 sistemine binen y\u00fck\u00fc azaltarak, deprem g\u00fcvenli\u011fi sa\u011flar,<br \/>\u2022&nbsp;&nbsp; &nbsp;K\u00c7S Kipa\u015f Gazbeton, A1 S\u0131n\u0131f\u0131 hi\u00e7 yanmaz \u00f6zelli\u011fi ile yang\u0131n g\u00fcvenli\u011fi sa\u011flar, ayn\u0131 zamanda yang\u0131n bariyeri olarak da kullan\u0131labilir,&nbsp;<br \/>\u2022&nbsp;&nbsp; &nbsp;K\u00c7S Kipa\u015f Gazbeton, hafif olmas\u0131 ve kolay i\u015flenebilmesi sayesinde uygulama rahatl\u0131\u011f\u0131 ve h\u0131z\u0131 sunarken az fire ile \u00e7al\u0131\u015f\u0131lmas\u0131na olanak sa\u011flar.<\/p>\n<\/div><div class=\"fusion-title title fusion-title-5 fusion-title-text fusion-title-size-one\" style=\"--awb-text-color:#003087;--awb-sep-color:#c8a977;--awb-font-size:35px;\"><div class=\"title-sep-container title-sep-container-left fusion-no-large-visibility fusion-no-medium-visibility fusion-no-small-visibility\"><div class=\"title-sep sep-single sep-solid\" style=\"border-color:#c8a977;\"><\/div><\/div><span class=\"awb-title-spacer fusion-no-large-visibility fusion-no-medium-visibility fusion-no-small-visibility\"><\/span><h1 class=\"fusion-title-heading title-heading-left fusion-responsive-typography-calculated\" style=\"font-family:&quot;Poppins&quot;;font-style:normal;font-weight:400;margin:0;text-transform:capitalize;font-size:1em;--fontSize:35;line-height:var(--awb-typography1-line-height);\">Detay Tablosu<\/h1><span class=\"awb-title-spacer\"><\/span><div class=\"title-sep-container title-sep-container-right\"><div class=\"title-sep sep-single sep-solid\" style=\"border-color:#c8a977;\"><\/div><\/div><\/div><div class=\"fusion-text fusion-text-5\" style=\"--awb-font-size:18px;--awb-text-color:#003087;--awb-text-font-family:&quot;Poppins&quot;;--awb-text-font-style:normal;--awb-text-font-weight:400;\"><p style=\"text-align: center;\"><b>K\u00c7S K\u0130PA\u015e GAZBETON D\u00dcZ BLOK \u00dcR\u00dcNLER TEKN\u0130K \u00d6ZELL\u0130KLER<\/b><\/p>\n<\/div>\n<div class=\"table-1\">\n<table width=\"100%\">\n<thead>\n<tr>\n<th align=\"left\">\u00dcr\u00fcnler<\/th>\n<th align=\"left\"><strong>BOYUTLAR(CM)<\/strong><\/th>\n<th align=\"left\">&nbsp;<\/th>\n<th align=\"left\">&nbsp;<\/th>\n<th align=\"left\">Is\u0131l \u0130letkenlik<\/th>\n<th align=\"left\">Kuru Yo\u011funluk<\/th>\n<th align=\"left\">Bas\u0131n\u00e7 Dayan\u0131m\u0131<\/th>\n<th align=\"left\">Yang\u0131n S\u0131n\u0131f\u0131<\/th>\n<\/tr>\n<\/thead>\n<tbody>\n<tr>\n<td align=\"left\">&nbsp;<\/td>\n<td align=\"left\"><strong>Uzunluk<\/strong><\/td>\n<td align=\"left\"><strong>Y\u00fckseklik<\/strong><\/td>\n<td align=\"left\"><strong>Geni\u015flik<\/strong><\/td>\n<td align=\"left\"><strong>\u03bbh 10 dry W\/m.K<\/strong><\/td>\n<td align=\"left\"><strong>Kg\/m\u00b3<\/strong><\/td>\n<td align=\"left\"><strong>Kgf\/cm\u00b2<\/strong><\/td>\n<td align=\"left\"><strong>Yanmaz<\/strong><\/td>\n<\/tr>\n<tr>\n<td align=\"left\">G2\/350<\/td>\n<td align=\"left\">50&#8230;60<\/td>\n<td align=\"left\">20&#8230;25<\/td>\n<td align=\"left\">5&#8230;50<\/td>\n<td align=\"left\">0,090<\/td>\n<td align=\"left\">350<\/td>\n<td align=\"left\">23\u2264<\/td>\n<td align=\"left\">A1 EURO CLASS<\/td>\n<\/tr>\n<tr>\n<td align=\"left\">*G2\/400<\/td>\n<td align=\"left\">50&#8230;60<\/td>\n<td align=\"left\">20&#8230;25<\/td>\n<td align=\"left\">5&#8230;50<\/td>\n<td align=\"left\">0,083 (K.Mara\u015f UTO)<\/td>\n<td align=\"left\">400<\/td>\n<td align=\"left\">25\u2264<\/td>\n<td align=\"left\">A1 EURO CLASS<\/td>\n<\/tr>\n<tr>\n<td align=\"left\">*G2\/400<\/td>\n<td align=\"left\">50&#8230;60<\/td>\n<td align=\"left\">20&#8230;25<\/td>\n<td align=\"left\">5&#8230;50<\/td>\n<td align=\"left\">0,087 (S\u00f6ke UTO)<\/td>\n<td align=\"left\">400<\/td>\n<td align=\"left\">25\u2264<\/td>\n<td align=\"left\">A1 EURO CLASS<\/td>\n<\/tr>\n<tr>\n<td align=\"left\">G2\/500<\/td>\n<td align=\"left\">50&#8230;60<\/td>\n<td align=\"left\">20&#8230;25<\/td>\n<td align=\"left\">5&#8230;50<\/td>\n<td align=\"left\">0,15<\/td>\n<td align=\"left\">500<\/td>\n<td align=\"left\">35\u2264<\/td>\n<td align=\"left\">A1 EURO CLASS<\/td>\n<\/tr>\n<tr>\n<td align=\"left\">G2\/600<\/td>\n<td align=\"left\">50&#8230;60<\/td>\n<td align=\"left\">20&#8230;25<\/td>\n<td align=\"left\">5&#8230;50<\/td>\n<td align=\"left\">0,16<\/td>\n<td align=\"left\">600<\/td>\n<td align=\"left\">50\u2264<\/td>\n<td align=\"left\">A1 EURO CLASS<\/td>\n<\/tr>\n<\/tbody>\n<\/table>\n<\/div>\n<div class=\"fusion-text fusion-text-6\"><p>* Tesislerimizde 100 Kg\/m\u00b3 ten 700 Kg\/m\u00b3 a\u011f\u0131rl\u0131klar aras\u0131nda \u00f6zel isteklerinize uygun \u00fcretim yap\u0131labilmektedir.<\/p>\n<\/div><\/div><\/div><\/div><\/div>","protected":false},"excerpt":{"rendered":"","protected":false},"author":1,"featured_media":0,"parent":0,"menu_order":0,"comment_status":"closed","ping_status":"closed","template":"","meta":{"footnotes":""},"class_list":["post-5530","page","type-page","status-publish","hentry"],"_links":{"self":[{"href":"https:\/\/gazbeton.kcs.com.tr\/en\/wp-json\/wp\/v2\/pages\/5530","targetHints":{"allow":["GET"]}}],"collection":[{"href":"https:\/\/gazbeton.kcs.com.tr\/en\/wp-json\/wp\/v2\/pages"}],"about":[{"href":"https:\/\/gazbeton.kcs.com.tr\/en\/wp-json\/wp\/v2\/types\/page"}],"author":[{"embeddable":true,"href":"https:\/\/gazbeton.kcs.com.tr\/en\/wp-json\/wp\/v2\/users\/1"}],"replies":[{"embeddable":true,"href":"https:\/\/gazbeton.kcs.com.tr\/en\/wp-json\/wp\/v2\/comments?post=5530"}],"version-history":[{"count":4,"href":"https:\/\/gazbeton.kcs.com.tr\/en\/wp-json\/wp\/v2\/pages\/5530\/revisions"}],"predecessor-version":[{"id":5553,"href":"https:\/\/gazbeton.kcs.com.tr\/en\/wp-json\/wp\/v2\/pages\/5530\/revisions\/5553"}],"wp:attachment":[{"href":"https:\/\/gazbeton.kcs.com.tr\/en\/wp-json\/wp\/v2\/media?parent=5530"}],"curies":[{"name":"wp","href":"https:\/\/api.w.org\/{rel}","templated":true}]}}