{"id":5326,"date":"2025-10-24T17:47:06","date_gmt":"2025-10-24T14:47:06","guid":{"rendered":"https:\/\/gazbeton.kcs.com.tr\/?page_id=5326"},"modified":"2025-10-27T16:36:39","modified_gmt":"2025-10-27T13:36:39","slug":"iletisim","status":"publish","type":"page","link":"https:\/\/gazbeton.kcs.com.tr\/en\/iletisim\/","title":{"rendered":"Contract"},"content":{"rendered":"<div class=\"fusion-fullwidth fullwidth-box fusion-builder-row-1 fusion-flex-container has-pattern-background has-mask-background nonhundred-percent-fullwidth non-hundred-percent-height-scrolling\" style=\"--awb-border-radius-top-left:0px;--awb-border-radius-top-right:0px;--awb-border-radius-bottom-right:0px;--awb-border-radius-bottom-left:0px;--awb-flex-wrap:wrap;\" ><div class=\"fusion-builder-row fusion-row fusion-flex-align-items-flex-start fusion-flex-content-wrap\" style=\"max-width:1216.8px;margin-left: calc(-4% \/ 2 );margin-right: calc(-4% \/ 2 );\"><div class=\"fusion-layout-column fusion_builder_column fusion-builder-column-0 fusion_builder_column_1_2 1_2 fusion-flex-column\" style=\"--awb-bg-size:cover;--awb-width-large:50%;--awb-margin-top-large:0px;--awb-spacing-right-large:3.84%;--awb-margin-bottom-large:20px;--awb-spacing-left-large:3.84%;--awb-width-medium:100%;--awb-order-medium:0;--awb-spacing-right-medium:1.92%;--awb-spacing-left-medium:1.92%;--awb-width-small:100%;--awb-order-small:0;--awb-spacing-right-small:1.92%;--awb-spacing-left-small:1.92%;\"><div class=\"fusion-column-wrapper fusion-column-has-shadow fusion-flex-justify-content-flex-start fusion-content-layout-column\"><div class=\"fusion-text fusion-text-1\" style=\"--awb-font-size:16px;--awb-text-font-family:&quot;Poppins&quot;;--awb-text-font-style:normal;--awb-text-font-weight:400;\"><h3 class=\"title fusion-responsive-typography-calculated\" style=\"--fontsize: 25; line-height: 1.35; color: #003087; font-size: 24px; font-family: Poppins; font-weight: 400;\" data-fontsize=\"25\" data-lineheight=\"33.75px\" data-fusion-font=\"true\" data-fusion-google-font=\"Poppins\" data-fusion-google-variant=\"400\">KAHRAMANMARA\u015e FABR\u0130KA<\/h3>\n<p style=\"color: #003087; font-size: 16px;\" data-fusion-font=\"true\"><img decoding=\"async\" class=\"lazyload alignnone size-full wp-image-5523\" src=\"https:\/\/gazbeton.kcs.com.tr\/wp-content\/uploads\/2025\/10\/icons8-telephone-30-1.png\" data-orig-src=\"https:\/\/gazbeton.kcs.com.tr\/wp-content\/uploads\/2025\/10\/icons8-telephone-30-1.png\" alt=\"\" width=\"30\" height=\"30\" srcset=\"data:image\/svg+xml,%3Csvg%20xmlns%3D%27http%3A%2F%2Fwww.w3.org%2F2000%2Fsvg%27%20width%3D%2730%27%20height%3D%2730%27%20viewBox%3D%270%200%2030%2030%27%3E%3Crect%20width%3D%2730%27%20height%3D%2730%27%20fill-opacity%3D%220%22%2F%3E%3C%2Fsvg%3E\" data-srcset=\"https:\/\/gazbeton.kcs.com.tr\/wp-content\/uploads\/2025\/10\/icons8-telephone-30-1-12x12.png 12w, https:\/\/gazbeton.kcs.com.tr\/wp-content\/uploads\/2025\/10\/icons8-telephone-30-1.png 30w\" data-sizes=\"auto\" data-orig-sizes=\"(max-width: 30px) 100vw, 30px\" \/>&nbsp;+90 344 339 11 80<\/p>\n<p style=\"color: #003087; font-size: 16px;\" data-fusion-font=\"true\"><img decoding=\"async\" class=\"lazyload alignnone size-full wp-image-5523\" src=\"https:\/\/gazbeton.kcs.com.tr\/wp-content\/uploads\/2025\/10\/icons8-telephone-30-1.png\" data-orig-src=\"https:\/\/gazbeton.kcs.com.tr\/wp-content\/uploads\/2025\/10\/icons8-telephone-30-1.png\" alt=\"\" width=\"30\" height=\"30\" srcset=\"data:image\/svg+xml,%3Csvg%20xmlns%3D%27http%3A%2F%2Fwww.w3.org%2F2000%2Fsvg%27%20width%3D%2730%27%20height%3D%2730%27%20viewBox%3D%270%200%2030%2030%27%3E%3Crect%20width%3D%2730%27%20height%3D%2730%27%20fill-opacity%3D%220%22%2F%3E%3C%2Fsvg%3E\" data-srcset=\"https:\/\/gazbeton.kcs.com.tr\/wp-content\/uploads\/2025\/10\/icons8-telephone-30-1-12x12.png 12w, https:\/\/gazbeton.kcs.com.tr\/wp-content\/uploads\/2025\/10\/icons8-telephone-30-1.png 30w\" data-sizes=\"auto\" data-orig-sizes=\"(max-width: 30px) 100vw, 30px\" \/>&nbsp;+90 850 219 93 75<\/p>\n<p style=\"color: #003087; font-size: 16px;\" data-fusion-font=\"true\"><img decoding=\"async\" class=\"lazyload alignnone size-full wp-image-5522\" src=\"https:\/\/gazbeton.kcs.com.tr\/wp-content\/uploads\/2025\/10\/icons8-mail-30-1.png\" data-orig-src=\"https:\/\/gazbeton.kcs.com.tr\/wp-content\/uploads\/2025\/10\/icons8-mail-30-1.png\" alt=\"\" width=\"30\" height=\"30\" srcset=\"data:image\/svg+xml,%3Csvg%20xmlns%3D%27http%3A%2F%2Fwww.w3.org%2F2000%2Fsvg%27%20width%3D%2730%27%20height%3D%2730%27%20viewBox%3D%270%200%2030%2030%27%3E%3Crect%20width%3D%2730%27%20height%3D%2730%27%20fill-opacity%3D%220%22%2F%3E%3C%2Fsvg%3E\" data-srcset=\"https:\/\/gazbeton.kcs.com.tr\/wp-content\/uploads\/2025\/10\/icons8-mail-30-1-12x12.png 12w, https:\/\/gazbeton.kcs.com.tr\/wp-content\/uploads\/2025\/10\/icons8-mail-30-1.png 30w\" data-sizes=\"auto\" data-orig-sizes=\"(max-width: 30px) 100vw, 30px\" \/> &nbsp;info@kipascimento.com.tr<\/p>\n<\/div><\/div><\/div><div class=\"fusion-layout-column fusion_builder_column fusion-builder-column-1 fusion_builder_column_1_2 1_2 fusion-flex-column\" style=\"--awb-bg-size:cover;--awb-width-large:50%;--awb-margin-top-large:0px;--awb-spacing-right-large:3.84%;--awb-margin-bottom-large:20px;--awb-spacing-left-large:3.84%;--awb-width-medium:100%;--awb-order-medium:0;--awb-spacing-right-medium:1.92%;--awb-spacing-left-medium:1.92%;--awb-width-small:100%;--awb-order-small:0;--awb-spacing-right-small:1.92%;--awb-spacing-left-small:1.92%;\"><div class=\"fusion-column-wrapper fusion-column-has-shadow fusion-flex-justify-content-flex-start fusion-content-layout-column\"><div class=\"fusion-text fusion-text-2\" style=\"--awb-font-size:16px;--awb-text-color:#003087;--awb-text-font-family:&quot;Poppins&quot;;--awb-text-font-style:normal;--awb-text-font-weight:400;\"><h3 class=\"title\" style=\"color: #003087; font-size: 24px; font-family: Poppins; font-weight: 400;\" data-fusion-font=\"true\" data-fusion-google-font=\"Poppins\" data-fusion-google-variant=\"400\">SATI\u015e &amp; PAZARLAMA<\/h3>\n<p style=\"color: #003087; font-size: 16px; font-family: Poppins; font-weight: 400;\" data-fusion-font=\"true\" data-fusion-google-font=\"Poppins\" data-fusion-google-variant=\"400\"><img decoding=\"async\" class=\"lazyload alignnone size-full wp-image-5521\" src=\"https:\/\/gazbeton.kcs.com.tr\/wp-content\/uploads\/2025\/10\/icons8-address-30-1.png\" data-orig-src=\"https:\/\/gazbeton.kcs.com.tr\/wp-content\/uploads\/2025\/10\/icons8-address-30-1.png\" alt=\"\" width=\"30\" height=\"30\" srcset=\"data:image\/svg+xml,%3Csvg%20xmlns%3D%27http%3A%2F%2Fwww.w3.org%2F2000%2Fsvg%27%20width%3D%2730%27%20height%3D%2730%27%20viewBox%3D%270%200%2030%2030%27%3E%3Crect%20width%3D%2730%27%20height%3D%2730%27%20fill-opacity%3D%220%22%2F%3E%3C%2Fsvg%3E\" data-srcset=\"https:\/\/gazbeton.kcs.com.tr\/wp-content\/uploads\/2025\/10\/icons8-address-30-1-12x12.png 12w, https:\/\/gazbeton.kcs.com.tr\/wp-content\/uploads\/2025\/10\/icons8-address-30-1.png 30w\" data-sizes=\"auto\" data-orig-sizes=\"(max-width: 30px) 100vw, 30px\" \/>&nbsp;Kahramanmara\u015f Blok: +90 530 767 06 47 \/ S\u00f6ke Blok: + 90 530 343 02 53 \/ S\u00f6ke Donat\u0131l\u0131 Panel ve Lento: +90 549 833 47 83<\/p>\n<p style=\"color: #003087; font-size: 16px; font-family: Poppins; font-weight: 400;\" data-fusion-font=\"true\" data-fusion-google-font=\"Poppins\" data-fusion-google-variant=\"400\"><img decoding=\"async\" class=\"lazyload alignnone size-full wp-image-5522\" src=\"https:\/\/gazbeton.kcs.com.tr\/wp-content\/uploads\/2025\/10\/icons8-mail-30-1.png\" data-orig-src=\"https:\/\/gazbeton.kcs.com.tr\/wp-content\/uploads\/2025\/10\/icons8-mail-30-1.png\" alt=\"\" width=\"30\" height=\"30\" srcset=\"data:image\/svg+xml,%3Csvg%20xmlns%3D%27http%3A%2F%2Fwww.w3.org%2F2000%2Fsvg%27%20width%3D%2730%27%20height%3D%2730%27%20viewBox%3D%270%200%2030%2030%27%3E%3Crect%20width%3D%2730%27%20height%3D%2730%27%20fill-opacity%3D%220%22%2F%3E%3C%2Fsvg%3E\" data-srcset=\"https:\/\/gazbeton.kcs.com.tr\/wp-content\/uploads\/2025\/10\/icons8-mail-30-1-12x12.png 12w, https:\/\/gazbeton.kcs.com.tr\/wp-content\/uploads\/2025\/10\/icons8-mail-30-1.png 30w\" data-sizes=\"auto\" data-orig-sizes=\"(max-width: 30px) 100vw, 30px\" \/>&nbsp;satis@kcskipasgazbeton.com.tr<\/p>\n<\/div><\/div><\/div><div class=\"fusion-layout-column fusion_builder_column fusion-builder-column-2 fusion_builder_column_1_1 1_1 fusion-flex-column\" style=\"--awb-bg-size:cover;--awb-width-large:100%;--awb-margin-top-large:0px;--awb-spacing-right-large:1.92%;--awb-margin-bottom-large:20px;--awb-spacing-left-large:1.92%;--awb-width-medium:100%;--awb-order-medium:0;--awb-spacing-right-medium:1.92%;--awb-spacing-left-medium:1.92%;--awb-width-small:100%;--awb-order-small:0;--awb-spacing-right-small:1.92%;--awb-spacing-left-small:1.92%;\"><div class=\"fusion-column-wrapper fusion-column-has-shadow fusion-flex-justify-content-flex-start fusion-content-layout-column\"><div class=\"shortcode-map fusion-google-map fusion-maps-embed-type\"><iframe class=\"lazyload\" width=\"100%\" height=\"500px\" frameborder=\"0\" style=\"border:0\" src=\"data:image\/svg+xml,%3Csvg%20xmlns%3D%27http%3A%2F%2Fwww.w3.org%2F2000%2Fsvg%27%20width%3D%27100%27%20height%3D%27500%27%20viewBox%3D%270%200%20100%20500%27%3E%3Crect%20width%3D%27100%27%20height%3D%27500%27%20fill-opacity%3D%220%22%2F%3E%3C%2Fsvg%3E\" data-orig-src=\"https:\/\/www.google.com\/maps\/embed\/v1\/place?key=AIzaSyC4RB6TBfWD6hXypqA2wJQdRnpoDA9qmEg&language=en&q=++K\u00c7S+Kahramanmara\u015f+\u00c7imento+Beton+Sanayi+Ve+Madencilik+\u0130\u015fletmeleri+A.\u015e.+No:220,+\u00c7\u00f6\u00e7elli+K\u00f6y\u00fc+Yolu,+46700+Pazarc\u0131k\/Kahramanmara\u015f&maptype=roadmap&zoom=14\" allowfullscreen><\/iframe><\/div><\/div><\/div><div class=\"fusion-layout-column fusion_builder_column fusion-builder-column-3 fusion_builder_column_1_2 1_2 fusion-flex-column\" style=\"--awb-bg-size:cover;--awb-width-large:50%;--awb-margin-top-large:0px;--awb-spacing-right-large:3.84%;--awb-margin-bottom-large:20px;--awb-spacing-left-large:3.84%;--awb-width-medium:100%;--awb-order-medium:0;--awb-spacing-right-medium:1.92%;--awb-spacing-left-medium:1.92%;--awb-width-small:100%;--awb-order-small:0;--awb-spacing-right-small:1.92%;--awb-spacing-left-small:1.92%;\"><div class=\"fusion-column-wrapper fusion-column-has-shadow fusion-flex-justify-content-flex-start fusion-content-layout-column\"><div class=\"fusion-text fusion-text-3\" style=\"--awb-font-size:16px;--awb-text-color:#003087;--awb-text-font-family:&quot;Poppins&quot;;--awb-text-font-style:normal;--awb-text-font-weight:400;\"><h3 class=\"title\" style=\"color: #003087; font-size: 24px;\" data-fusion-font=\"true\"><b style=\"font-family: Poppins; font-weight: 400;\" data-fusion-font=\"true\" data-fusion-google-font=\"Poppins\" data-fusion-google-variant=\"400\">AYDIN\/S\u00d6KE FABR\u0130KA<\/b><\/h3>\n<p style=\"color: #003087; font-size: 16px; font-family: Poppins; font-weight: 400;\" data-fusion-font=\"true\" data-fusion-google-font=\"Poppins\" data-fusion-google-variant=\"400\"><img decoding=\"async\" class=\"lazyload alignnone size-full wp-image-5523\" src=\"https:\/\/gazbeton.kcs.com.tr\/wp-content\/uploads\/2025\/10\/icons8-telephone-30-1.png\" data-orig-src=\"https:\/\/gazbeton.kcs.com.tr\/wp-content\/uploads\/2025\/10\/icons8-telephone-30-1.png\" alt=\"\" width=\"30\" height=\"30\" srcset=\"data:image\/svg+xml,%3Csvg%20xmlns%3D%27http%3A%2F%2Fwww.w3.org%2F2000%2Fsvg%27%20width%3D%2730%27%20height%3D%2730%27%20viewBox%3D%270%200%2030%2030%27%3E%3Crect%20width%3D%2730%27%20height%3D%2730%27%20fill-opacity%3D%220%22%2F%3E%3C%2Fsvg%3E\" data-srcset=\"https:\/\/gazbeton.kcs.com.tr\/wp-content\/uploads\/2025\/10\/icons8-telephone-30-1-12x12.png 12w, https:\/\/gazbeton.kcs.com.tr\/wp-content\/uploads\/2025\/10\/icons8-telephone-30-1.png 30w\" data-sizes=\"auto\" data-orig-sizes=\"(max-width: 30px) 100vw, 30px\" \/>&nbsp;+90 256 320 91 40<\/p>\n<p style=\"color: #003087; font-size: 16px; font-family: Poppins; font-weight: 400;\" data-fusion-font=\"true\" data-fusion-google-font=\"Poppins\" data-fusion-google-variant=\"400\"><img decoding=\"async\" class=\"lazyload alignnone size-full wp-image-5522\" src=\"https:\/\/gazbeton.kcs.com.tr\/wp-content\/uploads\/2025\/10\/icons8-mail-30-1.png\" data-orig-src=\"https:\/\/gazbeton.kcs.com.tr\/wp-content\/uploads\/2025\/10\/icons8-mail-30-1.png\" alt=\"\" width=\"30\" height=\"30\" srcset=\"data:image\/svg+xml,%3Csvg%20xmlns%3D%27http%3A%2F%2Fwww.w3.org%2F2000%2Fsvg%27%20width%3D%2730%27%20height%3D%2730%27%20viewBox%3D%270%200%2030%2030%27%3E%3Crect%20width%3D%2730%27%20height%3D%2730%27%20fill-opacity%3D%220%22%2F%3E%3C%2Fsvg%3E\" data-srcset=\"https:\/\/gazbeton.kcs.com.tr\/wp-content\/uploads\/2025\/10\/icons8-mail-30-1-12x12.png 12w, https:\/\/gazbeton.kcs.com.tr\/wp-content\/uploads\/2025\/10\/icons8-mail-30-1.png 30w\" data-sizes=\"auto\" data-orig-sizes=\"(max-width: 30px) 100vw, 30px\" \/> &nbsp;info@kipascimento.com.tr<\/p>\n<\/div><\/div><\/div><div class=\"fusion-layout-column fusion_builder_column fusion-builder-column-4 fusion_builder_column_1_2 1_2 fusion-flex-column\" style=\"--awb-bg-size:cover;--awb-width-large:50%;--awb-margin-top-large:0px;--awb-spacing-right-large:3.84%;--awb-margin-bottom-large:20px;--awb-spacing-left-large:3.84%;--awb-width-medium:100%;--awb-order-medium:0;--awb-spacing-right-medium:1.92%;--awb-spacing-left-medium:1.92%;--awb-width-small:100%;--awb-order-small:0;--awb-spacing-right-small:1.92%;--awb-spacing-left-small:1.92%;\"><div class=\"fusion-column-wrapper fusion-column-has-shadow fusion-flex-justify-content-flex-start fusion-content-layout-column\"><div class=\"fusion-text fusion-text-4\" style=\"--awb-font-size:16px;--awb-text-color:#003087;--awb-text-font-family:&quot;Poppins&quot;;--awb-text-font-style:normal;--awb-text-font-weight:400;\"><h3 class=\"title\" style=\"color: #003087; font-size: 24px; font-family: Poppins; font-weight: 400;\" data-fusion-font=\"true\" data-fusion-google-font=\"Poppins\" data-fusion-google-variant=\"400\">SATI\u015e &amp; PAZARLAMA<\/h3>\n<p style=\"color: #003087; font-family: Poppins; font-weight: 400; font-size: 16px;\" data-fusion-font=\"true\" data-fusion-google-font=\"Poppins\" data-fusion-google-variant=\"400\"><img decoding=\"async\" class=\"lazyload alignnone size-full wp-image-5523\" src=\"https:\/\/gazbeton.kcs.com.tr\/wp-content\/uploads\/2025\/10\/icons8-telephone-30-1.png\" data-orig-src=\"https:\/\/gazbeton.kcs.com.tr\/wp-content\/uploads\/2025\/10\/icons8-telephone-30-1.png\" alt=\"\" width=\"30\" height=\"30\" srcset=\"data:image\/svg+xml,%3Csvg%20xmlns%3D%27http%3A%2F%2Fwww.w3.org%2F2000%2Fsvg%27%20width%3D%2730%27%20height%3D%2730%27%20viewBox%3D%270%200%2030%2030%27%3E%3Crect%20width%3D%2730%27%20height%3D%2730%27%20fill-opacity%3D%220%22%2F%3E%3C%2Fsvg%3E\" data-srcset=\"https:\/\/gazbeton.kcs.com.tr\/wp-content\/uploads\/2025\/10\/icons8-telephone-30-1-12x12.png 12w, https:\/\/gazbeton.kcs.com.tr\/wp-content\/uploads\/2025\/10\/icons8-telephone-30-1.png 30w\" data-sizes=\"auto\" data-orig-sizes=\"(max-width: 30px) 100vw, 30px\" \/>&nbsp;Blok Sat\u0131\u015f: + 90 530 343 02 53 \/ Lento ve Panel Sat\u0131\u015f: +90 549 833 47 83<\/p>\n<p style=\"color: #003087; font-family: Poppins; font-weight: 400; font-size: 16px;\" data-fusion-font=\"true\" data-fusion-google-font=\"Poppins\" data-fusion-google-variant=\"400\"><img decoding=\"async\" class=\"lazyload alignnone size-full wp-image-5522\" src=\"https:\/\/gazbeton.kcs.com.tr\/wp-content\/uploads\/2025\/10\/icons8-mail-30-1.png\" data-orig-src=\"https:\/\/gazbeton.kcs.com.tr\/wp-content\/uploads\/2025\/10\/icons8-mail-30-1.png\" alt=\"\" width=\"30\" height=\"30\" srcset=\"data:image\/svg+xml,%3Csvg%20xmlns%3D%27http%3A%2F%2Fwww.w3.org%2F2000%2Fsvg%27%20width%3D%2730%27%20height%3D%2730%27%20viewBox%3D%270%200%2030%2030%27%3E%3Crect%20width%3D%2730%27%20height%3D%2730%27%20fill-opacity%3D%220%22%2F%3E%3C%2Fsvg%3E\" data-srcset=\"https:\/\/gazbeton.kcs.com.tr\/wp-content\/uploads\/2025\/10\/icons8-mail-30-1-12x12.png 12w, https:\/\/gazbeton.kcs.com.tr\/wp-content\/uploads\/2025\/10\/icons8-mail-30-1.png 30w\" data-sizes=\"auto\" data-orig-sizes=\"(max-width: 30px) 100vw, 30px\" \/>&nbsp; satis@kcskipasgazbeton.com.tr<\/p>\n<\/div><\/div><\/div><div class=\"fusion-layout-column fusion_builder_column fusion-builder-column-5 fusion_builder_column_1_1 1_1 fusion-flex-column\" style=\"--awb-bg-size:cover;--awb-width-large:100%;--awb-margin-top-large:0px;--awb-spacing-right-large:1.92%;--awb-margin-bottom-large:20px;--awb-spacing-left-large:1.92%;--awb-width-medium:100%;--awb-order-medium:0;--awb-spacing-right-medium:1.92%;--awb-spacing-left-medium:1.92%;--awb-width-small:100%;--awb-order-small:0;--awb-spacing-right-small:1.92%;--awb-spacing-left-small:1.92%;\"><div class=\"fusion-column-wrapper fusion-column-has-shadow fusion-flex-justify-content-flex-start fusion-content-layout-column\"><div class=\"shortcode-map fusion-google-map fusion-maps-embed-type\"><iframe class=\"lazyload\" width=\"100%\" height=\"500px\" frameborder=\"0\" style=\"border:0\" src=\"data:image\/svg+xml,%3Csvg%20xmlns%3D%27http%3A%2F%2Fwww.w3.org%2F2000%2Fsvg%27%20width%3D%27100%27%20height%3D%27500%27%20viewBox%3D%270%200%20100%20500%27%3E%3Crect%20width%3D%27100%27%20height%3D%27500%27%20fill-opacity%3D%220%22%2F%3E%3C%2Fsvg%3E\" data-orig-src=\"https:\/\/www.google.com\/maps\/embed\/v1\/place?key=AIzaSyC4RB6TBfWD6hXypqA2wJQdRnpoDA9qmEg&language=en&q=Kipa\u015f+K\u00e7s+Gaz+Beton+S\u00f6ke+OSB,+09220+Organize+Sanayi+B\u00f6lgesi\/S\u00f6ke\/Ayd\u0131n&maptype=roadmap&zoom=14\" allowfullscreen><\/iframe><\/div><\/div><\/div><\/div><\/div>","protected":false},"excerpt":{"rendered":"","protected":false},"author":1,"featured_media":0,"parent":0,"menu_order":0,"comment_status":"closed","ping_status":"closed","template":"","meta":{"footnotes":""},"class_list":["post-5326","page","type-page","status-publish","hentry"],"_links":{"self":[{"href":"https:\/\/gazbeton.kcs.com.tr\/en\/wp-json\/wp\/v2\/pages\/5326","targetHints":{"allow":["GET"]}}],"collection":[{"href":"https:\/\/gazbeton.kcs.com.tr\/en\/wp-json\/wp\/v2\/pages"}],"about":[{"href":"https:\/\/gazbeton.kcs.com.tr\/en\/wp-json\/wp\/v2\/types\/page"}],"author":[{"embeddable":true,"href":"https:\/\/gazbeton.kcs.com.tr\/en\/wp-json\/wp\/v2\/users\/1"}],"replies":[{"embeddable":true,"href":"https:\/\/gazbeton.kcs.com.tr\/en\/wp-json\/wp\/v2\/comments?post=5326"}],"version-history":[{"count":4,"href":"https:\/\/gazbeton.kcs.com.tr\/en\/wp-json\/wp\/v2\/pages\/5326\/revisions"}],"predecessor-version":[{"id":5526,"href":"https:\/\/gazbeton.kcs.com.tr\/en\/wp-json\/wp\/v2\/pages\/5326\/revisions\/5526"}],"wp:attachment":[{"href":"https:\/\/gazbeton.kcs.com.tr\/en\/wp-json\/wp\/v2\/media?parent=5326"}],"curies":[{"name":"wp","href":"https:\/\/api.w.org\/{rel}","templated":true}]}}