{"id":5324,"date":"2025-10-24T17:46:43","date_gmt":"2025-10-24T14:46:43","guid":{"rendered":"https:\/\/gazbeton.kcs.com.tr\/?page_id=5324"},"modified":"2025-10-27T16:11:06","modified_gmt":"2025-10-27T13:11:06","slug":"is-firsatlarimiz","status":"publish","type":"page","link":"https:\/\/gazbeton.kcs.com.tr\/en\/is-firsatlarimiz\/","title":{"rendered":"\u0130\u015f F\u0131rsatlar\u0131m\u0131z"},"content":{"rendered":"<div class=\"fusion-fullwidth fullwidth-box fusion-builder-row-1 fusion-flex-container has-pattern-background has-mask-background nonhundred-percent-fullwidth non-hundred-percent-height-scrolling\" style=\"--awb-border-radius-top-left:0px;--awb-border-radius-top-right:0px;--awb-border-radius-bottom-right:0px;--awb-border-radius-bottom-left:0px;--awb-flex-wrap:wrap;\" ><div class=\"fusion-builder-row fusion-row fusion-flex-align-items-flex-start fusion-flex-content-wrap\" style=\"max-width:1216.8px;margin-left: calc(-4% \/ 2 );margin-right: calc(-4% \/ 2 );\"><div class=\"fusion-layout-column fusion_builder_column fusion-builder-column-0 fusion_builder_column_1_1 1_1 fusion-flex-column\" style=\"--awb-bg-size:cover;--awb-width-large:100%;--awb-margin-top-large:0px;--awb-spacing-right-large:1.92%;--awb-margin-bottom-large:20px;--awb-spacing-left-large:1.92%;--awb-width-medium:100%;--awb-order-medium:0;--awb-spacing-right-medium:1.92%;--awb-spacing-left-medium:1.92%;--awb-width-small:100%;--awb-order-small:0;--awb-spacing-right-small:1.92%;--awb-spacing-left-small:1.92%;\"><div class=\"fusion-column-wrapper fusion-column-has-shadow fusion-flex-justify-content-flex-start fusion-content-layout-column\"><div class=\"fusion-title title fusion-title-1 fusion-title-text fusion-title-size-one\" style=\"--awb-text-color:#003087;--awb-sep-color:#c8a977;--awb-font-size:35px;\"><div class=\"title-sep-container title-sep-container-left fusion-no-large-visibility fusion-no-medium-visibility fusion-no-small-visibility\"><div class=\"title-sep sep-single sep-solid\" style=\"border-color:#c8a977;\"><\/div><\/div><span class=\"awb-title-spacer fusion-no-large-visibility fusion-no-medium-visibility fusion-no-small-visibility\"><\/span><h1 class=\"fusion-title-heading title-heading-left fusion-responsive-typography-calculated\" style=\"font-family:&quot;Poppins&quot;;font-style:normal;font-weight:400;margin:0;text-transform:capitalize;font-size:1em;--fontSize:35;line-height:var(--awb-typography1-line-height);\">\u0130\u015e FIRSATLARIMIZ<\/h1><span class=\"awb-title-spacer\"><\/span><div class=\"title-sep-container title-sep-container-right\"><div class=\"title-sep sep-single sep-solid\" style=\"border-color:#c8a977;\"><\/div><\/div><\/div><\/div><\/div><div class=\"fusion-layout-column fusion_builder_column fusion-builder-column-1 fusion_builder_column_1_2 1_2 fusion-flex-column\" style=\"--awb-bg-size:cover;--awb-width-large:50%;--awb-margin-top-large:0px;--awb-spacing-right-large:3.84%;--awb-margin-bottom-large:20px;--awb-spacing-left-large:3.84%;--awb-width-medium:100%;--awb-order-medium:0;--awb-spacing-right-medium:1.92%;--awb-spacing-left-medium:1.92%;--awb-width-small:100%;--awb-order-small:0;--awb-spacing-right-small:1.92%;--awb-spacing-left-small:1.92%;\"><div class=\"fusion-column-wrapper fusion-column-has-shadow fusion-flex-justify-content-flex-start fusion-content-layout-column\"><div class=\"fusion-text fusion-text-1\" style=\"--awb-font-size:14px;--awb-text-color:#003087;--awb-text-font-family:&quot;Poppins&quot;;--awb-text-font-style:normal;--awb-text-font-weight:400;\"><p><strong>\u00c7ALI\u015eANLAR EN \u00d6NEML\u0130 G\u00dcC\u00dcM\u00dcZ!<\/strong><\/p>\n<p>\u00c7al\u0131\u015fanlar\u0131m\u0131z bireysel performanslar\u0131yla \u015firketimizin ba\u015far\u0131s\u0131na katk\u0131da bulunuyorlar. Bu nedenle, bilgiye de\u011fer veriyor, yetkinlikleri geli\u015ftirmeye \u00e7al\u0131\u015f\u0131yoruz. Yetenek ve tutkuyla ilham veren \u00e7al\u0131\u015fanlar ar\u0131yoruz. Ba\u015fvuru ve se\u00e7me s\u00fcrecinde bizimle tan\u0131\u015f\u0131n.<\/p>\n<p>Sizi m\u00fcmk\u00fcn oldu\u011funca \u00e7abuk tan\u0131yabilmemiz i\u00e7in kariyer.net \u00fczerinden a\u00e7\u0131k pozisyonlara ba\u015fvuru yapabilir ve \u00f6zge\u00e7mi\u015finizi mail olarak g\u00f6nderebilirsiniz. \u0130\u015f portal\u0131m\u0131zda ki kapsaml\u0131 online ba\u015fvurunuz bizi mutlu edecektir. &nbsp;<\/p>\n<p>Kipa\u015f&#8217;daki kariyer f\u0131rsatlar\u0131n\u0131 incelemek ve aram\u0131za kat\u0131lmak i\u00e7in&nbsp;ba\u011flant\u0131y\u0131 kullanarak&nbsp;<a href=\"https:\/\/www.kariyer.net\/is-ilanlari\/?kw=KiPAs&amp;sf=1d&amp;is=1\" target=\"_blank\" rel=\"noopener\"><strong>g\u00fcncel i\u015f ilanlar\u0131m\u0131za<\/strong><\/a>&nbsp;veya&nbsp;<strong>cv@kipas.com.tr<\/strong>&nbsp;adresimize \u00f6z ge\u00e7misimizi&nbsp;g\u00f6nderebilirsiniz.<\/p>\n<\/div><\/div><\/div><div class=\"fusion-layout-column fusion_builder_column fusion-builder-column-2 fusion_builder_column_1_2 1_2 fusion-flex-column\" style=\"--awb-bg-size:cover;--awb-width-large:50%;--awb-margin-top-large:0px;--awb-spacing-right-large:3.84%;--awb-margin-bottom-large:20px;--awb-spacing-left-large:3.84%;--awb-width-medium:100%;--awb-order-medium:0;--awb-spacing-right-medium:1.92%;--awb-spacing-left-medium:1.92%;--awb-width-small:100%;--awb-order-small:0;--awb-spacing-right-small:1.92%;--awb-spacing-left-small:1.92%;\"><div class=\"fusion-column-wrapper fusion-column-has-shadow fusion-flex-justify-content-flex-start fusion-content-layout-column\"><div class=\"fusion-image-element\" style=\"--awb-aspect-ratio: 100 \/ 39;--awb-caption-title-font-family:var(--h2_typography-font-family);--awb-caption-title-font-weight:var(--h2_typography-font-weight);--awb-caption-title-font-style:var(--h2_typography-font-style);--awb-caption-title-size:var(--h2_typography-font-size);--awb-caption-title-transform:var(--h2_typography-text-transform);--awb-caption-title-line-height:var(--h2_typography-line-height);--awb-caption-title-letter-spacing:var(--h2_typography-letter-spacing);\"><span class=\"fusion-imageframe imageframe-none imageframe-1 hover-type-none has-aspect-ratio\"><img decoding=\"async\" width=\"300\" height=\"125\" src=\"https:\/\/gazbeton.kcs.com.tr\/wp-content\/uploads\/2025\/10\/is_firsati1170-1-600x249-1.jpg\" data-orig-src=\"https:\/\/gazbeton.kcs.com.tr\/wp-content\/uploads\/2025\/10\/is_firsati1170-1-600x249-1-300x125.jpg\" class=\"lazyload img-responsive wp-image-5512 img-with-aspect-ratio\" data-parent-fit=\"cover\" data-parent-container=\".fusion-image-element\" alt srcset=\"data:image\/svg+xml,%3Csvg%20xmlns%3D%27http%3A%2F%2Fwww.w3.org%2F2000%2Fsvg%27%20width%3D%27600%27%20height%3D%27249%27%20viewBox%3D%270%200%20600%20249%27%3E%3Crect%20width%3D%27600%27%20height%3D%27249%27%20fill-opacity%3D%220%22%2F%3E%3C%2Fsvg%3E\" data-srcset=\"https:\/\/gazbeton.kcs.com.tr\/wp-content\/uploads\/2025\/10\/is_firsati1170-1-600x249-1-200x83.jpg 200w, https:\/\/gazbeton.kcs.com.tr\/wp-content\/uploads\/2025\/10\/is_firsati1170-1-600x249-1-400x166.jpg 400w, https:\/\/gazbeton.kcs.com.tr\/wp-content\/uploads\/2025\/10\/is_firsati1170-1-600x249-1.jpg 600w\" data-sizes=\"auto\" data-orig-sizes=\"(max-width: 1024px) 100vw, (max-width: 640px) 100vw, 300px\" \/><\/span><\/div><\/div><\/div><\/div><\/div>","protected":false},"excerpt":{"rendered":"","protected":false},"author":1,"featured_media":0,"parent":0,"menu_order":0,"comment_status":"closed","ping_status":"closed","template":"","meta":{"footnotes":""},"class_list":["post-5324","page","type-page","status-publish","hentry"],"_links":{"self":[{"href":"https:\/\/gazbeton.kcs.com.tr\/en\/wp-json\/wp\/v2\/pages\/5324","targetHints":{"allow":["GET"]}}],"collection":[{"href":"https:\/\/gazbeton.kcs.com.tr\/en\/wp-json\/wp\/v2\/pages"}],"about":[{"href":"https:\/\/gazbeton.kcs.com.tr\/en\/wp-json\/wp\/v2\/types\/page"}],"author":[{"embeddable":true,"href":"https:\/\/gazbeton.kcs.com.tr\/en\/wp-json\/wp\/v2\/users\/1"}],"replies":[{"embeddable":true,"href":"https:\/\/gazbeton.kcs.com.tr\/en\/wp-json\/wp\/v2\/comments?post=5324"}],"version-history":[{"count":2,"href":"https:\/\/gazbeton.kcs.com.tr\/en\/wp-json\/wp\/v2\/pages\/5324\/revisions"}],"predecessor-version":[{"id":5513,"href":"https:\/\/gazbeton.kcs.com.tr\/en\/wp-json\/wp\/v2\/pages\/5324\/revisions\/5513"}],"wp:attachment":[{"href":"https:\/\/gazbeton.kcs.com.tr\/en\/wp-json\/wp\/v2\/media?parent=5324"}],"curies":[{"name":"wp","href":"https:\/\/api.w.org\/{rel}","templated":true}]}}