{"id":5319,"date":"2025-10-24T17:45:20","date_gmt":"2025-10-24T14:45:20","guid":{"rendered":"https:\/\/gazbeton.kcs.com.tr\/?page_id=5319"},"modified":"2025-10-27T16:09:00","modified_gmt":"2025-10-27T13:09:00","slug":"ik-politikamiz","status":"publish","type":"page","link":"https:\/\/gazbeton.kcs.com.tr\/en\/ik-politikamiz\/","title":{"rendered":"\u0130K Politikam\u0131z"},"content":{"rendered":"<div class=\"fusion-fullwidth fullwidth-box fusion-builder-row-1 fusion-flex-container has-pattern-background has-mask-background nonhundred-percent-fullwidth non-hundred-percent-height-scrolling\" style=\"--awb-border-radius-top-left:0px;--awb-border-radius-top-right:0px;--awb-border-radius-bottom-right:0px;--awb-border-radius-bottom-left:0px;--awb-flex-wrap:wrap;\" ><div class=\"fusion-builder-row fusion-row fusion-flex-align-items-flex-start fusion-flex-content-wrap\" style=\"max-width:1216.8px;margin-left: calc(-4% \/ 2 );margin-right: calc(-4% \/ 2 );\"><div class=\"fusion-layout-column fusion_builder_column fusion-builder-column-0 fusion_builder_column_1_1 1_1 fusion-flex-column\" style=\"--awb-bg-size:cover;--awb-width-large:100%;--awb-margin-top-large:0px;--awb-spacing-right-large:1.92%;--awb-margin-bottom-large:20px;--awb-spacing-left-large:1.92%;--awb-width-medium:100%;--awb-order-medium:0;--awb-spacing-right-medium:1.92%;--awb-spacing-left-medium:1.92%;--awb-width-small:100%;--awb-order-small:0;--awb-spacing-right-small:1.92%;--awb-spacing-left-small:1.92%;\"><div class=\"fusion-column-wrapper fusion-column-has-shadow fusion-flex-justify-content-flex-start fusion-content-layout-column\"><div class=\"fusion-title title fusion-title-1 fusion-title-text fusion-title-size-one\" style=\"--awb-text-color:#003087;--awb-sep-color:#c8a977;--awb-font-size:35px;\"><div class=\"title-sep-container title-sep-container-left fusion-no-large-visibility fusion-no-medium-visibility fusion-no-small-visibility\"><div class=\"title-sep sep-single sep-solid\" style=\"border-color:#c8a977;\"><\/div><\/div><span class=\"awb-title-spacer fusion-no-large-visibility fusion-no-medium-visibility fusion-no-small-visibility\"><\/span><h1 class=\"fusion-title-heading title-heading-left fusion-responsive-typography-calculated\" style=\"font-family:&quot;Poppins&quot;;font-style:normal;font-weight:400;margin:0;text-transform:capitalize;font-size:1em;--fontSize:35;line-height:var(--awb-typography1-line-height);\">\u0130K POL\u0130T\u0130KAMIZ<\/h1><span class=\"awb-title-spacer\"><\/span><div class=\"title-sep-container title-sep-container-right\"><div class=\"title-sep sep-single sep-solid\" style=\"border-color:#c8a977;\"><\/div><\/div><\/div><\/div><\/div><div class=\"fusion-layout-column fusion_builder_column fusion-builder-column-1 fusion_builder_column_1_2 1_2 fusion-flex-column\" style=\"--awb-bg-size:cover;--awb-width-large:50%;--awb-margin-top-large:0px;--awb-spacing-right-large:3.84%;--awb-margin-bottom-large:20px;--awb-spacing-left-large:3.84%;--awb-width-medium:100%;--awb-order-medium:0;--awb-spacing-right-medium:1.92%;--awb-spacing-left-medium:1.92%;--awb-width-small:100%;--awb-order-small:0;--awb-spacing-right-small:1.92%;--awb-spacing-left-small:1.92%;\"><div class=\"fusion-column-wrapper fusion-column-has-shadow fusion-flex-justify-content-flex-start fusion-content-layout-column\"><div class=\"fusion-text fusion-text-1\" style=\"--awb-font-size:14px;--awb-text-color:#003087;--awb-text-font-family:&quot;Poppins&quot;;--awb-text-font-style:normal;--awb-text-font-weight:400;\"><p>Bir ad\u0131m \u00f6nde olmak ve fark yaratmak, \u00e7al\u0131\u015fanlar\u0131m\u0131z\u0131 en iyi \u015fekilde desteklemek i\u00e7in \u00f6\u011frenmeye ve geli\u015fmeye y\u00f6nelik programlarla organizasyonel geli\u015fimimizi s\u00fcrekli k\u0131lmay\u0131 ama\u00e7l\u0131yoruz.&nbsp;<\/p>\n<ul>\n<li>Hedeflerimiz do\u011frultusunda insan g\u00fcc\u00fcn\u00fc verimli kullanmak,<\/li>\n<li>\u0130\u015f g\u00f6renlerimizin t\u00fcm gereksinimlerini kar\u015f\u0131lamak ve geli\u015fimlerini sa\u011flamak,<\/li>\n<li>En b\u00fcy\u00fck rekabet avantaj\u0131n\u0131n \u201cinsan g\u00fcc\u00fc\u201d oldu\u011funun fark\u0131ndal\u0131\u011f\u0131 ile t\u00fcm faaliyetlerimizde insanc\u0131l davran\u0131\u015f ilkesini benimsemek,<\/li>\n<li>\u201cDo\u011fru i\u015fe do\u011fru insan\u201d ve \u201ce\u015fit i\u015fe e\u015fit \u00fccret\u201d uygulamalar\u0131 ile e\u015fitlik ilkesini benimsemek,<\/li>\n<li>\u0130\u015f g\u00f6renlerimizin bilgi eskimelerini \u00f6nlemek ve i\u015f g\u00f6renlerimizin en uygun beceri d\u00fczeyine ula\u015fmalar\u0131n\u0131 sa\u011flamak amac\u0131yla e\u011fitim ve geli\u015fimlerini sa\u011flamak,<\/li>\n<li>\u00c7a\u011f\u0131n gereksinimlerini en iyi \u015fekilde yerine getirebilecek \u201cbilgi insan\u0131\u201dn\u0131 haz\u0131rlamak i\u00e7in uygun e\u011fitim ortamlar\u0131n\u0131 haz\u0131rlamak,<\/li>\n<li>\u0130nsan ili\u015fkileri, \u00e7al\u0131\u015fanlar\u0131n tatmini, kariyer planlar\u0131, performans de\u011ferlendirmesi, i\u015fe al\u0131m ve uyum programlar\u0131 gibi insan odakl\u0131 i\u015flevleri yerine getirmek,<\/li>\n<li>T\u00fcm i\u015f g\u00f6renlerimizin ortak hedefler etraf\u0131nda birle\u015fmelerini sa\u011flamak,<\/li>\n<li>Holding ama\u00e7lar\u0131yla i\u015f g\u00f6renlerimizin ama\u00e7lar\u0131n\u0131 birlikte ele almak,<\/li>\n<li>\u0130\u015f g\u00f6renlerimizin motivasyon d\u00fczeyini y\u00fcksek tutmak.<\/li>\n<\/ul>\n<\/div><\/div><\/div><div class=\"fusion-layout-column fusion_builder_column fusion-builder-column-2 fusion_builder_column_1_2 1_2 fusion-flex-column\" style=\"--awb-bg-size:cover;--awb-width-large:50%;--awb-margin-top-large:0px;--awb-spacing-right-large:3.84%;--awb-margin-bottom-large:20px;--awb-spacing-left-large:3.84%;--awb-width-medium:100%;--awb-order-medium:0;--awb-spacing-right-medium:1.92%;--awb-spacing-left-medium:1.92%;--awb-width-small:100%;--awb-order-small:0;--awb-spacing-right-small:1.92%;--awb-spacing-left-small:1.92%;\"><div class=\"fusion-column-wrapper fusion-column-has-shadow fusion-flex-justify-content-flex-start fusion-content-layout-column\"><div class=\"fusion-image-element\" style=\"--awb-aspect-ratio: 100 \/ 72;--awb-caption-title-font-family:var(--h2_typography-font-family);--awb-caption-title-font-weight:var(--h2_typography-font-weight);--awb-caption-title-font-style:var(--h2_typography-font-style);--awb-caption-title-size:var(--h2_typography-font-size);--awb-caption-title-transform:var(--h2_typography-text-transform);--awb-caption-title-line-height:var(--h2_typography-line-height);--awb-caption-title-letter-spacing:var(--h2_typography-letter-spacing);\"><span class=\"fusion-imageframe imageframe-none imageframe-1 hover-type-none has-aspect-ratio\"><img decoding=\"async\" width=\"300\" height=\"210\" src=\"https:\/\/gazbeton.kcs.com.tr\/wp-content\/uploads\/2025\/10\/Politika-1-600x420-1.jpg\" data-orig-src=\"https:\/\/gazbeton.kcs.com.tr\/wp-content\/uploads\/2025\/10\/Politika-1-600x420-1-300x210.jpg\" class=\"lazyload img-responsive wp-image-5509 img-with-aspect-ratio\" data-parent-fit=\"cover\" data-parent-container=\".fusion-image-element\" alt srcset=\"data:image\/svg+xml,%3Csvg%20xmlns%3D%27http%3A%2F%2Fwww.w3.org%2F2000%2Fsvg%27%20width%3D%27600%27%20height%3D%27420%27%20viewBox%3D%270%200%20600%20420%27%3E%3Crect%20width%3D%27600%27%20height%3D%27420%27%20fill-opacity%3D%220%22%2F%3E%3C%2Fsvg%3E\" data-srcset=\"https:\/\/gazbeton.kcs.com.tr\/wp-content\/uploads\/2025\/10\/Politika-1-600x420-1-200x140.jpg 200w, https:\/\/gazbeton.kcs.com.tr\/wp-content\/uploads\/2025\/10\/Politika-1-600x420-1-400x280.jpg 400w, https:\/\/gazbeton.kcs.com.tr\/wp-content\/uploads\/2025\/10\/Politika-1-600x420-1.jpg 600w\" data-sizes=\"auto\" data-orig-sizes=\"(max-width: 1024px) 100vw, (max-width: 640px) 100vw, 300px\" \/><\/span><\/div><\/div><\/div><div class=\"fusion-layout-column fusion_builder_column fusion-builder-column-3 fusion_builder_column_1_2 1_2 fusion-flex-column\" style=\"--awb-bg-size:cover;--awb-width-large:50%;--awb-margin-top-large:0px;--awb-spacing-right-large:3.84%;--awb-margin-bottom-large:20px;--awb-spacing-left-large:3.84%;--awb-width-medium:100%;--awb-order-medium:0;--awb-spacing-right-medium:1.92%;--awb-spacing-left-medium:1.92%;--awb-width-small:100%;--awb-order-small:0;--awb-spacing-right-small:1.92%;--awb-spacing-left-small:1.92%;\"><div class=\"fusion-column-wrapper fusion-column-has-shadow fusion-flex-justify-content-flex-start fusion-content-layout-column\"><div class=\"fusion-image-element\" style=\"--awb-aspect-ratio: 100 \/ 65;--awb-caption-title-font-family:var(--h2_typography-font-family);--awb-caption-title-font-weight:var(--h2_typography-font-weight);--awb-caption-title-font-style:var(--h2_typography-font-style);--awb-caption-title-size:var(--h2_typography-font-size);--awb-caption-title-transform:var(--h2_typography-text-transform);--awb-caption-title-line-height:var(--h2_typography-line-height);--awb-caption-title-letter-spacing:var(--h2_typography-letter-spacing);\"><span class=\"fusion-imageframe imageframe-none imageframe-2 hover-type-none has-aspect-ratio\"><img decoding=\"async\" width=\"300\" height=\"200\" src=\"https:\/\/gazbeton.kcs.com.tr\/wp-content\/uploads\/2025\/10\/Politika-2-1-600x400-1.jpg\" data-orig-src=\"https:\/\/gazbeton.kcs.com.tr\/wp-content\/uploads\/2025\/10\/Politika-2-1-600x400-1-300x200.jpg\" class=\"lazyload img-responsive wp-image-5510 img-with-aspect-ratio\" data-parent-fit=\"cover\" data-parent-container=\".fusion-image-element\" alt srcset=\"data:image\/svg+xml,%3Csvg%20xmlns%3D%27http%3A%2F%2Fwww.w3.org%2F2000%2Fsvg%27%20width%3D%27600%27%20height%3D%27400%27%20viewBox%3D%270%200%20600%20400%27%3E%3Crect%20width%3D%27600%27%20height%3D%27400%27%20fill-opacity%3D%220%22%2F%3E%3C%2Fsvg%3E\" data-srcset=\"https:\/\/gazbeton.kcs.com.tr\/wp-content\/uploads\/2025\/10\/Politika-2-1-600x400-1-200x133.jpg 200w, https:\/\/gazbeton.kcs.com.tr\/wp-content\/uploads\/2025\/10\/Politika-2-1-600x400-1-400x267.jpg 400w, https:\/\/gazbeton.kcs.com.tr\/wp-content\/uploads\/2025\/10\/Politika-2-1-600x400-1.jpg 600w\" data-sizes=\"auto\" data-orig-sizes=\"(max-width: 1024px) 100vw, (max-width: 640px) 100vw, 300px\" \/><\/span><\/div><\/div><\/div><div class=\"fusion-layout-column fusion_builder_column fusion-builder-column-4 fusion_builder_column_1_2 1_2 fusion-flex-column\" style=\"--awb-bg-size:cover;--awb-width-large:50%;--awb-margin-top-large:0px;--awb-spacing-right-large:3.84%;--awb-margin-bottom-large:20px;--awb-spacing-left-large:3.84%;--awb-width-medium:100%;--awb-order-medium:0;--awb-spacing-right-medium:1.92%;--awb-spacing-left-medium:1.92%;--awb-width-small:100%;--awb-order-small:0;--awb-spacing-right-small:1.92%;--awb-spacing-left-small:1.92%;\"><div class=\"fusion-column-wrapper fusion-column-has-shadow fusion-flex-justify-content-flex-start fusion-content-layout-column\"><div class=\"fusion-text fusion-text-2\" style=\"--awb-font-size:14px;--awb-text-color:#003087;--awb-text-font-family:&quot;Poppins&quot;;--awb-text-font-style:normal;--awb-text-font-weight:400;\"><p><strong>Hedeflerimiz;<\/strong><\/p>\n<ul>\n<li>Her seviyeden \u00e7al\u0131\u015fan\u0131m\u0131z\u0131n Kurum Kimli\u011fini benimsetmek,<\/li>\n<li>Ortak vizyon alt\u0131nda yetkin hale getirmek,<\/li>\n<li>\u00c7al\u0131\u015fanlar\u0131n mesleki geli\u015fiminin yan\u0131nda ki\u015fisel geli\u015fimine ve liderlik geli\u015fimine destek \u00e7\u00f6z\u00fcmler \u00fcretmek,<\/li>\n<\/ul>\n<p>Bu kazan\u0131mlar\u0131n i\u015f sonu\u00e7lar\u0131na yans\u0131mas\u0131n\u0131 takip etmek. Bu do\u011frultuda \u00e7al\u0131\u015fanlar\u0131m\u0131za e\u011fitimler vermeye \u00e7al\u0131\u015f\u0131yoruz.<\/p>\n<p><strong>Yeni i\u015f ba\u015f\u0131 yapan \u00e7al\u0131\u015fanlar\u0131m\u0131za verdi\u011fimiz e\u011fitimler;<\/strong><\/p>\n<ul>\n<li>Oryantasyon Bilgilendirme E\u011fitimi<\/li>\n<li>\u0130\u015f Sa\u011fl\u0131\u011f\u0131 ve G\u00fcvenli\u011fi E\u011fitimi<\/li>\n<li>\u00c7evre Bilin\u00e7lendirme ve At\u0131k Y\u00f6netimi E\u011fitimi<\/li>\n<li>Entegre Y\u00f6netim Sistemi Bilin\u00e7lendirme E\u011fitimi<\/li>\n<\/ul>\n<\/div><\/div><\/div><\/div><\/div>","protected":false},"excerpt":{"rendered":"","protected":false},"author":1,"featured_media":0,"parent":0,"menu_order":0,"comment_status":"closed","ping_status":"closed","template":"","meta":{"footnotes":""},"class_list":["post-5319","page","type-page","status-publish","hentry"],"_links":{"self":[{"href":"https:\/\/gazbeton.kcs.com.tr\/en\/wp-json\/wp\/v2\/pages\/5319","targetHints":{"allow":["GET"]}}],"collection":[{"href":"https:\/\/gazbeton.kcs.com.tr\/en\/wp-json\/wp\/v2\/pages"}],"about":[{"href":"https:\/\/gazbeton.kcs.com.tr\/en\/wp-json\/wp\/v2\/types\/page"}],"author":[{"embeddable":true,"href":"https:\/\/gazbeton.kcs.com.tr\/en\/wp-json\/wp\/v2\/users\/1"}],"replies":[{"embeddable":true,"href":"https:\/\/gazbeton.kcs.com.tr\/en\/wp-json\/wp\/v2\/comments?post=5319"}],"version-history":[{"count":3,"href":"https:\/\/gazbeton.kcs.com.tr\/en\/wp-json\/wp\/v2\/pages\/5319\/revisions"}],"predecessor-version":[{"id":5511,"href":"https:\/\/gazbeton.kcs.com.tr\/en\/wp-json\/wp\/v2\/pages\/5319\/revisions\/5511"}],"wp:attachment":[{"href":"https:\/\/gazbeton.kcs.com.tr\/en\/wp-json\/wp\/v2\/media?parent=5319"}],"curies":[{"name":"wp","href":"https:\/\/api.w.org\/{rel}","templated":true}]}}