{"id":5291,"date":"2025-10-24T17:40:08","date_gmt":"2025-10-24T14:40:08","guid":{"rendered":"https:\/\/gazbeton.kcs.com.tr\/?page_id=5291"},"modified":"2025-10-27T13:58:14","modified_gmt":"2025-10-27T10:58:14","slug":"cevreye-saygi","status":"publish","type":"page","link":"https:\/\/gazbeton.kcs.com.tr\/en\/cevreye-saygi\/","title":{"rendered":"\u00c7evreye Sayg\u0131"},"content":{"rendered":"<div class=\"fusion-fullwidth fullwidth-box fusion-builder-row-1 fusion-flex-container has-pattern-background has-mask-background nonhundred-percent-fullwidth non-hundred-percent-height-scrolling\" style=\"--awb-border-radius-top-left:0px;--awb-border-radius-top-right:0px;--awb-border-radius-bottom-right:0px;--awb-border-radius-bottom-left:0px;--awb-flex-wrap:wrap;\" ><div class=\"fusion-builder-row fusion-row fusion-flex-align-items-flex-start fusion-flex-content-wrap\" style=\"max-width:1216.8px;margin-left: calc(-4% \/ 2 );margin-right: calc(-4% \/ 2 );\"><div class=\"fusion-layout-column fusion_builder_column fusion-builder-column-0 fusion_builder_column_1_1 1_1 fusion-flex-column\" style=\"--awb-bg-size:cover;--awb-width-large:100%;--awb-margin-top-large:0px;--awb-spacing-right-large:1.92%;--awb-margin-bottom-large:20px;--awb-spacing-left-large:1.92%;--awb-width-medium:100%;--awb-order-medium:0;--awb-spacing-right-medium:1.92%;--awb-spacing-left-medium:1.92%;--awb-width-small:100%;--awb-order-small:0;--awb-spacing-right-small:1.92%;--awb-spacing-left-small:1.92%;\"><div class=\"fusion-column-wrapper fusion-column-has-shadow fusion-flex-justify-content-flex-start fusion-content-layout-column\"><div class=\"fusion-title title fusion-title-1 fusion-title-text fusion-title-size-one\" style=\"--awb-text-color:#003087;--awb-sep-color:#c8a977;--awb-font-size:35px;\"><div class=\"title-sep-container title-sep-container-left fusion-no-large-visibility fusion-no-medium-visibility fusion-no-small-visibility\"><div class=\"title-sep sep-single sep-solid\" style=\"border-color:#c8a977;\"><\/div><\/div><span class=\"awb-title-spacer fusion-no-large-visibility fusion-no-medium-visibility fusion-no-small-visibility\"><\/span><h1 class=\"fusion-title-heading title-heading-left fusion-responsive-typography-calculated\" style=\"font-family:&quot;Poppins&quot;;font-style:normal;font-weight:400;margin:0;text-transform:capitalize;font-size:1em;--fontSize:35;line-height:var(--awb-typography1-line-height);\">\u00c7EVREYE SAYGI<\/h1><span class=\"awb-title-spacer\"><\/span><div class=\"title-sep-container title-sep-container-right\"><div class=\"title-sep sep-single sep-solid\" style=\"border-color:#c8a977;\"><\/div><\/div><\/div><\/div><\/div><div class=\"fusion-layout-column fusion_builder_column fusion-builder-column-1 fusion_builder_column_1_2 1_2 fusion-flex-column\" style=\"--awb-bg-size:cover;--awb-width-large:50%;--awb-margin-top-large:0px;--awb-spacing-right-large:3.84%;--awb-margin-bottom-large:20px;--awb-spacing-left-large:3.84%;--awb-width-medium:100%;--awb-order-medium:0;--awb-spacing-right-medium:1.92%;--awb-spacing-left-medium:1.92%;--awb-width-small:100%;--awb-order-small:0;--awb-spacing-right-small:1.92%;--awb-spacing-left-small:1.92%;\"><div class=\"fusion-column-wrapper fusion-column-has-shadow fusion-flex-justify-content-flex-start fusion-content-layout-column\"><div class=\"fusion-text fusion-text-1\" style=\"--awb-font-size:14px;--awb-text-color:#003087;--awb-text-font-family:&quot;Poppins&quot;;--awb-text-font-style:normal;--awb-text-font-weight:400;\"><p><strong>K\u00c7S Kipa\u015f Gazbeton;<\/strong><\/p>\n<p>\u00dcretimde \u00e7evreci yakla\u015f\u0131m olarak \u00c7evre Y\u00f6netim Birimi\u2019ni kurmu\u015f ve ISO 14001 \u00c7evre Y\u00f6netim Sistemi Belgesi alm\u0131\u015ft\u0131r.&nbsp;<br \/>\u2022&nbsp;&nbsp; &nbsp;Ayn\u0131 zamanda ISO 50001 Enerji Y\u00f6netim Sistemi Belgesi sahibidir.<br \/>\u2022&nbsp;&nbsp; &nbsp;\u0130hracat a\u00e7\u0131s\u0131ndan da \u00e7ok \u00f6nemli olan Green Label (Ye\u015fil Etiket) Belgesi sahibidir.<\/p>\n<p><strong>Gazbeton \u00dcretiminde;<\/strong><br \/>\u2022&nbsp;&nbsp; &nbsp;Zirai ve\/veya tar\u0131msal toprak kullan\u0131lmaz,<br \/>\u2022&nbsp;&nbsp; &nbsp;Radyoaktif element i\u00e7eren hi\u00e7 bir \u00fcr\u00fcn kullan\u0131lmaz,<br \/>\u2022&nbsp;&nbsp; &nbsp;\u00dcretim s\u0131ras\u0131nda ortama herhangi bir bi\u00e7imde zararl\u0131 ve\/veya zehirli gaz sal\u0131n\u0131m\u0131 olmaz.<\/p>\n<p><strong>Gazbeton bile\u015fenleri;<\/strong><br \/>\u00d6\u011f\u00fct\u00fclm\u00fc\u015f kuvarsit, Al\u00e7\u0131 Ta\u015f\u0131, \u00c7imento, Kire\u00e7, Geri d\u00f6n\u00fc\u015ft\u00fcr\u00fclen Gazbeton, Su ve Aluminyum Macunu olup t\u00fcm\u00fcyle do\u011fal malzemedir.<\/p>\n<p>Yukar\u0131da ki hammaddeler uygun oranlarda kar\u0131\u015ft\u0131r\u0131larak kal\u0131plara al\u0131n\u0131r, kar\u0131\u015f\u0131m reaksiyona girmeye ba\u015flar. Reaksiyon s\u0131ras\u0131nda olu\u015fan hidrojen gaz\u0131, kal\u0131p i\u00e7erisindeki kek k\u0131vam\u0131ndaki yar\u0131 mamul \u00fcr\u00fcnde g\u00f6zenekler olu\u015fturur. Olu\u015fum sonras\u0131 hidrojen gaz\u0131 hi\u00e7bir at\u0131k miktar\u0131 b\u0131rakmadan kal\u0131b\u0131 terk eder. Kek olu\u015furken 0,5 &#8211; 1,5 mm g\u00f6zenekler hava ile dolar. Kal\u0131p i\u00e7erisinde olgunla\u015fan Gazbeton kekleri otoklavlarda, 190\u02da C\u2019 de &nbsp;5 &#8211; 12 saat boyunca 12 bar bas\u0131n\u00e7 alt\u0131nda buhar k\u00fcr\u00fcne tabi tutulur.<\/p>\n<\/div><\/div><\/div><div class=\"fusion-layout-column fusion_builder_column fusion-builder-column-2 fusion_builder_column_1_2 1_2 fusion-flex-column\" style=\"--awb-bg-size:cover;--awb-width-large:50%;--awb-margin-top-large:0px;--awb-spacing-right-large:3.84%;--awb-margin-bottom-large:20px;--awb-spacing-left-large:3.84%;--awb-width-medium:100%;--awb-order-medium:0;--awb-spacing-right-medium:1.92%;--awb-spacing-left-medium:1.92%;--awb-width-small:100%;--awb-order-small:0;--awb-spacing-right-small:1.92%;--awb-spacing-left-small:1.92%;\"><div class=\"fusion-column-wrapper fusion-column-has-shadow fusion-flex-justify-content-flex-start fusion-content-layout-column\"><div class=\"fusion-image-element\" style=\"--awb-aspect-ratio: 100 \/ 92;--awb-caption-title-font-family:var(--h2_typography-font-family);--awb-caption-title-font-weight:var(--h2_typography-font-weight);--awb-caption-title-font-style:var(--h2_typography-font-style);--awb-caption-title-size:var(--h2_typography-font-size);--awb-caption-title-transform:var(--h2_typography-text-transform);--awb-caption-title-line-height:var(--h2_typography-line-height);--awb-caption-title-letter-spacing:var(--h2_typography-letter-spacing);\"><span class=\"fusion-imageframe imageframe-none imageframe-1 hover-type-none has-aspect-ratio\"><img decoding=\"async\" width=\"300\" height=\"278\" src=\"https:\/\/gazbeton.kcs.com.tr\/wp-content\/uploads\/2025\/10\/Cevreye-Saygi1-600x555-1.jpg\" data-orig-src=\"https:\/\/gazbeton.kcs.com.tr\/wp-content\/uploads\/2025\/10\/Cevreye-Saygi1-600x555-1-300x278.jpg\" class=\"lazyload img-responsive wp-image-5412 img-with-aspect-ratio\" data-parent-fit=\"cover\" data-parent-container=\".fusion-image-element\" alt srcset=\"data:image\/svg+xml,%3Csvg%20xmlns%3D%27http%3A%2F%2Fwww.w3.org%2F2000%2Fsvg%27%20width%3D%27600%27%20height%3D%27555%27%20viewBox%3D%270%200%20600%20555%27%3E%3Crect%20width%3D%27600%27%20height%3D%27555%27%20fill-opacity%3D%220%22%2F%3E%3C%2Fsvg%3E\" data-srcset=\"https:\/\/gazbeton.kcs.com.tr\/wp-content\/uploads\/2025\/10\/Cevreye-Saygi1-600x555-1-200x185.jpg 200w, https:\/\/gazbeton.kcs.com.tr\/wp-content\/uploads\/2025\/10\/Cevreye-Saygi1-600x555-1-400x370.jpg 400w, https:\/\/gazbeton.kcs.com.tr\/wp-content\/uploads\/2025\/10\/Cevreye-Saygi1-600x555-1.jpg 600w\" data-sizes=\"auto\" data-orig-sizes=\"(max-width: 1024px) 100vw, (max-width: 640px) 100vw, 300px\" \/><\/span><\/div><\/div><\/div><div class=\"fusion-layout-column fusion_builder_column fusion-builder-column-3 fusion_builder_column_1_1 1_1 fusion-flex-column\" style=\"--awb-bg-size:cover;--awb-width-large:100%;--awb-margin-top-large:0px;--awb-spacing-right-large:1.92%;--awb-margin-bottom-large:20px;--awb-spacing-left-large:1.92%;--awb-width-medium:100%;--awb-order-medium:0;--awb-spacing-right-medium:1.92%;--awb-spacing-left-medium:1.92%;--awb-width-small:100%;--awb-order-small:0;--awb-spacing-right-small:1.92%;--awb-spacing-left-small:1.92%;\"><div class=\"fusion-column-wrapper fusion-column-has-shadow fusion-flex-justify-content-flex-start fusion-content-layout-column\"><div class=\"fusion-text fusion-text-2\" style=\"--awb-font-size:14px;--awb-text-color:#003087;--awb-text-font-family:&quot;Poppins&quot;;--awb-text-font-style:normal;--awb-text-font-weight:400;\"><p>Bu i\u015flemler sonucunda elde edilen \u00fcr\u00fcnler paketlenerek piyasaya sunulmak \u00fczere stoklan\u0131r. Kalite kontrol taraf\u0131ndan nihai \u00fcr\u00fcnler \u00fczerinde yap\u0131lan son denetimler bitti\u011finde sat\u0131\u015fa arz edilir.<\/p>\n<p>K\u00c7S Kipa\u015f Gazbeton yaln\u0131zca \u00fcretim a\u015famas\u0131nda de\u011fil \u00fcr\u00fcnleri ile de \u00e7evreyi korumay\u0131 g\u00f6rev edinmi\u015ftir. Bu ama\u00e7la, Gazbeton Sanayisinde &nbsp;ilk ve tek 0,086 W\/m.K \u0131s\u0131l iletkenlik de\u011ferinde \u00fcr\u00fcn \u00fcreterek ayn\u0131 duvar\u0131 % 20-25 enerji tasarrufu ile sunmaktad\u0131r.<\/p>\n<p><strong>Hayat\u0131n Devam\u0131 \u0130\u00e7in \u00c7evreye Duyarl\u0131y\u0131z,<\/strong><br \/>Kaliteli ve verimli \u00fcretimi, \u00fcretirken tasarruf etmeyi, \u00e7evreye etkiyi en aza indirmeyi ve do\u011fay\u0131 korumay\u0131 hedefledik. Bu ama\u00e7la ilk kurulum a\u015famas\u0131ndan g\u00fcn\u00fcm\u00fcze kadar bu politikaya uygun ekipmanlar kulland\u0131k. Teknolojik geli\u015fmeleri yak\u0131ndan takip ederek verimlili\u011fi ve kaliteyi artt\u0131ran, enerji tasarrufu sa\u011flayan ve \u00e7evreyi korumak i\u00e7in gerekli olan her t\u00fcrl\u00fc geli\u015fmeye yat\u0131r\u0131m yapt\u0131k ve yapmaya devam ediyoruz.<\/p>\n<\/div><\/div><\/div><\/div><\/div>","protected":false},"excerpt":{"rendered":"","protected":false},"author":1,"featured_media":0,"parent":0,"menu_order":0,"comment_status":"closed","ping_status":"closed","template":"","meta":{"footnotes":""},"class_list":["post-5291","page","type-page","status-publish","hentry"],"_links":{"self":[{"href":"https:\/\/gazbeton.kcs.com.tr\/en\/wp-json\/wp\/v2\/pages\/5291","targetHints":{"allow":["GET"]}}],"collection":[{"href":"https:\/\/gazbeton.kcs.com.tr\/en\/wp-json\/wp\/v2\/pages"}],"about":[{"href":"https:\/\/gazbeton.kcs.com.tr\/en\/wp-json\/wp\/v2\/types\/page"}],"author":[{"embeddable":true,"href":"https:\/\/gazbeton.kcs.com.tr\/en\/wp-json\/wp\/v2\/users\/1"}],"replies":[{"embeddable":true,"href":"https:\/\/gazbeton.kcs.com.tr\/en\/wp-json\/wp\/v2\/comments?post=5291"}],"version-history":[{"count":2,"href":"https:\/\/gazbeton.kcs.com.tr\/en\/wp-json\/wp\/v2\/pages\/5291\/revisions"}],"predecessor-version":[{"id":5413,"href":"https:\/\/gazbeton.kcs.com.tr\/en\/wp-json\/wp\/v2\/pages\/5291\/revisions\/5413"}],"wp:attachment":[{"href":"https:\/\/gazbeton.kcs.com.tr\/en\/wp-json\/wp\/v2\/media?parent=5291"}],"curies":[{"name":"wp","href":"https:\/\/api.w.org\/{rel}","templated":true}]}}