{"id":5289,"date":"2025-10-24T17:39:53","date_gmt":"2025-10-24T14:39:53","guid":{"rendered":"https:\/\/gazbeton.kcs.com.tr\/?page_id=5289"},"modified":"2025-10-27T13:54:35","modified_gmt":"2025-10-27T10:54:35","slug":"kalite-yaklasimi","status":"publish","type":"page","link":"https:\/\/gazbeton.kcs.com.tr\/en\/kalite-yaklasimi\/","title":{"rendered":"Kalite Yakla\u015f\u0131m\u0131"},"content":{"rendered":"<div class=\"fusion-fullwidth fullwidth-box fusion-builder-row-1 fusion-flex-container has-pattern-background has-mask-background nonhundred-percent-fullwidth non-hundred-percent-height-scrolling\" style=\"--awb-border-radius-top-left:0px;--awb-border-radius-top-right:0px;--awb-border-radius-bottom-right:0px;--awb-border-radius-bottom-left:0px;--awb-flex-wrap:wrap;\" ><div class=\"fusion-builder-row fusion-row fusion-flex-align-items-flex-start fusion-flex-content-wrap\" style=\"max-width:1216.8px;margin-left: calc(-4% \/ 2 );margin-right: calc(-4% \/ 2 );\"><div class=\"fusion-layout-column fusion_builder_column fusion-builder-column-0 fusion_builder_column_1_1 1_1 fusion-flex-column\" style=\"--awb-bg-size:cover;--awb-width-large:100%;--awb-margin-top-large:0px;--awb-spacing-right-large:1.92%;--awb-margin-bottom-large:20px;--awb-spacing-left-large:1.92%;--awb-width-medium:100%;--awb-order-medium:0;--awb-spacing-right-medium:1.92%;--awb-spacing-left-medium:1.92%;--awb-width-small:100%;--awb-order-small:0;--awb-spacing-right-small:1.92%;--awb-spacing-left-small:1.92%;\"><div class=\"fusion-column-wrapper fusion-column-has-shadow fusion-flex-justify-content-flex-start fusion-content-layout-column\"><div class=\"fusion-title title fusion-title-1 fusion-title-text fusion-title-size-one\" style=\"--awb-text-color:#003087;--awb-sep-color:#c8a977;--awb-font-size:35px;\"><div class=\"title-sep-container title-sep-container-left fusion-no-large-visibility fusion-no-medium-visibility fusion-no-small-visibility\"><div class=\"title-sep sep-single sep-solid\" style=\"border-color:#c8a977;\"><\/div><\/div><span class=\"awb-title-spacer fusion-no-large-visibility fusion-no-medium-visibility fusion-no-small-visibility\"><\/span><h1 class=\"fusion-title-heading title-heading-left fusion-responsive-typography-calculated\" style=\"font-family:&quot;Poppins&quot;;font-style:normal;font-weight:400;margin:0;text-transform:capitalize;font-size:1em;--fontSize:35;line-height:var(--awb-typography1-line-height);\">KAL\u0130TE YAKLA\u015eIMI<\/h1><span class=\"awb-title-spacer\"><\/span><div class=\"title-sep-container title-sep-container-right\"><div class=\"title-sep sep-single sep-solid\" style=\"border-color:#c8a977;\"><\/div><\/div><\/div><\/div><\/div><div class=\"fusion-layout-column fusion_builder_column fusion-builder-column-1 fusion_builder_column_1_2 1_2 fusion-flex-column\" style=\"--awb-bg-size:cover;--awb-width-large:50%;--awb-margin-top-large:0px;--awb-spacing-right-large:3.84%;--awb-margin-bottom-large:20px;--awb-spacing-left-large:3.84%;--awb-width-medium:100%;--awb-order-medium:0;--awb-spacing-right-medium:1.92%;--awb-spacing-left-medium:1.92%;--awb-width-small:100%;--awb-order-small:0;--awb-spacing-right-small:1.92%;--awb-spacing-left-small:1.92%;\"><div class=\"fusion-column-wrapper fusion-column-has-shadow fusion-flex-justify-content-flex-start fusion-content-layout-column\"><div class=\"fusion-text fusion-text-1\" style=\"--awb-font-size:14px;--awb-text-color:#003087;--awb-text-font-family:&quot;Poppins&quot;;--awb-text-font-style:normal;--awb-text-font-weight:400;\"><p><strong>Tasar\u0131mc\u0131ya \u00f6zg\u00fcrl\u00fck, Yap\u0131mc\u0131ya Maliyet Avantaj\u0131, Kullan\u0131c\u0131ya Emniyet ve Konfor Sunan \u00dcr\u00fcnleri \u0130\u00e7in:<\/strong><br \/>T\u00fcm \u00e7al\u0131\u015fmalar\u0131m\u0131z ile ba\u015fta \u0130nsan olmak \u00fczere her t\u00fcrl\u00fc canl\u0131n\u0131n sa\u011fl\u0131\u011f\u0131na de\u011fer veren \u00fcretim sistemleri kurmak ve s\u00fcrd\u00fcr\u00fclebilir k\u0131lmak K\u00c7S Kipa\u015f Gazbeton&#8217;un \u00f6nceli\u011fidir,<\/p>\n<p><strong>Bu Kapsamda, Entegre Y\u00f6netim Sistemi Kuran K\u00c7S Kipa\u015f Gazbeton;<\/strong><\/p>\n<ul>\n<li>S\u00fcrd\u00fcr\u00fclebilirlik yakla\u015f\u0131m\u0131yla, \u00e7evrenin korunmas\u0131, kaynaklar\u0131n etkili kullan\u0131m\u0131 ve at\u0131klar\u0131n geri kazan\u0131m\u0131 ile ilgili her t\u00fcrl\u00fc sorumlulu\u011funu yerine getirir.<\/li>\n<li>\u00dcr\u00fcn izlenebilirli\u011fini; Hammadde-\u00dcretim-T\u00fcketim \u00fc\u00e7geninin her a\u015famas\u0131nda sa\u011flar,&nbsp;<\/li>\n<li>S\u00fcrekli iyile\u015ftirme ve geli\u015ftirme prensibini her a\u015famada uygulayarak, Faaliyetlerinin ve sistemin performans\u0131n\u0131 takip eder, iyile\u015ftirme y\u00f6n\u00fcnde hedef koyar ve bu do\u011frultuda ilerler.&nbsp;<\/li>\n<li>\u0130lk seferde do\u011fruyu yapabilmek i\u00e7in kat\u0131l\u0131mc\u0131 y\u00f6netim anlay\u0131\u015f\u0131yla hareket eder,<\/li>\n<li>S\u00fcrekli de\u011fi\u015ferek geli\u015fen m\u00fc\u015fteri beklentilerine, do\u011fru ve h\u0131zl\u0131 yan\u0131t verebilmek i\u00e7in hedef ve fikir birlikteli\u011fini sa\u011flay\u0131c\u0131 yenilik\u00e7i bak\u0131\u015f a\u00e7\u0131s\u0131n\u0131, \u00fcr\u00fcnlerinde, sistemlerinde ve \u00e7al\u0131\u015fma ortamlar\u0131nda hayata ge\u00e7irir.<\/li>\n<li>G\u00fcvenli makinalar, g\u00fcvenli \u00e7al\u0131\u015fma ortam\u0131, sa\u011fl\u0131kl\u0131 \u00e7al\u0131\u015fan prensibiyle, risk analizleri yap\u0131p y\u00f6neterek s\u0131f\u0131r i\u015f kazas\u0131 hedeflemi\u015ftir,<\/li>\n<li>M\u00fc\u015fterileriyle aras\u0131ndaki g\u00fcveni s\u00fcrd\u00fcrmek i\u00e7in taahh\u00fctleri yerine getirir.<\/li>\n<li>Problemlerin \u00e7\u00f6z\u00fcm\u00fc ile de\u011fi\u015fen m\u00fc\u015fteri taleplerini kar\u015f\u0131lamada \u00f6l\u00e7meye ve bilgiye dayanan uygulamalar\u0131n\u0131 s\u00fcrd\u00fcr\u00fcr.&nbsp;<\/li>\n<li>Yasalara ve etik de\u011ferlere uygun davran\u0131r. Kurumsal sorumluluk bilinciyle projeler \u00fcretir ve hayata ge\u00e7irir.<\/li>\n<li>T\u00fcm \u00e7al\u0131\u015fanlar\u0131 ve payda\u015flar\u0131 ile yukar\u0131daki ilkelere uymak i\u00e7in gerekli e\u015fg\u00fcd\u00fcm ve sorumluluk bilinciyle \u00e7al\u0131\u015f\u0131r.<\/li>\n<\/ul>\n<\/div><\/div><\/div><div class=\"fusion-layout-column fusion_builder_column fusion-builder-column-2 fusion_builder_column_1_2 1_2 fusion-flex-column\" style=\"--awb-bg-size:cover;--awb-width-large:50%;--awb-margin-top-large:0px;--awb-spacing-right-large:3.84%;--awb-margin-bottom-large:20px;--awb-spacing-left-large:3.84%;--awb-width-medium:100%;--awb-order-medium:0;--awb-spacing-right-medium:1.92%;--awb-spacing-left-medium:1.92%;--awb-width-small:100%;--awb-order-small:0;--awb-spacing-right-small:1.92%;--awb-spacing-left-small:1.92%;\"><div class=\"fusion-column-wrapper fusion-column-has-shadow fusion-flex-justify-content-flex-start fusion-content-layout-column\"><div class=\"fusion-image-element\" style=\"--awb-aspect-ratio: 100 \/ 65;--awb-caption-title-font-family:var(--h2_typography-font-family);--awb-caption-title-font-weight:var(--h2_typography-font-weight);--awb-caption-title-font-style:var(--h2_typography-font-style);--awb-caption-title-size:var(--h2_typography-font-size);--awb-caption-title-transform:var(--h2_typography-text-transform);--awb-caption-title-line-height:var(--h2_typography-line-height);--awb-caption-title-letter-spacing:var(--h2_typography-letter-spacing);\"><span class=\"fusion-imageframe imageframe-none imageframe-1 hover-type-none has-aspect-ratio\"><img decoding=\"async\" width=\"300\" height=\"194\" src=\"https:\/\/gazbeton.kcs.com.tr\/wp-content\/uploads\/2025\/10\/Kalite-Yaklasimi-1-600x387-1.jpg\" data-orig-src=\"https:\/\/gazbeton.kcs.com.tr\/wp-content\/uploads\/2025\/10\/Kalite-Yaklasimi-1-600x387-1-300x194.jpg\" class=\"lazyload img-responsive wp-image-5410 img-with-aspect-ratio\" data-parent-fit=\"cover\" data-parent-container=\".fusion-image-element\" alt srcset=\"data:image\/svg+xml,%3Csvg%20xmlns%3D%27http%3A%2F%2Fwww.w3.org%2F2000%2Fsvg%27%20width%3D%27600%27%20height%3D%27387%27%20viewBox%3D%270%200%20600%20387%27%3E%3Crect%20width%3D%27600%27%20height%3D%27387%27%20fill-opacity%3D%220%22%2F%3E%3C%2Fsvg%3E\" data-srcset=\"https:\/\/gazbeton.kcs.com.tr\/wp-content\/uploads\/2025\/10\/Kalite-Yaklasimi-1-600x387-1-200x129.jpg 200w, https:\/\/gazbeton.kcs.com.tr\/wp-content\/uploads\/2025\/10\/Kalite-Yaklasimi-1-600x387-1-400x258.jpg 400w, https:\/\/gazbeton.kcs.com.tr\/wp-content\/uploads\/2025\/10\/Kalite-Yaklasimi-1-600x387-1.jpg 600w\" data-sizes=\"auto\" data-orig-sizes=\"(max-width: 1024px) 100vw, (max-width: 640px) 100vw, 300px\" \/><\/span><\/div><\/div><\/div><\/div><\/div>","protected":false},"excerpt":{"rendered":"","protected":false},"author":1,"featured_media":0,"parent":0,"menu_order":0,"comment_status":"closed","ping_status":"closed","template":"","meta":{"footnotes":""},"class_list":["post-5289","page","type-page","status-publish","hentry"],"_links":{"self":[{"href":"https:\/\/gazbeton.kcs.com.tr\/en\/wp-json\/wp\/v2\/pages\/5289","targetHints":{"allow":["GET"]}}],"collection":[{"href":"https:\/\/gazbeton.kcs.com.tr\/en\/wp-json\/wp\/v2\/pages"}],"about":[{"href":"https:\/\/gazbeton.kcs.com.tr\/en\/wp-json\/wp\/v2\/types\/page"}],"author":[{"embeddable":true,"href":"https:\/\/gazbeton.kcs.com.tr\/en\/wp-json\/wp\/v2\/users\/1"}],"replies":[{"embeddable":true,"href":"https:\/\/gazbeton.kcs.com.tr\/en\/wp-json\/wp\/v2\/comments?post=5289"}],"version-history":[{"count":2,"href":"https:\/\/gazbeton.kcs.com.tr\/en\/wp-json\/wp\/v2\/pages\/5289\/revisions"}],"predecessor-version":[{"id":5411,"href":"https:\/\/gazbeton.kcs.com.tr\/en\/wp-json\/wp\/v2\/pages\/5289\/revisions\/5411"}],"wp:attachment":[{"href":"https:\/\/gazbeton.kcs.com.tr\/en\/wp-json\/wp\/v2\/media?parent=5289"}],"curies":[{"name":"wp","href":"https:\/\/api.w.org\/{rel}","templated":true}]}}