{"id":3361,"date":"2021-04-19T13:49:12","date_gmt":"2021-04-19T13:49:12","guid":{"rendered":"https:\/\/avadawebsites.wpengine.com\/classic\/?page_id=3361"},"modified":"2025-11-11T11:47:21","modified_gmt":"2025-11-11T08:47:21","slug":"classic-home","status":"publish","type":"page","link":"https:\/\/gazbeton.kcs.com.tr\/en\/","title":{"rendered":"Classic Home"},"content":{"rendered":"<div class=\"fusion-fullwidth fullwidth-box fusion-builder-row-1 fusion-flex-container nonhundred-percent-fullwidth non-hundred-percent-height-scrolling\" style=\"--link_hover_color: var(--awb-color5);--link_color: var(--awb-color5);--awb-border-color:var(--awb-color1);--awb-border-radius-top-left:0px;--awb-border-radius-top-right:0px;--awb-border-radius-bottom-right:0px;--awb-border-radius-bottom-left:0px;--awb-padding-top-small:70px;--awb-padding-right-small:40px;--awb-padding-bottom-small:70px;--awb-padding-left-small:40px;--awb-margin-bottom-medium:80px;--awb-margin-bottom-small:60px;--awb-flex-wrap:wrap;\" ><div class=\"fusion-builder-row fusion-row fusion-flex-align-items-center fusion-flex-content-wrap\" style=\"max-width:1216.8px;margin-left: calc(-4% \/ 2 );margin-right: calc(-4% \/ 2 );\"><div class=\"fusion-layout-column fusion_builder_column fusion-builder-column-0 fusion_builder_column_1_1 1_1 fusion-flex-column fusion-animated\" style=\"--awb-padding-bottom-medium:0px;--awb-bg-size:cover;--awb-width-large:100%;--awb-margin-top-large:0px;--awb-spacing-right-large:1.92%;--awb-margin-bottom-large:85px;--awb-spacing-left-large:1.92%;--awb-width-medium:100%;--awb-order-medium:0;--awb-spacing-right-medium:1.92%;--awb-spacing-left-medium:1.92%;--awb-width-small:100%;--awb-order-small:0;--awb-spacing-right-small:1.92%;--awb-spacing-left-small:1.92%;\" data-animationtype=\"fadeInUp\" data-animationduration=\"1.3\" data-animationoffset=\"top-into-view\"><div class=\"fusion-column-wrapper fusion-column-has-shadow fusion-flex-justify-content-flex-start fusion-content-layout-column\">\n\t\t\t\t<p class=\"rs-p-wp-fix\"><\/p>\n\t\t\t\t<sr7-module data-alias=\"slider-1\" data-id=\"1\" id=\"SR7_1_1\" class=\"rs-ov-hidden\" data-version=\"6.7.38\">\n\t\t\t\t\t<sr7-adjuster><\/sr7-adjuster>\n\t\t\t\t\t<sr7-content>\n\t\t\t\t\t\t<sr7-slide id=\"SR7_1_1-1\" data-key=\"1\">\n\t\t\t\t\t\t\t<sr7-txt id=\"SR7_1_1-1-1\" class=\"sr7-layer\">K\u00c7S Kipa\u015f Gazbeton eviniz i\u00e7in ilk tercihiniz.<\/sr7-txt>\n\t\t\t\t\t\t\t<sr7-txt id=\"SR7_1_1-1-2\" class=\"sr7-layer\">Daha Fazla<\/sr7-txt>\n\t\t\t\t\t\t<\/sr7-slide>\n\t\t\t\t\t\t<sr7-slide id=\"SR7_1_1-4\" data-key=\"4\">\n\t\t\t\t\t\t\t<sr7-txt id=\"SR7_1_1-4-1\" class=\"sr7-layer\">T\u00fcrkiye'nin ilk ve tek UTO Belgeli Donat\u0131l\u0131 Duvar Panellerini \u00dcretiyoruz.<\/sr7-txt>\n\t\t\t\t\t\t\t<sr7-txt id=\"SR7_1_1-4-2\" class=\"sr7-layer\">Daha Fazla<\/sr7-txt>\n\t\t\t\t\t\t\t<sr7-txt id=\"SR7_1_1-4-3\" class=\"sr7-layer\">DONATILI DUVAR PANEL\u0130<\/sr7-txt>\n\t\t\t\t\t\t<\/sr7-slide>\n\t\t\t\t\t\t<sr7-slide id=\"SR7_1_1-5\" data-key=\"5\">\n\t\t\t\t\t\t\t<sr7-txt id=\"SR7_1_1-5-1\" class=\"sr7-layer\">Is\u0131 Yal\u0131t\u0131m Levhas\u0131<\/sr7-txt>\n\t\t\t\t\t\t\t<sr7-txt id=\"SR7_1_1-5-2\" class=\"sr7-layer\">Daha Fazla<\/sr7-txt>\n\t\t\t\t\t\t<\/sr7-slide>\n\t\t\t\t\t\t<sr7-slide id=\"SR7_1_1-6\" data-key=\"6\">\n\t\t\t\t\t\t\t<sr7-txt id=\"SR7_1_1-6-1\" class=\"sr7-layer\">T\u00fcrkiyenin ilk TSE Asmolen Belgesini alan Tesisi olduk.<\/sr7-txt>\n\t\t\t\t\t\t\t<sr7-txt id=\"SR7_1_1-6-2\" class=\"sr7-layer\">Daha Fazla<\/sr7-txt>\n\t\t\t\t\t\t\t<sr7-txt id=\"SR7_1_1-6-3\" class=\"sr7-layer\">ASMOLEN<\/sr7-txt>\n\t\t\t\t\t\t<\/sr7-slide>\n\t\t\t\t\t\t<sr7-slide id=\"SR7_1_1-7\" data-key=\"7\">\n\t\t\t\t\t\t\t<sr7-txt id=\"SR7_1_1-7-3\" class=\"sr7-layer\">A1 YANMAZ YAPI MALZEMES\u0130<\/sr7-txt>\n\t\t\t\t\t\t<\/sr7-slide>\n\t\t\t\t\t\t<sr7-slide id=\"SR7_1_1-8\" data-key=\"8\">\n\t\t\t\t\t\t\t<sr7-txt id=\"SR7_1_1-8-1\" class=\"sr7-layer\">Do\u011fa ile dost \u00fcretim yap\u0131yoruz ve \u00c7evreyi koruyoruz.<\/sr7-txt>\n\t\t\t\t\t\t\t<sr7-txt id=\"SR7_1_1-8-4\" class=\"sr7-layer\">GAZBETON<\/sr7-txt>\n\t\t\t\t\t\t<\/sr7-slide>\n\t\t\t\t\t\t<sr7-slide id=\"SR7_1_1-9\" data-key=\"9\">\n\t\t\t\t\t\t\t<sr7-txt id=\"SR7_1_1-9-1\" class=\"sr7-layer\">En d\u00fc\u015f\u00fck \u0131s\u0131 iletim katsay\u0131s\u0131na sahip \u00fcr\u00fcm\u00fczle yan\u0131n\u0131zday\u0131z.<\/sr7-txt>\n\t\t\t\t\t\t\t<sr7-txt id=\"SR7_1_1-9-2\" class=\"sr7-layer\">Daha Fazla<\/sr7-txt>\n\t\t\t\t\t\t\t<sr7-txt id=\"SR7_1_1-9-3\" class=\"sr7-layer\">SO\u011eUK KI\u015e G\u00dcNLER\u0130N\u0130 DERT ETMEY\u0130N<\/sr7-txt>\n\t\t\t\t\t\t<\/sr7-slide>\n\t\t\t\t\t\t<sr7-slide id=\"SR7_1_1-3\" data-key=\"3\">\n\t\t\t\t\t\t<\/sr7-slide>\n\t\t\t\t\t<\/sr7-content>\n\t\t\t\t\t<image_lists style=\"display:none\">\n\t\t\t\t\t\t<img class=\"lazyload\" data-src=\"\/\/gazbeton.kcs.com.tr\/wp-content\/uploads\/2025\/10\/kcskipasgazbeton1-1.jpg\" data-libid=\"5263\" data-lib=\"medialibrary\" width=\"0\" height=\"0\" data-dbsrc=\"Ly9nYXpiZXRvbi5rY3MuY29tLnRyL3dwLWNvbnRlbnQvdXBsb2Fkcy8yMDI1LzEwL2tjc2tpcGFzZ2F6YmV0b24xLTEuanBn\"\/>\n\t\t\t\t\t\t<img class=\"lazyload\" data-src=\"\/\/gazbeton.kcs.com.tr\/wp-content\/uploads\/2025\/10\/teset-1.png\" data-libid=\"5261\" data-lib=\"medialibrary\" width=\"0\" height=\"0\" data-dbsrc=\"Ly9nYXpiZXRvbi5rY3MuY29tLnRyL3dwLWNvbnRlbnQvdXBsb2Fkcy8yMDI1LzEwL3Rlc2V0LTEucG5n\"\/>\n\t\t\t\t\t\t<img class=\"lazyload\" data-src=\"\/\/gazbeton.kcs.com.tr\/wp-content\/uploads\/2025\/10\/kcsthermaxl-1-1.png\" data-libid=\"5262\" data-lib=\"medialibrary\" width=\"0\" height=\"0\" data-dbsrc=\"Ly9nYXpiZXRvbi5rY3MuY29tLnRyL3dwLWNvbnRlbnQvdXBsb2Fkcy8yMDI1LzEwL2tjc3RoZXJtYXhsLTEtMS5wbmc=\"\/>\n\t\t\t\t\t\t<img class=\"lazyload\" data-src=\"\/\/gazbeton.kcs.com.tr\/wp-content\/uploads\/2025\/10\/5c0b6-kcsgazbeton4-1-1.jpg\" data-libid=\"5267\" data-lib=\"medialibrary\" width=\"0\" height=\"0\" data-dbsrc=\"Ly9nYXpiZXRvbi5rY3MuY29tLnRyL3dwLWNvbnRlbnQvdXBsb2Fkcy8yMDI1LzEwLzVjMGI2LWtjc2dhemJldG9uNC0xLTEuanBn\"\/>\n\t\t\t\t\t\t<img class=\"lazyload\" data-src=\"\/\/gazbeton.kcs.com.tr\/wp-content\/uploads\/2025\/10\/a7b11-f1327-alev-alev-1-1.jpg\" data-libid=\"5264\" data-lib=\"medialibrary\" width=\"0\" height=\"0\" data-dbsrc=\"Ly9nYXpiZXRvbi5rY3MuY29tLnRyL3dwLWNvbnRlbnQvdXBsb2Fkcy8yMDI1LzEwL2E3YjExLWYxMzI3LWFsZXYtYWxldi0xLTEuanBn\"\/>\n\t\t\t\t\t\t<img class=\"lazyload\" data-src=\"\/\/gazbeton.kcs.com.tr\/wp-content\/uploads\/2025\/10\/64c29-Gazbeton-saks-1.jpg\" data-libid=\"5265\" data-lib=\"medialibrary\" width=\"0\" height=\"0\" data-dbsrc=\"Ly9nYXpiZXRvbi5rY3MuY29tLnRyL3dwLWNvbnRlbnQvdXBsb2Fkcy8yMDI1LzEwLzY0YzI5LUdhemJldG9uLXNha3MtMS5qcGc=\"\/>\n\t\t\t\t\t\t<img class=\"lazyload\" data-src=\"\/\/gazbeton.kcs.com.tr\/wp-content\/uploads\/2025\/10\/41ba0-32c1a-glo-1-1.jpg\" data-libid=\"5266\" data-lib=\"medialibrary\" width=\"0\" height=\"0\" data-dbsrc=\"Ly9nYXpiZXRvbi5rY3MuY29tLnRyL3dwLWNvbnRlbnQvdXBsb2Fkcy8yMDI1LzEwLzQxYmEwLTMyYzFhLWdsby0xLTEuanBn\"\/>\n\t\t\t\t\t<\/image_lists>\n\t\t\t\t<\/sr7-module>\n\t\t\t\t<script>\n\t\t\t\t\tSR7.PMH ??={}; SR7.PMH[\"SR7_1_1\"] = {cn:100,state:false,fn: function() { if (_tpt!==undefined && _tpt.prepareModuleHeight !== undefined) {  _tpt.prepareModuleHeight({id:\"SR7_1_1\",el:[900,900,768,960,720],type:'standard',shdw:'0',gh:[900,900,743,565,349],gw:[1240,1240,1024,778,480],vpt:['-100px'],size:{fullWidth:true, fullHeight:false},mh:'0',onh:0,onw:0,bg:{color:'{\"orig\":\"transparent\",\"type\":\"solid\",\"string\":\"transparent\"}'}});   SR7.PMH[\"SR7_1_1\"].state=true;} else if(SR7.PMH[\"SR7_1_1\"].cn-->0)\tsetTimeout( SR7.PMH[\"SR7_1_1\"].fn,19);}};SR7.PMH[\"SR7_1_1\" ].fn();\n\t\t\t\t<\/script>\n<\/div><\/div><\/div><\/div>","protected":false},"excerpt":{"rendered":"","protected":false},"author":1,"featured_media":0,"parent":0,"menu_order":0,"comment_status":"closed","ping_status":"closed","template":"100-width.php","meta":{"footnotes":""},"class_list":["post-3361","page","type-page","status-publish","hentry"],"_links":{"self":[{"href":"https:\/\/gazbeton.kcs.com.tr\/en\/wp-json\/wp\/v2\/pages\/3361","targetHints":{"allow":["GET"]}}],"collection":[{"href":"https:\/\/gazbeton.kcs.com.tr\/en\/wp-json\/wp\/v2\/pages"}],"about":[{"href":"https:\/\/gazbeton.kcs.com.tr\/en\/wp-json\/wp\/v2\/types\/page"}],"author":[{"embeddable":true,"href":"https:\/\/gazbeton.kcs.com.tr\/en\/wp-json\/wp\/v2\/users\/1"}],"replies":[{"embeddable":true,"href":"https:\/\/gazbeton.kcs.com.tr\/en\/wp-json\/wp\/v2\/comments?post=3361"}],"version-history":[{"count":4,"href":"https:\/\/gazbeton.kcs.com.tr\/en\/wp-json\/wp\/v2\/pages\/3361\/revisions"}],"predecessor-version":[{"id":5616,"href":"https:\/\/gazbeton.kcs.com.tr\/en\/wp-json\/wp\/v2\/pages\/3361\/revisions\/5616"}],"wp:attachment":[{"href":"https:\/\/gazbeton.kcs.com.tr\/en\/wp-json\/wp\/v2\/media?parent=3361"}],"curies":[{"name":"wp","href":"https:\/\/api.w.org\/{rel}","templated":true}]}}